{"id":856,"date":"2020-09-30T09:41:46","date_gmt":"2020-09-30T07:41:46","guid":{"rendered":"http:\/\/xn--krnerschule-rfb.de\/?page_id=856"},"modified":"2020-11-14T12:29:42","modified_gmt":"2020-11-14T11:29:42","slug":"buecherei","status":"publish","type":"page","link":"https:\/\/xn--krnerschule-rfb.de\/index.php\/buecherei\/","title":{"rendered":"B\u00fccherei"},"content":{"rendered":"\t\t<div data-elementor-type=\"wp-page\" data-elementor-id=\"856\" class=\"elementor elementor-856\">\n\t\t\t\t\t\t<section class=\"elementor-section elementor-top-section elementor-element elementor-element-143092c elementor-section-boxed elementor-section-height-default elementor-section-height-default\" data-id=\"143092c\" data-element_type=\"section\" data-e-type=\"section\">\n\t\t\t\t\t\t<div class=\"elementor-container elementor-column-gap-default\">\n\t\t\t\t\t<div class=\"elementor-column elementor-col-100 elementor-top-column elementor-element elementor-element-ca158ae\" data-id=\"ca158ae\" data-element_type=\"column\" data-e-type=\"column\">\n\t\t\t<div class=\"elementor-widget-wrap elementor-element-populated\">\n\t\t\t\t\t\t<div class=\"elementor-element elementor-element-6d024b6 elementor-widget elementor-widget-text-editor\" data-id=\"6d024b6\" data-element_type=\"widget\" data-e-type=\"widget\" data-widget_type=\"text-editor.default\">\n\t\t\t\t<div class=\"elementor-widget-container\">\n\t\t\t\t\t\t\t\t\t<p><strong>\u201eLesen ist Kino im Kopf!\u201c<\/strong><\/p>\t\t\t\t\t\t\t\t<\/div>\n\t\t\t\t<\/div>\n\t\t\t\t\t<\/div>\n\t\t<\/div>\n\t\t\t\t\t<\/div>\n\t\t<\/section>\n\t\t\t\t<section class=\"elementor-section elementor-top-section elementor-element elementor-element-798aefb elementor-section-boxed elementor-section-height-default elementor-section-height-default\" data-id=\"798aefb\" data-element_type=\"section\" data-e-type=\"section\">\n\t\t\t\t\t\t<div class=\"elementor-container elementor-column-gap-default\">\n\t\t\t\t\t<div class=\"elementor-column elementor-col-33 elementor-top-column elementor-element elementor-element-03f7135\" data-id=\"03f7135\" data-element_type=\"column\" data-e-type=\"column\">\n\t\t\t<div class=\"elementor-widget-wrap elementor-element-populated\">\n\t\t\t\t\t\t<div class=\"elementor-element elementor-element-bb6e780 elementor-widget elementor-widget-image\" data-id=\"bb6e780\" data-element_type=\"widget\" data-e-type=\"widget\" data-widget_type=\"image.default\">\n\t\t\t\t<div class=\"elementor-widget-container\">\n\t\t\t\t\t\t\t\t\t\t\t\t\t\t\t<img fetchpriority=\"high\" decoding=\"async\" width=\"768\" height=\"1024\" src=\"https:\/\/xn--krnerschule-rfb.de\/wp-content\/uploads\/2020\/11\/Buecherei-1-768x1024.jpeg\" class=\"attachment-large size-large wp-image-990\" alt=\"\" srcset=\"https:\/\/xn--krnerschule-rfb.de\/wp-content\/uploads\/2020\/11\/Buecherei-1-768x1024.jpeg 768w, https:\/\/xn--krnerschule-rfb.de\/wp-content\/uploads\/2020\/11\/Buecherei-1-225x300.jpeg 225w, https:\/\/xn--krnerschule-rfb.de\/wp-content\/uploads\/2020\/11\/Buecherei-1-1152x1536.jpeg 1152w, https:\/\/xn--krnerschule-rfb.de\/wp-content\/uploads\/2020\/11\/Buecherei-1.jpeg 1200w\" sizes=\"(max-width: 768px) 100vw, 768px\" \/>\t\t\t\t\t\t\t\t\t\t\t\t\t\t\t<\/div>\n\t\t\t\t<\/div>\n\t\t\t\t\t<\/div>\n\t\t<\/div>\n\t\t\t\t<div class=\"elementor-column elementor-col-33 elementor-top-column elementor-element elementor-element-8741e8d\" data-id=\"8741e8d\" data-element_type=\"column\" data-e-type=\"column\">\n\t\t\t<div class=\"elementor-widget-wrap\">\n\t\t\t\t\t\t\t<\/div>\n\t\t<\/div>\n\t\t\t\t<div class=\"elementor-column elementor-col-33 elementor-top-column elementor-element elementor-element-1483d5c\" data-id=\"1483d5c\" data-element_type=\"column\" data-e-type=\"column\">\n\t\t\t<div class=\"elementor-widget-wrap elementor-element-populated\">\n\t\t\t\t\t\t<div class=\"elementor-element elementor-element-b93d29e elementor-widget elementor-widget-image\" data-id=\"b93d29e\" data-element_type=\"widget\" data-e-type=\"widget\" data-widget_type=\"image.default\">\n\t\t\t\t<div class=\"elementor-widget-container\">\n\t\t\t\t\t\t\t\t\t\t\t\t\t\t\t<img decoding=\"async\" width=\"768\" height=\"576\" src=\"https:\/\/xn--krnerschule-rfb.de\/wp-content\/uploads\/2020\/11\/Buecherei-2-1024x768.jpeg\" class=\"attachment-large size-large wp-image-991\" alt=\"\" srcset=\"https:\/\/xn--krnerschule-rfb.de\/wp-content\/uploads\/2020\/11\/Buecherei-2-1024x768.jpeg 1024w, https:\/\/xn--krnerschule-rfb.de\/wp-content\/uploads\/2020\/11\/Buecherei-2-300x225.jpeg 300w, https:\/\/xn--krnerschule-rfb.de\/wp-content\/uploads\/2020\/11\/Buecherei-2-768x576.jpeg 768w, https:\/\/xn--krnerschule-rfb.de\/wp-content\/uploads\/2020\/11\/Buecherei-2-1536x1152.jpeg 1536w, https:\/\/xn--krnerschule-rfb.de\/wp-content\/uploads\/2020\/11\/Buecherei-2.jpeg 1600w\" sizes=\"(max-width: 768px) 100vw, 768px\" \/>\t\t\t\t\t\t\t\t\t\t\t\t\t\t\t<\/div>\n\t\t\t\t<\/div>\n\t\t\t\t\t<\/div>\n\t\t<\/div>\n\t\t\t\t\t<\/div>\n\t\t<\/section>\n\t\t\t\t<section class=\"elementor-section elementor-top-section elementor-element elementor-element-03bf1f4 elementor-section-boxed elementor-section-height-default elementor-section-height-default\" data-id=\"03bf1f4\" data-element_type=\"section\" data-e-type=\"section\">\n\t\t\t\t\t\t<div class=\"elementor-container elementor-column-gap-default\">\n\t\t\t\t\t<div class=\"elementor-column elementor-col-100 elementor-top-column elementor-element elementor-element-904cedf\" data-id=\"904cedf\" data-element_type=\"column\" data-e-type=\"column\">\n\t\t\t<div class=\"elementor-widget-wrap elementor-element-populated\">\n\t\t\t\t\t\t<div class=\"elementor-element elementor-element-3ed8ff5 elementor-widget elementor-widget-spacer\" data-id=\"3ed8ff5\" data-element_type=\"widget\" data-e-type=\"widget\" data-widget_type=\"spacer.default\">\n\t\t\t\t<div class=\"elementor-widget-container\">\n\t\t\t\t\t\t\t<div class=\"elementor-spacer\">\n\t\t\t<div class=\"elementor-spacer-inner\"><\/div>\n\t\t<\/div>\n\t\t\t\t\t\t<\/div>\n\t\t\t\t<\/div>\n\t\t\t\t\t<\/div>\n\t\t<\/div>\n\t\t\t\t\t<\/div>\n\t\t<\/section>\n\t\t\t\t<section class=\"elementor-section elementor-top-section elementor-element elementor-element-c89f34e elementor-section-boxed elementor-section-height-default elementor-section-height-default\" data-id=\"c89f34e\" data-element_type=\"section\" data-e-type=\"section\">\n\t\t\t\t\t\t<div class=\"elementor-container elementor-column-gap-default\">\n\t\t\t\t\t<div class=\"elementor-column elementor-col-100 elementor-top-column elementor-element elementor-element-777a32b\" data-id=\"777a32b\" data-element_type=\"column\" data-e-type=\"column\">\n\t\t\t<div class=\"elementor-widget-wrap elementor-element-populated\">\n\t\t\t\t\t\t<div class=\"elementor-element elementor-element-d16360d elementor-widget elementor-widget-text-editor\" data-id=\"d16360d\" data-element_type=\"widget\" data-e-type=\"widget\" data-widget_type=\"text-editor.default\">\n\t\t\t\t<div class=\"elementor-widget-container\">\n\t\t\t\t\t\t\t\t\t<p>Alle, die schon einmal ein fesselndes Buch in H\u00e4nden hatten, k\u00f6nnen best\u00e4tigen, wie wahr diese Aussage ist. Und damit m\u00f6glichst alle Kinder, die die K\u00f6rnerschule besuchen in den Genuss kommen k\u00f6nnen, B\u00fccher zu lesen und in die Welt der Fantasie zu versinken, verf\u00fcgt die K\u00f6rnerschule \u00fcber eine gut ausgestattete Sch\u00fclerb\u00fccherei, die an das Nebengeb\u00e4ude grenzt. In den gro\u00dfen Pausen haben die Kinder der K\u00f6rnerschule die M\u00f6glichkeit, gelesene B\u00fccher abzugeben oder neue B\u00fccher auszuleihen. Dabei d\u00fcrfen Sie sich auf einen der gem\u00fctlichen Sitzs\u00e4cke setzen und nach Herzenslust st\u00f6bern, bevor sie ein Buch ausw\u00e4hlen. Gleichzeitig wird das Lesemotivationsprogramm \u201eAntolin\u201c unterst\u00fctzt, dass in den Klassen einen festen Bestandteil darstellt. B\u00fccher, die bei Antolin zu finden sind, wurden in unserer B\u00fccherei genau gekennzeichnet.<\/p><p>Seit einiger Zeit gibt es sogar einen zus\u00e4tzlichen Leseanreiz: F\u00fcr jedes zur\u00fcckgebrachte Buch gibt es einen Stempel in den Leseausweis. Und wenn dieser voll ist, darf die \u201eLeseratte\u201c zur Belohnung in eine Schatzkiste greifen und sich eine kleine \u00dcberraschung aussuchen! Au\u00dferdem werden die Kinder in unserer schuleigenen Radiosendung namentlich erw\u00e4hnt und begl\u00fcckw\u00fcnscht. Denn \u201eLesen hei\u00dft Verstehen\u201c. Diese Kompetenz zu vermitteln und motivierend zu f\u00f6rdern war der Grundgedanke zur Einrichtung einer schuleigenen B\u00fccherei.<\/p>\t\t\t\t\t\t\t\t<\/div>\n\t\t\t\t<\/div>\n\t\t\t\t\t<\/div>\n\t\t<\/div>\n\t\t\t\t\t<\/div>\n\t\t<\/section>\n\t\t\t\t<\/div>\n\t\t","protected":false},"excerpt":{"rendered":"<p>\u201eLesen ist Kino im Kopf!\u201c Alle, die schon einmal ein fesselndes Buch in H\u00e4nden hatten, k\u00f6nnen best\u00e4tigen, wie wahr diese Aussage ist. Und damit m\u00f6glichst alle Kinder, die die K\u00f6rnerschule besuchen in den Genuss kommen k\u00f6nnen, B\u00fccher zu lesen und in die Welt der Fantasie zu versinken, verf\u00fcgt die K\u00f6rnerschule \u00fcber eine gut ausgestattete Sch\u00fclerb\u00fccherei, [&hellip;]<\/p>\n","protected":false},"author":3,"featured_media":0,"parent":0,"menu_order":0,"comment_status":"closed","ping_status":"closed","template":"","meta":{"footnotes":""},"class_list":["post-856","page","type-page","status-publish","hentry"],"_links":{"self":[{"href":"https:\/\/xn--krnerschule-rfb.de\/index.php\/wp-json\/wp\/v2\/pages\/856","targetHints":{"allow":["GET"]}}],"collection":[{"href":"https:\/\/xn--krnerschule-rfb.de\/index.php\/wp-json\/wp\/v2\/pages"}],"about":[{"href":"https:\/\/xn--krnerschule-rfb.de\/index.php\/wp-json\/wp\/v2\/types\/page"}],"author":[{"embeddable":true,"href":"https:\/\/xn--krnerschule-rfb.de\/index.php\/wp-json\/wp\/v2\/users\/3"}],"replies":[{"embeddable":true,"href":"https:\/\/xn--krnerschule-rfb.de\/index.php\/wp-json\/wp\/v2\/comments?post=856"}],"version-history":[{"count":6,"href":"https:\/\/xn--krnerschule-rfb.de\/index.php\/wp-json\/wp\/v2\/pages\/856\/revisions"}],"predecessor-version":[{"id":994,"href":"https:\/\/xn--krnerschule-rfb.de\/index.php\/wp-json\/wp\/v2\/pages\/856\/revisions\/994"}],"wp:attachment":[{"href":"https:\/\/xn--krnerschule-rfb.de\/index.php\/wp-json\/wp\/v2\/media?parent=856"}],"curies":[{"name":"wp","href":"https:\/\/api.w.org\/{rel}","templated":true}]}}