{"id":796,"date":"2020-09-22T19:09:33","date_gmt":"2020-09-22T17:09:33","guid":{"rendered":"http:\/\/xn--krnerschule-rfb.de\/?page_id=796"},"modified":"2020-09-30T20:45:35","modified_gmt":"2020-09-30T18:45:35","slug":"mein-koerper-gehoert-mir","status":"publish","type":"page","link":"https:\/\/xn--krnerschule-rfb.de\/index.php\/mein-koerper-gehoert-mir\/","title":{"rendered":"&#8222;Mein K\u00f6rper geh\u00f6rt mir!&#8220;"},"content":{"rendered":"\t\t<div data-elementor-type=\"wp-page\" data-elementor-id=\"796\" class=\"elementor elementor-796\">\n\t\t\t\t\t\t<section class=\"elementor-section elementor-top-section elementor-element elementor-element-bffc37e elementor-section-boxed elementor-section-height-default elementor-section-height-default\" data-id=\"bffc37e\" data-element_type=\"section\" data-e-type=\"section\">\n\t\t\t\t\t\t<div class=\"elementor-container elementor-column-gap-default\">\n\t\t\t\t\t<div class=\"elementor-column elementor-col-100 elementor-top-column elementor-element elementor-element-3d687f4\" data-id=\"3d687f4\" data-element_type=\"column\" data-e-type=\"column\">\n\t\t\t<div class=\"elementor-widget-wrap elementor-element-populated\">\n\t\t\t\t\t\t<div class=\"elementor-element elementor-element-3ec4a77 elementor-widget elementor-widget-text-editor\" data-id=\"3ec4a77\" data-element_type=\"widget\" data-e-type=\"widget\" data-widget_type=\"text-editor.default\">\n\t\t\t\t<div class=\"elementor-widget-container\">\n\t\t\t\t\t\t\t\t\t<p>&#8230;ist ein dreiteiliges Programm \u00fcber die Grenzen, die niemand \u00fcberschreiten darf. Aufgef\u00fchrt wird es von der theaterp\u00e4dagogischen Werkstatt f\u00fcr die Sch\u00fcler\/innen der vierten Klassen. Weitere Informationen finden Sie auf der Homepage der <span style=\"color: #333333;\"><a style=\"color: #333333;\" href=\"http:\/\/www.tpw-osnabrueck.de\/programme\/mein-k\u00f6rper-geh\u00f6rt-mir\">tpw Osnabr\u00fcck (Programme: &#8222;Mein K\u00f6rper geh\u00f6rt mir!&#8220;)<\/a>\u00a0<\/span><\/p><p>Das Programm \u201eMein K\u00f6rper geh\u00f6rt mir\u201c vermittelt Strategien, die helfen sollen bedrohliche Situationen zu erkennen <span style=\"color: #333333;\">und bei Unsicherheit L\u00f6sungswege selbstst\u00e4ndig zu w\u00e4hlen. Hierbei werden folgende Fragen beantwortet:<\/span><\/p><ul><li><span style=\"color: #333333;\">Was kannst du tun, wenn jemand k\u00f6rperliche Grenzen \u00fcberschreitet?<\/span><\/li><li><span style=\"color: #333333;\">Wie bekomme ich Hilfe bei sexueller Gewalt?<\/span><\/li><\/ul><p><span style=\"color: #333333;\">Die wichtigste Botschaft hierb<\/span>ei lautet: Wenn du ein <em>Nein-Gef\u00fchl <\/em>hast, gehe zu jemanden und erz\u00e4hle ihm davon. Unterst\u00fctzt wird das Programm durch den K\u00f6rpersong, der in jeder Einheit als wiederkehrendes Element ebenso f\u00fcr gute Laune sorgt.<\/p><p>Die Kinder nehmen am Ende nicht nur Gef\u00fchle und \u00fcberzeugend dargestellte Geschichten mit nach Hause, sondern auch eine Telefonnummer, unter der sie Menschen zu jeder Tageszeit erreichen, die ihnen zuh\u00f6ren und weiterhelfen k\u00f6nnen.<\/p>\t\t\t\t\t\t\t\t<\/div>\n\t\t\t\t<\/div>\n\t\t\t\t\t<\/div>\n\t\t<\/div>\n\t\t\t\t\t<\/div>\n\t\t<\/section>\n\t\t\t\t<\/div>\n\t\t","protected":false},"excerpt":{"rendered":"<p>&#8230;ist ein dreiteiliges Programm \u00fcber die Grenzen, die niemand \u00fcberschreiten darf. Aufgef\u00fchrt wird es von der theaterp\u00e4dagogischen Werkstatt f\u00fcr die Sch\u00fcler\/innen der vierten Klassen. Weitere Informationen finden Sie auf der Homepage der tpw Osnabr\u00fcck (Programme: &#8222;Mein K\u00f6rper geh\u00f6rt mir!&#8220;)\u00a0 Das Programm \u201eMein K\u00f6rper geh\u00f6rt mir\u201c vermittelt Strategien, die helfen sollen bedrohliche Situationen zu erkennen und [&hellip;]<\/p>\n","protected":false},"author":3,"featured_media":0,"parent":0,"menu_order":0,"comment_status":"closed","ping_status":"closed","template":"","meta":{"footnotes":""},"class_list":["post-796","page","type-page","status-publish","hentry"],"_links":{"self":[{"href":"https:\/\/xn--krnerschule-rfb.de\/index.php\/wp-json\/wp\/v2\/pages\/796","targetHints":{"allow":["GET"]}}],"collection":[{"href":"https:\/\/xn--krnerschule-rfb.de\/index.php\/wp-json\/wp\/v2\/pages"}],"about":[{"href":"https:\/\/xn--krnerschule-rfb.de\/index.php\/wp-json\/wp\/v2\/types\/page"}],"author":[{"embeddable":true,"href":"https:\/\/xn--krnerschule-rfb.de\/index.php\/wp-json\/wp\/v2\/users\/3"}],"replies":[{"embeddable":true,"href":"https:\/\/xn--krnerschule-rfb.de\/index.php\/wp-json\/wp\/v2\/comments?post=796"}],"version-history":[{"count":4,"href":"https:\/\/xn--krnerschule-rfb.de\/index.php\/wp-json\/wp\/v2\/pages\/796\/revisions"}],"predecessor-version":[{"id":953,"href":"https:\/\/xn--krnerschule-rfb.de\/index.php\/wp-json\/wp\/v2\/pages\/796\/revisions\/953"}],"wp:attachment":[{"href":"https:\/\/xn--krnerschule-rfb.de\/index.php\/wp-json\/wp\/v2\/media?parent=796"}],"curies":[{"name":"wp","href":"https:\/\/api.w.org\/{rel}","templated":true}]}}