{"id":750,"date":"2020-09-22T12:12:21","date_gmt":"2020-09-22T10:12:21","guid":{"rendered":"http:\/\/xn--krnerschule-rfb.de\/?page_id=750"},"modified":"2024-03-17T15:18:08","modified_gmt":"2024-03-17T14:18:08","slug":"schulzozialarbeit","status":"publish","type":"page","link":"https:\/\/xn--krnerschule-rfb.de\/index.php\/schulzozialarbeit\/","title":{"rendered":"Schulsozialarbeit"},"content":{"rendered":"\t\t<div data-elementor-type=\"wp-page\" data-elementor-id=\"750\" class=\"elementor elementor-750\">\n\t\t\t\t\t\t<section class=\"elementor-section elementor-top-section elementor-element elementor-element-c53f7e8 elementor-section-boxed elementor-section-height-default elementor-section-height-default\" data-id=\"c53f7e8\" data-element_type=\"section\" data-e-type=\"section\">\n\t\t\t\t\t\t<div class=\"elementor-container elementor-column-gap-default\">\n\t\t\t\t\t<div class=\"elementor-column elementor-col-100 elementor-top-column elementor-element elementor-element-291a8ea\" data-id=\"291a8ea\" data-element_type=\"column\" data-e-type=\"column\">\n\t\t\t<div class=\"elementor-widget-wrap elementor-element-populated\">\n\t\t\t\t\t\t<div class=\"elementor-element elementor-element-6c49ef0 elementor-widget elementor-widget-text-editor\" data-id=\"6c49ef0\" data-element_type=\"widget\" data-e-type=\"widget\" data-widget_type=\"text-editor.default\">\n\t\t\t\t<div class=\"elementor-widget-container\">\n\t\t\t\t\t\t\t\t\t<p><span style=\"color: #333333;\">Liebe Familien,<\/span><\/p><p><span style=\"color: #333333;\">mein Name ist Esra Ucak. Seit April letzten Jahres bin ich als Schulsozialarbeiterin an der K\u00f6rnerschule t\u00e4tig.<\/span><\/p><p><span style=\"color: #333333;\">Mein Aufgabengebiet gestaltet sich wie folgt:<\/span><\/p><p><span style=\"color: #333333;\"><u>F\u00fcr Sch\u00fclerinnen und Sch\u00fcler<\/u><\/span><\/p><ul><li><span style=\"color: #333333;\">Neutraler Vermittler bei Konflikten unter Mitsch\u00fclern<\/span><\/li><li><span style=\"color: #333333;\">Vertrauensvolle Ansprechpartnerin bei pers\u00f6nlichen sowie schulischen Problemen und Sorgen<\/span><\/li><li><span style=\"color: #333333;\">Unterst\u00fctzung bei Schwierigkeiten innerhalb der Familie<\/span><\/li><\/ul><p><span style=\"color: #333333;\"><u>F\u00fcr Eltern und Sorgeberechtigte<\/u><\/span><\/p><ul><li><span style=\"color: #333333;\">Unterst\u00fctzung und Beratung bei der Antragsstellung (Bildungs- und Teilhabepaket (BuT), Kindergeld, Jobcenter, etc.)<\/span><\/li><li><span style=\"color: #333333;\">Unterst\u00fctzung und Beratung bei individuellen erzieherischen und schulischen Fragen und Anliegen<\/span><\/li><li><span style=\"color: #333333;\">Vermittlung zu au\u00dferschulischen Institutionen und weiterf\u00fchrenden Hilfen (Therapeuten, Erziehungsberatungsstellen, etc.)<\/span><\/li><\/ul><p><span style=\"color: #333333;\"><u>Innerhalb der Klassen<\/u><\/span><\/p><ul><li><span style=\"color: #333333;\">F\u00f6rderung der Sozialkompetenz und Pers\u00f6nlichkeitsentwicklung<\/span><\/li><li><span style=\"color: #333333;\">St\u00e4rkung der Klassengemeinschaft und des sozialen Miteinanders<\/span><\/li><\/ul><p><span style=\"color: #333333;\">Dar\u00fcber hinaus bin ich derzeit f\u00fcr das Streitschlichter-Projekt und die Durchf\u00fchrung eines Programmes zum sozialen Lernen in den zweiten Klassen verantwortlich.<\/span><\/p><p><span style=\"color: #333333;\">Als Schulsozialarbeiterin steht f\u00fcr mich stets die Unterst\u00fctzung, F\u00f6rderung und St\u00e4rkung der individuellen und sozialen Entwicklung Ihres Kindes im Vordergrund. Auch m\u00f6chte ich Ihnen als Eltern und Sorgeberechtige zur Seite stehen und ein offenes Ohr f\u00fcr Sie haben.<\/span><\/p><p><span style=\"color: #333333;\">Sollten Sie ein Anliegen haben, k\u00f6nnen Sie mich gerne in der Schule ansprechen oder \u00fcber folgende Kontaktdaten erreichen:<\/span><\/p>\t\t\t\t\t\t\t\t<\/div>\n\t\t\t\t<\/div>\n\t\t\t\t\t<\/div>\n\t\t<\/div>\n\t\t\t\t\t<\/div>\n\t\t<\/section>\n\t\t\t\t<section class=\"elementor-section elementor-top-section elementor-element elementor-element-0fdb09d elementor-section-boxed elementor-section-height-default elementor-section-height-default\" data-id=\"0fdb09d\" data-element_type=\"section\" data-e-type=\"section\">\n\t\t\t\t\t\t<div class=\"elementor-container elementor-column-gap-default\">\n\t\t\t\t\t<div class=\"elementor-column elementor-col-100 elementor-top-column elementor-element elementor-element-7d61f6a\" data-id=\"7d61f6a\" data-element_type=\"column\" data-e-type=\"column\">\n\t\t\t<div class=\"elementor-widget-wrap elementor-element-populated\">\n\t\t\t\t\t\t<div class=\"elementor-element elementor-element-a78fbba elementor-widget-divider--separator-type-pattern elementor-widget-divider--no-spacing elementor-widget-divider--view-line elementor-widget elementor-widget-divider\" data-id=\"a78fbba\" data-element_type=\"widget\" data-e-type=\"widget\" data-widget_type=\"divider.default\">\n\t\t\t\t<div class=\"elementor-widget-container\">\n\t\t\t\t\t\t\t<div class=\"elementor-divider\" style=\"--divider-pattern-url: url(&quot;data:image\/svg+xml,%3Csvg xmlns=&#039;http:\/\/www.w3.org\/2000\/svg&#039; preserveAspectRatio=&#039;xMidYMid meet&#039; overflow=&#039;visible&#039; height=&#039;100%&#039; viewBox=&#039;0 0 126 26&#039; fill=&#039;black&#039; stroke=&#039;none&#039;%3E%3Cpath d=&#039;M3,10.2c2.6,0,2.6,2,2.6,3.2S4.4,16.5,3,16.5s-3-1.4-3-3.2S0.4,10.2,3,10.2z M18.8,10.2c1.7,0,3.2,1.4,3.2,3.2s-1.4,3.2-3.2,3.2c-1.7,0-3.2-1.4-3.2-3.2S17,10.2,18.8,10.2z M34.6,10.2c1.5,0,2.6,1.4,2.6,3.2s-0.5,3.2-1.9,3.2c-1.5,0-3.4-1.4-3.4-3.2S33.1,10.2,34.6,10.2z M50.5,10.2c1.7,0,3.2,1.4,3.2,3.2s-1.4,3.2-3.2,3.2c-1.7,0-3.3-0.9-3.3-2.6S48.7,10.2,50.5,10.2z M66.2,10.2c1.5,0,3.4,1.4,3.4,3.2s-1.9,3.2-3.4,3.2c-1.5,0-2.6-0.4-2.6-2.1S64.8,10.2,66.2,10.2z M82.2,10.2c1.7,0.8,2.6,1.4,2.6,3.2s-0.1,3.2-1.6,3.2c-1.5,0-3.7-1.4-3.7-3.2S80.5,9.4,82.2,10.2zM98.6,10.2c1.5,0,2.6,0.4,2.6,2.1s-1.2,4.2-2.6,4.2c-1.5,0-3.7-0.4-3.7-2.1S97.1,10.2,98.6,10.2z M113.4,10.2c1.2,0,2.2,0.9,2.2,3.2s-0.1,3.2-1.3,3.2s-3.1-1.4-3.1-3.2S112.2,10.2,113.4,10.2z&#039;\/%3E%3C\/svg%3E&quot;);\">\n\t\t\t<span class=\"elementor-divider-separator\">\n\t\t\t\t\t\t<\/span>\n\t\t<\/div>\n\t\t\t\t\t\t<\/div>\n\t\t\t\t<\/div>\n\t\t\t\t\t<\/div>\n\t\t<\/div>\n\t\t\t\t\t<\/div>\n\t\t<\/section>\n\t\t\t\t<\/div>\n\t\t","protected":false},"excerpt":{"rendered":"<p>Liebe Familien, mein Name ist Esra Ucak. Seit April letzten Jahres bin ich als Schulsozialarbeiterin an der K\u00f6rnerschule t\u00e4tig. Mein Aufgabengebiet gestaltet sich wie folgt: F\u00fcr Sch\u00fclerinnen und Sch\u00fcler Neutraler Vermittler bei Konflikten unter Mitsch\u00fclern Vertrauensvolle Ansprechpartnerin bei pers\u00f6nlichen sowie schulischen Problemen und Sorgen Unterst\u00fctzung bei Schwierigkeiten innerhalb der Familie F\u00fcr Eltern und Sorgeberechtigte Unterst\u00fctzung [&hellip;]<\/p>\n","protected":false},"author":3,"featured_media":0,"parent":0,"menu_order":0,"comment_status":"closed","ping_status":"closed","template":"","meta":{"footnotes":""},"class_list":["post-750","page","type-page","status-publish","hentry"],"_links":{"self":[{"href":"https:\/\/xn--krnerschule-rfb.de\/index.php\/wp-json\/wp\/v2\/pages\/750","targetHints":{"allow":["GET"]}}],"collection":[{"href":"https:\/\/xn--krnerschule-rfb.de\/index.php\/wp-json\/wp\/v2\/pages"}],"about":[{"href":"https:\/\/xn--krnerschule-rfb.de\/index.php\/wp-json\/wp\/v2\/types\/page"}],"author":[{"embeddable":true,"href":"https:\/\/xn--krnerschule-rfb.de\/index.php\/wp-json\/wp\/v2\/users\/3"}],"replies":[{"embeddable":true,"href":"https:\/\/xn--krnerschule-rfb.de\/index.php\/wp-json\/wp\/v2\/comments?post=750"}],"version-history":[{"count":8,"href":"https:\/\/xn--krnerschule-rfb.de\/index.php\/wp-json\/wp\/v2\/pages\/750\/revisions"}],"predecessor-version":[{"id":2583,"href":"https:\/\/xn--krnerschule-rfb.de\/index.php\/wp-json\/wp\/v2\/pages\/750\/revisions\/2583"}],"wp:attachment":[{"href":"https:\/\/xn--krnerschule-rfb.de\/index.php\/wp-json\/wp\/v2\/media?parent=750"}],"curies":[{"name":"wp","href":"https:\/\/api.w.org\/{rel}","templated":true}]}}