{"id":729,"date":"2020-09-22T10:29:55","date_gmt":"2020-09-22T08:29:55","guid":{"rendered":"http:\/\/xn--krnerschule-rfb.de\/?page_id=729"},"modified":"2020-09-30T20:01:41","modified_gmt":"2020-09-30T18:01:41","slug":"musikabenteuer-kinder-trommeln","status":"publish","type":"page","link":"https:\/\/xn--krnerschule-rfb.de\/index.php\/musikabenteuer-kinder-trommeln\/","title":{"rendered":"Percussion (Trommeln)"},"content":{"rendered":"\t\t<div data-elementor-type=\"wp-page\" data-elementor-id=\"729\" class=\"elementor elementor-729\">\n\t\t\t\t\t\t<section class=\"elementor-section elementor-top-section elementor-element elementor-element-f05461d elementor-section-boxed elementor-section-height-default elementor-section-height-default\" data-id=\"f05461d\" data-element_type=\"section\" data-e-type=\"section\">\n\t\t\t\t\t\t<div class=\"elementor-container elementor-column-gap-default\">\n\t\t\t\t\t<div class=\"elementor-column elementor-col-33 elementor-top-column elementor-element elementor-element-3b4f17f\" data-id=\"3b4f17f\" data-element_type=\"column\" data-e-type=\"column\">\n\t\t\t<div class=\"elementor-widget-wrap elementor-element-populated\">\n\t\t\t\t\t\t<div class=\"elementor-element elementor-element-a113ec7 elementor-widget elementor-widget-image\" data-id=\"a113ec7\" data-element_type=\"widget\" data-e-type=\"widget\" data-widget_type=\"image.default\">\n\t\t\t\t<div class=\"elementor-widget-container\">\n\t\t\t\t\t\t\t\t\t\t\t\t\t\t\t<img fetchpriority=\"high\" decoding=\"async\" width=\"768\" height=\"335\" src=\"https:\/\/xn--krnerschule-rfb.de\/wp-content\/uploads\/2020\/09\/Percussion_farbig-1024x446.jpg\" class=\"attachment-large size-large wp-image-946\" alt=\"\" srcset=\"https:\/\/xn--krnerschule-rfb.de\/wp-content\/uploads\/2020\/09\/Percussion_farbig-1024x446.jpg 1024w, https:\/\/xn--krnerschule-rfb.de\/wp-content\/uploads\/2020\/09\/Percussion_farbig-300x131.jpg 300w, https:\/\/xn--krnerschule-rfb.de\/wp-content\/uploads\/2020\/09\/Percussion_farbig-768x334.jpg 768w, https:\/\/xn--krnerschule-rfb.de\/wp-content\/uploads\/2020\/09\/Percussion_farbig.jpg 1433w\" sizes=\"(max-width: 768px) 100vw, 768px\" \/>\t\t\t\t\t\t\t\t\t\t\t\t\t\t\t<\/div>\n\t\t\t\t<\/div>\n\t\t\t\t\t<\/div>\n\t\t<\/div>\n\t\t\t\t<div class=\"elementor-column elementor-col-33 elementor-top-column elementor-element elementor-element-3152489\" data-id=\"3152489\" data-element_type=\"column\" data-e-type=\"column\">\n\t\t\t<div class=\"elementor-widget-wrap\">\n\t\t\t\t\t\t\t<\/div>\n\t\t<\/div>\n\t\t\t\t<div class=\"elementor-column elementor-col-33 elementor-top-column elementor-element elementor-element-409173b\" data-id=\"409173b\" data-element_type=\"column\" data-e-type=\"column\">\n\t\t\t<div class=\"elementor-widget-wrap elementor-element-populated\">\n\t\t\t\t\t\t<div class=\"elementor-element elementor-element-a79c535 elementor-widget elementor-widget-text-editor\" data-id=\"a79c535\" data-element_type=\"widget\" data-e-type=\"widget\" data-widget_type=\"text-editor.default\">\n\t\t\t\t<div class=\"elementor-widget-container\">\n\t\t\t\t\t\t\t\t\t<p>Seit mehreren Jahren kooperiert die K\u00f6rnerschule mit der Kreismusikschule Viersen im Projekt \u201eMusikabenteuer: Kinder trommeln\u201c.<br \/>Im Rahmen dieser Ma\u00dfnahme haben alle zweiten Klassen der K\u00f6rnerschule eine Stunde Percussion pro Woche fest im Unterrichtsplan verankert.\u00a0<\/p>\t\t\t\t\t\t\t\t<\/div>\n\t\t\t\t<\/div>\n\t\t\t\t\t<\/div>\n\t\t<\/div>\n\t\t\t\t\t<\/div>\n\t\t<\/section>\n\t\t\t\t<section class=\"elementor-section elementor-top-section elementor-element elementor-element-27ef1af elementor-section-boxed elementor-section-height-default elementor-section-height-default\" data-id=\"27ef1af\" data-element_type=\"section\" data-e-type=\"section\">\n\t\t\t\t\t\t<div class=\"elementor-container elementor-column-gap-default\">\n\t\t\t\t\t<div class=\"elementor-column elementor-col-100 elementor-top-column elementor-element elementor-element-e287e39\" data-id=\"e287e39\" data-element_type=\"column\" data-e-type=\"column\">\n\t\t\t<div class=\"elementor-widget-wrap elementor-element-populated\">\n\t\t\t\t\t\t<div class=\"elementor-element elementor-element-a4c09ac elementor-widget elementor-widget-text-editor\" data-id=\"a4c09ac\" data-element_type=\"widget\" data-e-type=\"widget\" data-widget_type=\"text-editor.default\">\n\t\t\t\t<div class=\"elementor-widget-container\">\n\t\t\t\t\t\t\t\t\t<p>Dabei sind die K\u00f6rnerschulkinder die einzigen, die in den R\u00e4umlichkeiten der hervorragend ausgestatteten Kreismusikschule zum Percussionunterricht kommen d\u00fcrfen. Der kurze Weg zur Kreismusikschule vereinfacht die Organisation.<\/p><p>Unter der fachkundigen Leitung des Direktors der Kreismusikschule, Herrn Ralf Holtschneider, lernen die Sch\u00fcler\/innen den Umgang mit unterschiedlichen \u00a0Handtrommeln und Rhythmusinstrumenten kennen. Auch Bodypercussion geh\u00f6rt dazu. Nach der 2. Klasse besteht die M\u00f6glichkeit, das Erlernte in der Percussion-AG f\u00fcr die Jahrg\u00e4nge 3 und 4 zu vertiefen.<\/p><p>In diesem Schuljahr nehmen erstmalig die ersten Klassen w\u00f6chentlich einst\u00fcndig an einem Projekt zur musikalischen Fr\u00fcherziehung teil.<\/p><p>Bei diversen Schulfeierlichkeiten (Einschulung, Verabschiedung, etc.) k\u00f6nnen die Kinder stolz ihr K\u00f6nnen unter Beweis stellen. Das Trommeln in gro\u00dfer Gruppe auf dem Schulhof der K\u00f6rnerschule ist fester und beliebter Bestandteil aller Feiern.<\/p><p>Alle vier Jahre gipfelt die Erfahrung der Kinder in ein spektakul\u00e4res Highlight. Denn alle teilnehmenden Schulen pr\u00e4sentieren in dem Gro\u00dfevent \u201e1000 Kinder trommeln\u201c in der Grefrather Eissporthalle ihr K\u00f6nnen. Bei der letzten Auff\u00fchrung im Jahr 2019 waren auch Kinder der K\u00f6rnerschule dabei, um den 2.300 Zuschauern ein G\u00e4nsehauterlebnis zu verschaffen.<\/p>\t\t\t\t\t\t\t\t<\/div>\n\t\t\t\t<\/div>\n\t\t\t\t\t<\/div>\n\t\t<\/div>\n\t\t\t\t\t<\/div>\n\t\t<\/section>\n\t\t\t\t<\/div>\n\t\t","protected":false},"excerpt":{"rendered":"<p>Seit mehreren Jahren kooperiert die K\u00f6rnerschule mit der Kreismusikschule Viersen im Projekt \u201eMusikabenteuer: Kinder trommeln\u201c.Im Rahmen dieser Ma\u00dfnahme haben alle zweiten Klassen der K\u00f6rnerschule eine Stunde Percussion pro Woche fest im Unterrichtsplan verankert.\u00a0 Dabei sind die K\u00f6rnerschulkinder die einzigen, die in den R\u00e4umlichkeiten der hervorragend ausgestatteten Kreismusikschule zum Percussionunterricht kommen d\u00fcrfen. Der kurze Weg zur [&hellip;]<\/p>\n","protected":false},"author":3,"featured_media":0,"parent":0,"menu_order":0,"comment_status":"closed","ping_status":"closed","template":"","meta":{"footnotes":""},"class_list":["post-729","page","type-page","status-publish","hentry"],"_links":{"self":[{"href":"https:\/\/xn--krnerschule-rfb.de\/index.php\/wp-json\/wp\/v2\/pages\/729","targetHints":{"allow":["GET"]}}],"collection":[{"href":"https:\/\/xn--krnerschule-rfb.de\/index.php\/wp-json\/wp\/v2\/pages"}],"about":[{"href":"https:\/\/xn--krnerschule-rfb.de\/index.php\/wp-json\/wp\/v2\/types\/page"}],"author":[{"embeddable":true,"href":"https:\/\/xn--krnerschule-rfb.de\/index.php\/wp-json\/wp\/v2\/users\/3"}],"replies":[{"embeddable":true,"href":"https:\/\/xn--krnerschule-rfb.de\/index.php\/wp-json\/wp\/v2\/comments?post=729"}],"version-history":[{"count":8,"href":"https:\/\/xn--krnerschule-rfb.de\/index.php\/wp-json\/wp\/v2\/pages\/729\/revisions"}],"predecessor-version":[{"id":948,"href":"https:\/\/xn--krnerschule-rfb.de\/index.php\/wp-json\/wp\/v2\/pages\/729\/revisions\/948"}],"wp:attachment":[{"href":"https:\/\/xn--krnerschule-rfb.de\/index.php\/wp-json\/wp\/v2\/media?parent=729"}],"curies":[{"name":"wp","href":"https:\/\/api.w.org\/{rel}","templated":true}]}}