{"id":724,"date":"2020-09-22T10:19:26","date_gmt":"2020-09-22T08:19:26","guid":{"rendered":"http:\/\/xn--krnerschule-rfb.de\/?page_id=724"},"modified":"2020-09-22T10:20:59","modified_gmt":"2020-09-22T08:20:59","slug":"sponsorenlauf","status":"publish","type":"page","link":"https:\/\/xn--krnerschule-rfb.de\/index.php\/sponsorenlauf\/","title":{"rendered":"Sponsorenlauf"},"content":{"rendered":"\t\t<div data-elementor-type=\"wp-page\" data-elementor-id=\"724\" class=\"elementor elementor-724\">\n\t\t\t\t\t\t<section class=\"elementor-section elementor-top-section elementor-element elementor-element-f08acaf elementor-section-boxed elementor-section-height-default elementor-section-height-default\" data-id=\"f08acaf\" data-element_type=\"section\" data-e-type=\"section\">\n\t\t\t\t\t\t<div class=\"elementor-container elementor-column-gap-default\">\n\t\t\t\t\t<div class=\"elementor-column elementor-col-100 elementor-top-column elementor-element elementor-element-8c8e2d0\" data-id=\"8c8e2d0\" data-element_type=\"column\" data-e-type=\"column\">\n\t\t\t<div class=\"elementor-widget-wrap elementor-element-populated\">\n\t\t\t\t\t\t<div class=\"elementor-element elementor-element-5e36f04 elementor-widget elementor-widget-image\" data-id=\"5e36f04\" data-element_type=\"widget\" data-e-type=\"widget\" data-widget_type=\"image.default\">\n\t\t\t\t<div class=\"elementor-widget-container\">\n\t\t\t\t\t\t\t\t\t\t\t\t\t\t\t<img fetchpriority=\"high\" decoding=\"async\" width=\"768\" height=\"374\" src=\"https:\/\/xn--krnerschule-rfb.de\/wp-content\/uploads\/2020\/09\/Sponsorenlauf_Foto_1-1024x498.jpg\" class=\"attachment-large size-large wp-image-726\" alt=\"\" srcset=\"https:\/\/xn--krnerschule-rfb.de\/wp-content\/uploads\/2020\/09\/Sponsorenlauf_Foto_1-1024x498.jpg 1024w, https:\/\/xn--krnerschule-rfb.de\/wp-content\/uploads\/2020\/09\/Sponsorenlauf_Foto_1-300x146.jpg 300w, https:\/\/xn--krnerschule-rfb.de\/wp-content\/uploads\/2020\/09\/Sponsorenlauf_Foto_1-768x373.jpg 768w, https:\/\/xn--krnerschule-rfb.de\/wp-content\/uploads\/2020\/09\/Sponsorenlauf_Foto_1.jpg 1386w\" sizes=\"(max-width: 768px) 100vw, 768px\" \/>\t\t\t\t\t\t\t\t\t\t\t\t\t\t\t<\/div>\n\t\t\t\t<\/div>\n\t\t\t\t\t<\/div>\n\t\t<\/div>\n\t\t\t\t\t<\/div>\n\t\t<\/section>\n\t\t\t\t<section class=\"elementor-section elementor-top-section elementor-element elementor-element-ef0efbe elementor-section-boxed elementor-section-height-default elementor-section-height-default\" data-id=\"ef0efbe\" data-element_type=\"section\" data-e-type=\"section\">\n\t\t\t\t\t\t<div class=\"elementor-container elementor-column-gap-default\">\n\t\t\t\t\t<div class=\"elementor-column elementor-col-100 elementor-top-column elementor-element elementor-element-0373b4b\" data-id=\"0373b4b\" data-element_type=\"column\" data-e-type=\"column\">\n\t\t\t<div class=\"elementor-widget-wrap elementor-element-populated\">\n\t\t\t\t\t\t<div class=\"elementor-element elementor-element-1778adf elementor-widget elementor-widget-text-editor\" data-id=\"1778adf\" data-element_type=\"widget\" data-e-type=\"widget\" data-widget_type=\"text-editor.default\">\n\t\t\t\t<div class=\"elementor-widget-container\">\n\t\t\t\t\t\t\t\t\t<p>Alle 2-3 Jahre findet der Sponsorenlauf der K\u00f6rnerschule statt. Kinder aller Klassen sind aufgefordert, einen pers\u00f6nlichen Unterst\u00fctzer zu finden, der die individuelle sportliche Leistung des Kindes mit einem frei gew\u00e4hlten Geldbetrag honoriert.<\/p><p>Im Jahr 2019 ging es z.B. in ein nahegelegenes Wald- und Wiesengebiet, wo die Kinder eine frei w\u00e4hlbare Wanderstrecke bew\u00e4ltigen durften, um den Sponsorenbeitrag zu sichern.<\/p><p>Unterst\u00fctzt durch reichhaltig und gesund ausgestattete Verpflegungsstationen (vielen Dank an den F\u00f6rderverein und die Schulpflegschaft!) sammelten die Sch\u00fcler\/innen der K\u00f6rnerschule flei\u00dfig Kilometer. Die daraus resultierenden Einnahmen kommen der Sch\u00fclerschaft direkt zu Gute, es werden z.B. Spielzeuge f\u00fcr die Pausengestaltung angeschafft.<\/p>\t\t\t\t\t\t\t\t<\/div>\n\t\t\t\t<\/div>\n\t\t\t\t\t<\/div>\n\t\t<\/div>\n\t\t\t\t\t<\/div>\n\t\t<\/section>\n\t\t\t\t<section class=\"elementor-section elementor-top-section elementor-element elementor-element-ea99d9f elementor-section-boxed elementor-section-height-default elementor-section-height-default\" data-id=\"ea99d9f\" data-element_type=\"section\" data-e-type=\"section\">\n\t\t\t\t\t\t<div class=\"elementor-container elementor-column-gap-default\">\n\t\t\t\t\t<div class=\"elementor-column elementor-col-100 elementor-top-column elementor-element elementor-element-34109f9\" data-id=\"34109f9\" data-element_type=\"column\" data-e-type=\"column\">\n\t\t\t<div class=\"elementor-widget-wrap elementor-element-populated\">\n\t\t\t\t\t\t<div class=\"elementor-element elementor-element-ab8eace elementor-widget elementor-widget-image\" data-id=\"ab8eace\" data-element_type=\"widget\" data-e-type=\"widget\" data-widget_type=\"image.default\">\n\t\t\t\t<div class=\"elementor-widget-container\">\n\t\t\t\t\t\t\t\t\t\t\t\t\t\t\t<img decoding=\"async\" width=\"768\" height=\"374\" src=\"https:\/\/xn--krnerschule-rfb.de\/wp-content\/uploads\/2020\/09\/Sponsorenlauf_Foto_2-1024x498.jpg\" class=\"attachment-large size-large wp-image-727\" alt=\"\" srcset=\"https:\/\/xn--krnerschule-rfb.de\/wp-content\/uploads\/2020\/09\/Sponsorenlauf_Foto_2-1024x498.jpg 1024w, https:\/\/xn--krnerschule-rfb.de\/wp-content\/uploads\/2020\/09\/Sponsorenlauf_Foto_2-300x146.jpg 300w, https:\/\/xn--krnerschule-rfb.de\/wp-content\/uploads\/2020\/09\/Sponsorenlauf_Foto_2-768x373.jpg 768w, https:\/\/xn--krnerschule-rfb.de\/wp-content\/uploads\/2020\/09\/Sponsorenlauf_Foto_2-e1631349949377.jpg 1000w\" sizes=\"(max-width: 768px) 100vw, 768px\" \/>\t\t\t\t\t\t\t\t\t\t\t\t\t\t\t<\/div>\n\t\t\t\t<\/div>\n\t\t\t\t\t<\/div>\n\t\t<\/div>\n\t\t\t\t\t<\/div>\n\t\t<\/section>\n\t\t\t\t<\/div>\n\t\t","protected":false},"excerpt":{"rendered":"<p>Alle 2-3 Jahre findet der Sponsorenlauf der K\u00f6rnerschule statt. Kinder aller Klassen sind aufgefordert, einen pers\u00f6nlichen Unterst\u00fctzer zu finden, der die individuelle sportliche Leistung des Kindes mit einem frei gew\u00e4hlten Geldbetrag honoriert. Im Jahr 2019 ging es z.B. in ein nahegelegenes Wald- und Wiesengebiet, wo die Kinder eine frei w\u00e4hlbare Wanderstrecke bew\u00e4ltigen durften, um den [&hellip;]<\/p>\n","protected":false},"author":3,"featured_media":0,"parent":0,"menu_order":0,"comment_status":"closed","ping_status":"closed","template":"","meta":{"footnotes":""},"class_list":["post-724","page","type-page","status-publish","hentry"],"_links":{"self":[{"href":"https:\/\/xn--krnerschule-rfb.de\/index.php\/wp-json\/wp\/v2\/pages\/724","targetHints":{"allow":["GET"]}}],"collection":[{"href":"https:\/\/xn--krnerschule-rfb.de\/index.php\/wp-json\/wp\/v2\/pages"}],"about":[{"href":"https:\/\/xn--krnerschule-rfb.de\/index.php\/wp-json\/wp\/v2\/types\/page"}],"author":[{"embeddable":true,"href":"https:\/\/xn--krnerschule-rfb.de\/index.php\/wp-json\/wp\/v2\/users\/3"}],"replies":[{"embeddable":true,"href":"https:\/\/xn--krnerschule-rfb.de\/index.php\/wp-json\/wp\/v2\/comments?post=724"}],"version-history":[{"count":2,"href":"https:\/\/xn--krnerschule-rfb.de\/index.php\/wp-json\/wp\/v2\/pages\/724\/revisions"}],"predecessor-version":[{"id":728,"href":"https:\/\/xn--krnerschule-rfb.de\/index.php\/wp-json\/wp\/v2\/pages\/724\/revisions\/728"}],"wp:attachment":[{"href":"https:\/\/xn--krnerschule-rfb.de\/index.php\/wp-json\/wp\/v2\/media?parent=724"}],"curies":[{"name":"wp","href":"https:\/\/api.w.org\/{rel}","templated":true}]}}