{"id":702,"date":"2020-09-22T09:23:22","date_gmt":"2020-09-22T07:23:22","guid":{"rendered":"http:\/\/xn--krnerschule-rfb.de\/?page_id=702"},"modified":"2022-08-22T13:25:33","modified_gmt":"2022-08-22T11:25:33","slug":"kulturstrolche","status":"publish","type":"page","link":"https:\/\/xn--krnerschule-rfb.de\/index.php\/kulturstrolche\/","title":{"rendered":"Kulturstrolche"},"content":{"rendered":"\t\t<div data-elementor-type=\"wp-page\" data-elementor-id=\"702\" class=\"elementor elementor-702\">\n\t\t\t\t\t\t<section class=\"elementor-section elementor-top-section elementor-element elementor-element-b35ca25 elementor-section-boxed elementor-section-height-default elementor-section-height-default\" data-id=\"b35ca25\" data-element_type=\"section\" data-e-type=\"section\">\n\t\t\t\t\t\t<div class=\"elementor-container elementor-column-gap-default\">\n\t\t\t\t\t<div class=\"elementor-column elementor-col-100 elementor-top-column elementor-element elementor-element-856c0e6\" data-id=\"856c0e6\" data-element_type=\"column\" data-e-type=\"column\">\n\t\t\t<div class=\"elementor-widget-wrap elementor-element-populated\">\n\t\t\t\t\t\t<div class=\"elementor-element elementor-element-a9f6573 elementor-widget elementor-widget-text-editor\" data-id=\"a9f6573\" data-element_type=\"widget\" data-e-type=\"widget\" data-widget_type=\"text-editor.default\">\n\t\t\t\t<div class=\"elementor-widget-container\">\n\t\t\t\t\t\t\t\t\t<h6><span style=\"color: #5e9453;\"><strong>Auf dem Weg zur Kulturstrolche-Klasse<\/strong><\/span><\/h6><p>Zu den Kulturstrolchen zu geh\u00f6ren ist spitze, denn die Kulturstrolche-Klassen d\u00fcrfen im 2., 3. und 4. Schuljahr an spannenden Projekten teilnehmen.<\/p><p>Im Fr\u00fchjahr wurden die Klassenr\u00e4ume der 1a, 1b und 1c darum zu kreativen Ateliers, in denen Ideen gesammelt, mit Kleister geklebt, mit Farbe gematscht und mit Begeisterung gewerkelt wurde. Mit den dabei entstandenen Kunstwerken wollten sich die Erstkl\u00e4ssler f\u00fcr den Titel der Kulturstrolche bewerben und an der diesj\u00e4hrigen Schulausstellung der Galerie im Park teilnehmen. Unter dem Motto \u201eGro\u00dfe Kunst in Kinderaugen\u201c setzten sich die Sch\u00fclerinnen und Sch\u00fcler mit ber\u00fchmten K\u00fcnstlern und ihren Kunstwerken auseinander. So zogen Nicki de Saint Phalle, Friedensreich Hundertwasser und Leonardo da Vinci in die K\u00f6rnerschule ein und inspirierten die Kinder zu eigenen grandiosen Skulpturen und Bildern. Die 1a schl\u00fcpfte selber in die wundervollen Augen der Mona Lisa, die 1b verwandelte die K\u00f6rnerschule in ein architektonisches Meisterwerk Hundertwassers und die 1c wagte sich an die Gestaltung eigener Nanas nach dem Abbild der gewaltigen Skulpturen von Nicki de Saint Phalle.<\/p>\t\t\t\t\t\t\t\t<\/div>\n\t\t\t\t<\/div>\n\t\t\t\t\t<\/div>\n\t\t<\/div>\n\t\t\t\t\t<\/div>\n\t\t<\/section>\n\t\t\t\t<section class=\"elementor-section elementor-top-section elementor-element elementor-element-dd933b4 elementor-section-boxed elementor-section-height-default elementor-section-height-default\" data-id=\"dd933b4\" data-element_type=\"section\" data-e-type=\"section\">\n\t\t\t\t\t\t<div class=\"elementor-container elementor-column-gap-default\">\n\t\t\t\t\t<div class=\"elementor-column elementor-col-50 elementor-top-column elementor-element elementor-element-13277bb\" data-id=\"13277bb\" data-element_type=\"column\" data-e-type=\"column\">\n\t\t\t<div class=\"elementor-widget-wrap elementor-element-populated\">\n\t\t\t\t\t\t<div class=\"elementor-element elementor-element-44c39ab elementor-widget elementor-widget-image\" data-id=\"44c39ab\" data-element_type=\"widget\" data-e-type=\"widget\" data-widget_type=\"image.default\">\n\t\t\t\t<div class=\"elementor-widget-container\">\n\t\t\t\t\t\t\t\t\t\t\t\t\t\t\t<img fetchpriority=\"high\" decoding=\"async\" width=\"600\" height=\"800\" src=\"https:\/\/xn--krnerschule-rfb.de\/wp-content\/uploads\/2022\/08\/Saint-Phalle.jpg\" class=\"attachment-large size-large wp-image-1791\" alt=\"\" srcset=\"https:\/\/xn--krnerschule-rfb.de\/wp-content\/uploads\/2022\/08\/Saint-Phalle.jpg 600w, https:\/\/xn--krnerschule-rfb.de\/wp-content\/uploads\/2022\/08\/Saint-Phalle-225x300.jpg 225w\" sizes=\"(max-width: 600px) 100vw, 600px\" \/>\t\t\t\t\t\t\t\t\t\t\t\t\t\t\t<\/div>\n\t\t\t\t<\/div>\n\t\t\t\t\t<\/div>\n\t\t<\/div>\n\t\t\t\t<div class=\"elementor-column elementor-col-50 elementor-top-column elementor-element elementor-element-c818aae\" data-id=\"c818aae\" data-element_type=\"column\" data-e-type=\"column\">\n\t\t\t<div class=\"elementor-widget-wrap elementor-element-populated\">\n\t\t\t\t\t\t<div class=\"elementor-element elementor-element-24055f5 elementor-widget elementor-widget-image\" data-id=\"24055f5\" data-element_type=\"widget\" data-e-type=\"widget\" data-widget_type=\"image.default\">\n\t\t\t\t<div class=\"elementor-widget-container\">\n\t\t\t\t\t\t\t\t\t\t\t\t\t\t\t<img decoding=\"async\" width=\"600\" height=\"800\" src=\"https:\/\/xn--krnerschule-rfb.de\/wp-content\/uploads\/2022\/08\/daVinci.jpg\" class=\"attachment-large size-large wp-image-1789\" alt=\"\" srcset=\"https:\/\/xn--krnerschule-rfb.de\/wp-content\/uploads\/2022\/08\/daVinci.jpg 600w, https:\/\/xn--krnerschule-rfb.de\/wp-content\/uploads\/2022\/08\/daVinci-225x300.jpg 225w\" sizes=\"(max-width: 600px) 100vw, 600px\" \/>\t\t\t\t\t\t\t\t\t\t\t\t\t\t\t<\/div>\n\t\t\t\t<\/div>\n\t\t\t\t\t<\/div>\n\t\t<\/div>\n\t\t\t\t\t<\/div>\n\t\t<\/section>\n\t\t\t\t<section class=\"elementor-section elementor-top-section elementor-element elementor-element-11f8299 elementor-section-boxed elementor-section-height-default elementor-section-height-default\" data-id=\"11f8299\" data-element_type=\"section\" data-e-type=\"section\">\n\t\t\t\t\t\t<div class=\"elementor-container elementor-column-gap-default\">\n\t\t\t\t\t<div class=\"elementor-column elementor-col-100 elementor-top-column elementor-element elementor-element-a3004c8\" data-id=\"a3004c8\" data-element_type=\"column\" data-e-type=\"column\">\n\t\t\t<div class=\"elementor-widget-wrap elementor-element-populated\">\n\t\t\t\t\t\t<div class=\"elementor-element elementor-element-37a1187 elementor-widget elementor-widget-text-editor\" data-id=\"37a1187\" data-element_type=\"widget\" data-e-type=\"widget\" data-widget_type=\"text-editor.default\">\n\t\t\t\t<div class=\"elementor-widget-container\">\n\t\t\t\t\t\t\t\t\t<p>Im Juni und Juli wurden die Kunstwerke der kleinen K\u00fcnstler dann in der Galerie ausgestellt und von vielen Besuchern bewundert. Auch die Klassen selber konnten ihre Arbeiten und die der Mitbewerber w\u00e4hrend einer F\u00fchrung durch die Ausstellung bestaunen.<\/p>\t\t\t\t\t\t\t\t<\/div>\n\t\t\t\t<\/div>\n\t\t\t\t\t<\/div>\n\t\t<\/div>\n\t\t\t\t\t<\/div>\n\t\t<\/section>\n\t\t\t\t<section class=\"elementor-section elementor-top-section elementor-element elementor-element-1ccc42b elementor-section-boxed elementor-section-height-default elementor-section-height-default\" data-id=\"1ccc42b\" data-element_type=\"section\" data-e-type=\"section\">\n\t\t\t\t\t\t<div class=\"elementor-container elementor-column-gap-default\">\n\t\t\t\t\t<div class=\"elementor-column elementor-col-50 elementor-top-column elementor-element elementor-element-12390ad\" data-id=\"12390ad\" data-element_type=\"column\" data-e-type=\"column\">\n\t\t\t<div class=\"elementor-widget-wrap elementor-element-populated\">\n\t\t\t\t\t\t<div class=\"elementor-element elementor-element-9e11e32 elementor-widget elementor-widget-image\" data-id=\"9e11e32\" data-element_type=\"widget\" data-e-type=\"widget\" data-widget_type=\"image.default\">\n\t\t\t\t<div class=\"elementor-widget-container\">\n\t\t\t\t\t\t\t\t\t\t\t\t\t\t\t<img decoding=\"async\" width=\"600\" height=\"800\" src=\"https:\/\/xn--krnerschule-rfb.de\/wp-content\/uploads\/2022\/08\/Hundertwasser.jpg\" class=\"attachment-large size-large wp-image-1790\" alt=\"\" srcset=\"https:\/\/xn--krnerschule-rfb.de\/wp-content\/uploads\/2022\/08\/Hundertwasser.jpg 600w, https:\/\/xn--krnerschule-rfb.de\/wp-content\/uploads\/2022\/08\/Hundertwasser-225x300.jpg 225w\" sizes=\"(max-width: 600px) 100vw, 600px\" \/>\t\t\t\t\t\t\t\t\t\t\t\t\t\t\t<\/div>\n\t\t\t\t<\/div>\n\t\t\t\t\t<\/div>\n\t\t<\/div>\n\t\t\t\t<div class=\"elementor-column elementor-col-50 elementor-top-column elementor-element elementor-element-8629661\" data-id=\"8629661\" data-element_type=\"column\" data-e-type=\"column\">\n\t\t\t<div class=\"elementor-widget-wrap elementor-element-populated\">\n\t\t\t\t\t\t<div class=\"elementor-element elementor-element-0814422 elementor-widget elementor-widget-image\" data-id=\"0814422\" data-element_type=\"widget\" data-e-type=\"widget\" data-widget_type=\"image.default\">\n\t\t\t\t<div class=\"elementor-widget-container\">\n\t\t\t\t\t\t\t\t\t\t\t\t\t\t\t<img loading=\"lazy\" decoding=\"async\" width=\"600\" height=\"800\" src=\"https:\/\/xn--krnerschule-rfb.de\/wp-content\/uploads\/2022\/08\/Saint-Phalle-1.jpg\" class=\"attachment-large size-large wp-image-1792\" alt=\"\" srcset=\"https:\/\/xn--krnerschule-rfb.de\/wp-content\/uploads\/2022\/08\/Saint-Phalle-1.jpg 600w, https:\/\/xn--krnerschule-rfb.de\/wp-content\/uploads\/2022\/08\/Saint-Phalle-1-225x300.jpg 225w\" sizes=\"(max-width: 600px) 100vw, 600px\" \/>\t\t\t\t\t\t\t\t\t\t\t\t\t\t\t<\/div>\n\t\t\t\t<\/div>\n\t\t\t\t\t<\/div>\n\t\t<\/div>\n\t\t\t\t\t<\/div>\n\t\t<\/section>\n\t\t\t\t<section class=\"elementor-section elementor-top-section elementor-element elementor-element-14f469a elementor-section-boxed elementor-section-height-default elementor-section-height-default\" data-id=\"14f469a\" data-element_type=\"section\" data-e-type=\"section\">\n\t\t\t\t\t\t<div class=\"elementor-container elementor-column-gap-default\">\n\t\t\t\t\t<div class=\"elementor-column elementor-col-100 elementor-top-column elementor-element elementor-element-6b06977\" data-id=\"6b06977\" data-element_type=\"column\" data-e-type=\"column\">\n\t\t\t<div class=\"elementor-widget-wrap elementor-element-populated\">\n\t\t\t\t\t\t<div class=\"elementor-element elementor-element-10d1d0d elementor-widget elementor-widget-text-editor\" data-id=\"10d1d0d\" data-element_type=\"widget\" data-e-type=\"widget\" data-widget_type=\"text-editor.default\">\n\t\t\t\t<div class=\"elementor-widget-container\">\n\t\t\t\t\t\t\t\t\t<p>Die Konkurrenz war gro\u00df, das wurde allen schnell klar. Und doch konnten zwei der ersten Schuljahre unserer Schule den Titel der Kulturstrolche-Klasse ergattern. Die Kinder freuen sich nun auf tolle Projekte aus verschiedenen kulturellen Bereichen. So d\u00fcrfen sie unter anderem selber Papier sch\u00f6pfen, an einer Druckwerkstatt teilnehmen, Museen, Galerien und Theaterst\u00fccke besuchen oder musikalische Angebote wahrnehmen.<\/p><p>Herzlichen Gl\u00fcckwunsch an die Kulturstrolche und viel Spa\u00df bei euren Projekten!<\/p>\t\t\t\t\t\t\t\t<\/div>\n\t\t\t\t<\/div>\n\t\t\t\t\t<\/div>\n\t\t<\/div>\n\t\t\t\t\t<\/div>\n\t\t<\/section>\n\t\t\t\t<section class=\"elementor-section elementor-top-section elementor-element elementor-element-d35f26c elementor-section-boxed elementor-section-height-default elementor-section-height-default\" data-id=\"d35f26c\" data-element_type=\"section\" data-e-type=\"section\">\n\t\t\t\t\t\t<div class=\"elementor-container elementor-column-gap-default\">\n\t\t\t\t\t<div class=\"elementor-column elementor-col-100 elementor-top-column elementor-element elementor-element-9a45522\" data-id=\"9a45522\" data-element_type=\"column\" data-e-type=\"column\">\n\t\t\t<div class=\"elementor-widget-wrap elementor-element-populated\">\n\t\t\t\t\t\t<div class=\"elementor-element elementor-element-bb2a988 elementor-widget-divider--separator-type-pattern elementor-widget-divider--no-spacing elementor-widget-divider--view-line elementor-widget elementor-widget-divider\" data-id=\"bb2a988\" data-element_type=\"widget\" data-e-type=\"widget\" data-widget_type=\"divider.default\">\n\t\t\t\t<div class=\"elementor-widget-container\">\n\t\t\t\t\t\t\t<div class=\"elementor-divider\" style=\"--divider-pattern-url: url(&quot;data:image\/svg+xml,%3Csvg xmlns=&#039;http:\/\/www.w3.org\/2000\/svg&#039; preserveAspectRatio=&#039;xMidYMid meet&#039; overflow=&#039;visible&#039; height=&#039;100%&#039; viewBox=&#039;0 0 126 26&#039; fill=&#039;black&#039; stroke=&#039;none&#039;%3E%3Cpath d=&#039;M3,10.2c2.6,0,2.6,2,2.6,3.2S4.4,16.5,3,16.5s-3-1.4-3-3.2S0.4,10.2,3,10.2z M18.8,10.2c1.7,0,3.2,1.4,3.2,3.2s-1.4,3.2-3.2,3.2c-1.7,0-3.2-1.4-3.2-3.2S17,10.2,18.8,10.2z M34.6,10.2c1.5,0,2.6,1.4,2.6,3.2s-0.5,3.2-1.9,3.2c-1.5,0-3.4-1.4-3.4-3.2S33.1,10.2,34.6,10.2z M50.5,10.2c1.7,0,3.2,1.4,3.2,3.2s-1.4,3.2-3.2,3.2c-1.7,0-3.3-0.9-3.3-2.6S48.7,10.2,50.5,10.2z M66.2,10.2c1.5,0,3.4,1.4,3.4,3.2s-1.9,3.2-3.4,3.2c-1.5,0-2.6-0.4-2.6-2.1S64.8,10.2,66.2,10.2z M82.2,10.2c1.7,0.8,2.6,1.4,2.6,3.2s-0.1,3.2-1.6,3.2c-1.5,0-3.7-1.4-3.7-3.2S80.5,9.4,82.2,10.2zM98.6,10.2c1.5,0,2.6,0.4,2.6,2.1s-1.2,4.2-2.6,4.2c-1.5,0-3.7-0.4-3.7-2.1S97.1,10.2,98.6,10.2z M113.4,10.2c1.2,0,2.2,0.9,2.2,3.2s-0.1,3.2-1.3,3.2s-3.1-1.4-3.1-3.2S112.2,10.2,113.4,10.2z&#039;\/%3E%3C\/svg%3E&quot;);\">\n\t\t\t<span class=\"elementor-divider-separator\">\n\t\t\t\t\t\t<\/span>\n\t\t<\/div>\n\t\t\t\t\t\t<\/div>\n\t\t\t\t<\/div>\n\t\t\t\t\t<\/div>\n\t\t<\/div>\n\t\t\t\t\t<\/div>\n\t\t<\/section>\n\t\t\t\t<section class=\"elementor-section elementor-top-section elementor-element elementor-element-50b86ef elementor-section-boxed elementor-section-height-default elementor-section-height-default\" data-id=\"50b86ef\" data-element_type=\"section\" data-e-type=\"section\">\n\t\t\t\t\t\t<div class=\"elementor-container elementor-column-gap-default\">\n\t\t\t\t\t<div class=\"elementor-column elementor-col-50 elementor-top-column elementor-element elementor-element-ceab146\" data-id=\"ceab146\" data-element_type=\"column\" data-e-type=\"column\">\n\t\t\t<div class=\"elementor-widget-wrap elementor-element-populated\">\n\t\t\t\t\t\t<div class=\"elementor-element elementor-element-c978d3a elementor-view-default elementor-widget elementor-widget-icon\" data-id=\"c978d3a\" data-element_type=\"widget\" data-e-type=\"widget\" data-widget_type=\"icon.default\">\n\t\t\t\t<div class=\"elementor-widget-container\">\n\t\t\t\t\t\t\t<div class=\"elementor-icon-wrapper\">\n\t\t\t<a class=\"elementor-icon\" href=\"http:\/\/xn--krnerschule-rfb.de\/index.php\/hoerspielprojekt\/\">\n\t\t\t<i aria-hidden=\"true\" class=\"fas fa-headphones\"><\/i>\t\t\t<\/a>\n\t\t<\/div>\n\t\t\t\t\t\t<\/div>\n\t\t\t\t<\/div>\n\t\t\t\t\t<\/div>\n\t\t<\/div>\n\t\t\t\t<div class=\"elementor-column elementor-col-50 elementor-top-column elementor-element elementor-element-d0c88c9\" data-id=\"d0c88c9\" data-element_type=\"column\" data-e-type=\"column\">\n\t\t\t<div class=\"elementor-widget-wrap elementor-element-populated\">\n\t\t\t\t\t\t<div class=\"elementor-element elementor-element-73e52c2 elementor-view-default elementor-widget elementor-widget-icon\" data-id=\"73e52c2\" data-element_type=\"widget\" data-e-type=\"widget\" data-widget_type=\"icon.default\">\n\t\t\t\t<div class=\"elementor-widget-container\">\n\t\t\t\t\t\t\t<div class=\"elementor-icon-wrapper\">\n\t\t\t<a class=\"elementor-icon\" href=\"http:\/\/xn--krnerschule-rfb.de\/index.php\/leseabend\/\">\n\t\t\t<i aria-hidden=\"true\" class=\"fas fa-book-reader\"><\/i>\t\t\t<\/a>\n\t\t<\/div>\n\t\t\t\t\t\t<\/div>\n\t\t\t\t<\/div>\n\t\t\t\t\t<\/div>\n\t\t<\/div>\n\t\t\t\t\t<\/div>\n\t\t<\/section>\n\t\t\t\t<section class=\"elementor-section elementor-top-section elementor-element elementor-element-5194688 elementor-section-boxed elementor-section-height-default elementor-section-height-default\" data-id=\"5194688\" data-element_type=\"section\" data-e-type=\"section\">\n\t\t\t\t\t\t<div class=\"elementor-container elementor-column-gap-default\">\n\t\t\t\t\t<div class=\"elementor-column elementor-col-50 elementor-top-column elementor-element elementor-element-ae79637\" data-id=\"ae79637\" data-element_type=\"column\" data-e-type=\"column\">\n\t\t\t<div class=\"elementor-widget-wrap elementor-element-populated\">\n\t\t\t\t\t\t<div class=\"elementor-element elementor-element-343ef6a elementor-widget elementor-widget-text-editor\" data-id=\"343ef6a\" data-element_type=\"widget\" data-e-type=\"widget\" data-widget_type=\"text-editor.default\">\n\t\t\t\t<div class=\"elementor-widget-container\">\n\t\t\t\t\t\t\t\t\t<h6 style=\"text-align: center;\"><strong>H\u00f6rspielprojekt der Klasse 3c<br \/><\/strong><strong style=\"font-variant-ligatures: normal; font-variant-caps: normal; font-family: Roboto, sans-serif; font-size: 19px; font-style: normal;\">im Schuljahr 2019\/2020<\/strong><strong><br \/><\/strong><\/h6>\t\t\t\t\t\t\t\t<\/div>\n\t\t\t\t<\/div>\n\t\t\t\t\t<\/div>\n\t\t<\/div>\n\t\t\t\t<div class=\"elementor-column elementor-col-50 elementor-top-column elementor-element elementor-element-cfb6006\" data-id=\"cfb6006\" data-element_type=\"column\" data-e-type=\"column\">\n\t\t\t<div class=\"elementor-widget-wrap elementor-element-populated\">\n\t\t\t\t\t\t<div class=\"elementor-element elementor-element-8956a57 elementor-widget elementor-widget-text-editor\" data-id=\"8956a57\" data-element_type=\"widget\" data-e-type=\"widget\" data-widget_type=\"text-editor.default\">\n\t\t\t\t<div class=\"elementor-widget-container\">\n\t\t\t\t\t\t\t\t\t<h6 style=\"text-align: center;\"><strong>Leseabend der Klasse 3b<br \/>im Schuljahr 2019\/2020<\/strong><\/h6>\t\t\t\t\t\t\t\t<\/div>\n\t\t\t\t<\/div>\n\t\t\t\t\t<\/div>\n\t\t<\/div>\n\t\t\t\t\t<\/div>\n\t\t<\/section>\n\t\t\t\t<\/div>\n\t\t","protected":false},"excerpt":{"rendered":"<p>Auf dem Weg zur Kulturstrolche-Klasse Zu den Kulturstrolchen zu geh\u00f6ren ist spitze, denn die Kulturstrolche-Klassen d\u00fcrfen im 2., 3. und 4. Schuljahr an spannenden Projekten teilnehmen. Im Fr\u00fchjahr wurden die Klassenr\u00e4ume der 1a, 1b und 1c darum zu kreativen Ateliers, in denen Ideen gesammelt, mit Kleister geklebt, mit Farbe gematscht und mit Begeisterung gewerkelt wurde. [&hellip;]<\/p>\n","protected":false},"author":3,"featured_media":0,"parent":0,"menu_order":0,"comment_status":"closed","ping_status":"closed","template":"","meta":{"footnotes":""},"class_list":["post-702","page","type-page","status-publish","hentry"],"_links":{"self":[{"href":"https:\/\/xn--krnerschule-rfb.de\/index.php\/wp-json\/wp\/v2\/pages\/702","targetHints":{"allow":["GET"]}}],"collection":[{"href":"https:\/\/xn--krnerschule-rfb.de\/index.php\/wp-json\/wp\/v2\/pages"}],"about":[{"href":"https:\/\/xn--krnerschule-rfb.de\/index.php\/wp-json\/wp\/v2\/types\/page"}],"author":[{"embeddable":true,"href":"https:\/\/xn--krnerschule-rfb.de\/index.php\/wp-json\/wp\/v2\/users\/3"}],"replies":[{"embeddable":true,"href":"https:\/\/xn--krnerschule-rfb.de\/index.php\/wp-json\/wp\/v2\/comments?post=702"}],"version-history":[{"count":20,"href":"https:\/\/xn--krnerschule-rfb.de\/index.php\/wp-json\/wp\/v2\/pages\/702\/revisions"}],"predecessor-version":[{"id":1795,"href":"https:\/\/xn--krnerschule-rfb.de\/index.php\/wp-json\/wp\/v2\/pages\/702\/revisions\/1795"}],"wp:attachment":[{"href":"https:\/\/xn--krnerschule-rfb.de\/index.php\/wp-json\/wp\/v2\/media?parent=702"}],"curies":[{"name":"wp","href":"https:\/\/api.w.org\/{rel}","templated":true}]}}