{"id":575,"date":"2020-05-02T16:16:46","date_gmt":"2020-05-02T14:16:46","guid":{"rendered":"http:\/\/xn--krnerschule-rfb.de\/?page_id=575"},"modified":"2024-03-13T11:06:53","modified_gmt":"2024-03-13T10:06:53","slug":"schulleben","status":"publish","type":"page","link":"https:\/\/xn--krnerschule-rfb.de\/index.php\/schulleben\/","title":{"rendered":"SCHULLEBEN"},"content":{"rendered":"\t\t<div data-elementor-type=\"wp-page\" data-elementor-id=\"575\" class=\"elementor elementor-575\">\n\t\t\t\t\t\t<section class=\"elementor-section elementor-top-section elementor-element elementor-element-274ea02 elementor-section-boxed elementor-section-height-default elementor-section-height-default\" data-id=\"274ea02\" data-element_type=\"section\" data-e-type=\"section\">\n\t\t\t\t\t\t<div class=\"elementor-container elementor-column-gap-default\">\n\t\t\t\t\t<div class=\"elementor-column elementor-col-100 elementor-top-column elementor-element elementor-element-959d9a3\" data-id=\"959d9a3\" data-element_type=\"column\" data-e-type=\"column\">\n\t\t\t<div class=\"elementor-widget-wrap elementor-element-populated\">\n\t\t\t\t\t\t<div class=\"elementor-element elementor-element-654d636 elementor-widget elementor-widget-text-editor\" data-id=\"654d636\" data-element_type=\"widget\" data-e-type=\"widget\" data-widget_type=\"text-editor.default\">\n\t\t\t\t<div class=\"elementor-widget-container\">\n\t\t\t\t\t\t\t\t\t<p style=\"font-variant-ligatures: normal; font-variant-caps: normal; font-family: Roboto, sans-serif; font-size: 16px; font-style: normal; font-weight: 400; text-align: justify;\">So bunt und vielf\u00e4ltig unsere Schule ist, so abwechslungsreich und spannend ist der Schulalltag an der K\u00f6rnerschule. Dies st\u00e4rkt nicht nur das Gemeinschaftsgef\u00fchl und den Zusammenhalt, sondern tr\u00e4gt auch zur Vermittlung wichtiger Werte und Tugenden bei, die durch liebgewonnene Rituale gef\u00f6rdert werden und somit nicht in Vergessenheit geraten.<\/p><p style=\"font-variant-ligatures: normal; font-variant-caps: normal; font-family: Roboto, sans-serif; font-size: 16px; font-style: normal; font-weight: 400; text-align: justify;\">Das Schulleben unterst\u00fctzt in hohem Ma\u00dfe die Sozialkompetenz jedes einzelnen und bewirkt, dass die Sch\u00fcler aller Klassen freundschaftlich miteinander umgehen und dass auch zwischen den verschiedenen Jahrgangsstufen viele Freundschaften bestehen. Das gute Klima f\u00fchrt dazu, dass sich alle Kinder an der K\u00f6rnerschule wohl f\u00fchlen und eine sch\u00f6ne Grundschulzeit erleben d\u00fcrfen. Deshalb sind unsere Klassen- und Schulregeln auch unsere \u201eWohlf\u00fchlregeln\u201c.<\/p>\t\t\t\t\t\t\t\t<\/div>\n\t\t\t\t<\/div>\n\t\t\t\t\t<\/div>\n\t\t<\/div>\n\t\t\t\t\t<\/div>\n\t\t<\/section>\n\t\t\t\t<section class=\"elementor-section elementor-top-section elementor-element elementor-element-3e482fb elementor-section-boxed elementor-section-height-default elementor-section-height-default\" data-id=\"3e482fb\" data-element_type=\"section\" data-e-type=\"section\">\n\t\t\t\t\t\t<div class=\"elementor-container elementor-column-gap-default\">\n\t\t\t\t\t<div class=\"elementor-column elementor-col-50 elementor-top-column elementor-element elementor-element-3b0708c\" data-id=\"3b0708c\" data-element_type=\"column\" data-e-type=\"column\">\n\t\t\t<div class=\"elementor-widget-wrap elementor-element-populated\">\n\t\t\t\t\t\t<div class=\"elementor-element elementor-element-fd4496e elementor-widget elementor-widget-text-editor\" data-id=\"fd4496e\" data-element_type=\"widget\" data-e-type=\"widget\" data-widget_type=\"text-editor.default\">\n\t\t\t\t<div class=\"elementor-widget-container\">\n\t\t\t\t\t\t\t\t\t<p style=\"text-align: justify;\"><span style=\"font-family: Roboto, sans-serif; font-size: 16px; font-style: normal; font-variant-ligatures: normal; font-variant-caps: normal; font-weight: 400; text-align: justify;\">So ist die Schule nicht nur Mittelpunkt des Lernens, sondern auch Mittelpunkt eines bunten Stadtlebens, das viele au\u00dferschulische Lernorte wie den Wochenmarkt, die Bibliothek, die Kreismusikschule, den Hohen Busch, die verschiedenen Kirchen etc. f\u00fcr uns \u201edirekt vor der T\u00fcr\u201c bereit h\u00e4lt.<\/span><\/p>\t\t\t\t\t\t\t\t<\/div>\n\t\t\t\t<\/div>\n\t\t\t\t\t<\/div>\n\t\t<\/div>\n\t\t\t\t<div class=\"elementor-column elementor-col-50 elementor-top-column elementor-element elementor-element-835bc09\" data-id=\"835bc09\" data-element_type=\"column\" data-e-type=\"column\">\n\t\t\t<div class=\"elementor-widget-wrap elementor-element-populated\">\n\t\t\t\t\t\t<div class=\"elementor-element elementor-element-83f8cc6 elementor-view-default elementor-widget elementor-widget-icon\" data-id=\"83f8cc6\" data-element_type=\"widget\" data-e-type=\"widget\" data-widget_type=\"icon.default\">\n\t\t\t\t<div class=\"elementor-widget-container\">\n\t\t\t\t\t\t\t<div class=\"elementor-icon-wrapper\">\n\t\t\t<div class=\"elementor-icon\">\n\t\t\t<i aria-hidden=\"true\" class=\"fas fa-tree\"><\/i>\t\t\t<\/div>\n\t\t<\/div>\n\t\t\t\t\t\t<\/div>\n\t\t\t\t<\/div>\n\t\t\t\t\t<\/div>\n\t\t<\/div>\n\t\t\t\t\t<\/div>\n\t\t<\/section>\n\t\t\t\t<section class=\"elementor-section elementor-top-section elementor-element elementor-element-b564ad6 elementor-section-boxed elementor-section-height-default elementor-section-height-default\" data-id=\"b564ad6\" data-element_type=\"section\" data-e-type=\"section\">\n\t\t\t\t\t\t<div class=\"elementor-container elementor-column-gap-default\">\n\t\t\t\t\t<div class=\"elementor-column elementor-col-50 elementor-top-column elementor-element elementor-element-13ed081\" data-id=\"13ed081\" data-element_type=\"column\" data-e-type=\"column\">\n\t\t\t<div class=\"elementor-widget-wrap elementor-element-populated\">\n\t\t\t\t\t\t<div class=\"elementor-element elementor-element-25509f6 elementor-view-default elementor-widget elementor-widget-icon\" data-id=\"25509f6\" data-element_type=\"widget\" data-e-type=\"widget\" data-widget_type=\"icon.default\">\n\t\t\t\t<div class=\"elementor-widget-container\">\n\t\t\t\t\t\t\t<div class=\"elementor-icon-wrapper\">\n\t\t\t<div class=\"elementor-icon\">\n\t\t\t<i aria-hidden=\"true\" class=\"fas fa-drum\"><\/i>\t\t\t<\/div>\n\t\t<\/div>\n\t\t\t\t\t\t<\/div>\n\t\t\t\t<\/div>\n\t\t\t\t\t<\/div>\n\t\t<\/div>\n\t\t\t\t<div class=\"elementor-column elementor-col-50 elementor-top-column elementor-element elementor-element-9bf433c\" data-id=\"9bf433c\" data-element_type=\"column\" data-e-type=\"column\">\n\t\t\t<div class=\"elementor-widget-wrap elementor-element-populated\">\n\t\t\t\t\t\t<div class=\"elementor-element elementor-element-8646675 elementor-widget elementor-widget-text-editor\" data-id=\"8646675\" data-element_type=\"widget\" data-e-type=\"widget\" data-widget_type=\"text-editor.default\">\n\t\t\t\t<div class=\"elementor-widget-container\">\n\t\t\t\t\t\t\t\t\t<p style=\"text-align: justify;\"><span style=\"font-family: Roboto, sans-serif; font-size: 16px; font-style: normal; font-variant-ligatures: normal; font-variant-caps: normal; font-weight: 400; text-align: justify;\">Neben unseren Festen im Jahreskreis wie Einschulung, St. Martin, Adventssingen, Karneval, Verabschiedung der 4. Klassen, gibt es auch Kooperationsprojekte wie \u201eRhythm in the classroom\u201c (Percussionprojekt mit der Kreismusikschule), Kulturstrolche (Kulturamt Stadt Viersen), Vorlesetag (Stadtbibliothek), \u201eZ\u00e4hne im Mund \u2013 am besten gesund!\u201c (Arbeitskreis Zahngesundheit), Malwettbewerb (Volksbank Viersen), Check!\/ReCheck (Landessport-bund).<\/span><\/p>\t\t\t\t\t\t\t\t<\/div>\n\t\t\t\t<\/div>\n\t\t\t\t\t<\/div>\n\t\t<\/div>\n\t\t\t\t\t<\/div>\n\t\t<\/section>\n\t\t\t\t<section class=\"elementor-section elementor-top-section elementor-element elementor-element-54b7fb9 elementor-section-boxed elementor-section-height-default elementor-section-height-default\" data-id=\"54b7fb9\" data-element_type=\"section\" data-e-type=\"section\">\n\t\t\t\t\t\t<div class=\"elementor-container elementor-column-gap-default\">\n\t\t\t\t\t<div class=\"elementor-column elementor-col-50 elementor-top-column elementor-element elementor-element-ed19105\" data-id=\"ed19105\" data-element_type=\"column\" data-e-type=\"column\">\n\t\t\t<div class=\"elementor-widget-wrap elementor-element-populated\">\n\t\t\t\t\t\t<div class=\"elementor-element elementor-element-5171f5d elementor-widget elementor-widget-text-editor\" data-id=\"5171f5d\" data-element_type=\"widget\" data-e-type=\"widget\" data-widget_type=\"text-editor.default\">\n\t\t\t\t<div class=\"elementor-widget-container\">\n\t\t\t\t\t\t\t\t\t<p style=\"text-align: justify;\"><span style=\"font-family: Roboto, sans-serif; font-size: 16px; font-style: normal; font-variant-ligatures: normal; font-variant-caps: normal; font-weight: 400; text-align: justify;\">Sportliche Wettk\u00e4mpfe wie die Mini-WM im Fu\u00dfball oder der Leichtathletik sowie der Schwimmwettbewerb auf Kreisebene sind fester Bestandteil des Schullebens an der K\u00f6rnerschule zur F\u00f6rderung unterschiedlicher Interessen, Neigungen und Talente.<\/span><\/p>\t\t\t\t\t\t\t\t<\/div>\n\t\t\t\t<\/div>\n\t\t\t\t\t<\/div>\n\t\t<\/div>\n\t\t\t\t<div class=\"elementor-column elementor-col-50 elementor-top-column elementor-element elementor-element-8e00406\" data-id=\"8e00406\" data-element_type=\"column\" data-e-type=\"column\">\n\t\t\t<div class=\"elementor-widget-wrap elementor-element-populated\">\n\t\t\t\t\t\t<div class=\"elementor-element elementor-element-96b5a09 elementor-view-default elementor-widget elementor-widget-icon\" data-id=\"96b5a09\" data-element_type=\"widget\" data-e-type=\"widget\" data-widget_type=\"icon.default\">\n\t\t\t\t<div class=\"elementor-widget-container\">\n\t\t\t\t\t\t\t<div class=\"elementor-icon-wrapper\">\n\t\t\t<div class=\"elementor-icon\">\n\t\t\t<i aria-hidden=\"true\" class=\"fas fa-swimmer\"><\/i>\t\t\t<\/div>\n\t\t<\/div>\n\t\t\t\t\t\t<\/div>\n\t\t\t\t<\/div>\n\t\t\t\t\t<\/div>\n\t\t<\/div>\n\t\t\t\t\t<\/div>\n\t\t<\/section>\n\t\t\t\t<section class=\"elementor-section elementor-top-section elementor-element elementor-element-19c0df6 elementor-section-boxed elementor-section-height-default elementor-section-height-default\" data-id=\"19c0df6\" data-element_type=\"section\" data-e-type=\"section\">\n\t\t\t\t\t\t<div class=\"elementor-container elementor-column-gap-default\">\n\t\t\t\t\t<div class=\"elementor-column elementor-col-50 elementor-top-column elementor-element elementor-element-39b6cde\" data-id=\"39b6cde\" data-element_type=\"column\" data-e-type=\"column\">\n\t\t\t<div class=\"elementor-widget-wrap elementor-element-populated\">\n\t\t\t\t\t\t<div class=\"elementor-element elementor-element-1b1f207 elementor-view-default elementor-widget elementor-widget-icon\" data-id=\"1b1f207\" data-element_type=\"widget\" data-e-type=\"widget\" data-widget_type=\"icon.default\">\n\t\t\t\t<div class=\"elementor-widget-container\">\n\t\t\t\t\t\t\t<div class=\"elementor-icon-wrapper\">\n\t\t\t<div class=\"elementor-icon\">\n\t\t\t<i aria-hidden=\"true\" class=\"fas fa-theater-masks\"><\/i>\t\t\t<\/div>\n\t\t<\/div>\n\t\t\t\t\t\t<\/div>\n\t\t\t\t<\/div>\n\t\t\t\t\t<\/div>\n\t\t<\/div>\n\t\t\t\t<div class=\"elementor-column elementor-col-50 elementor-top-column elementor-element elementor-element-2388900\" data-id=\"2388900\" data-element_type=\"column\" data-e-type=\"column\">\n\t\t\t<div class=\"elementor-widget-wrap elementor-element-populated\">\n\t\t\t\t\t\t<div class=\"elementor-element elementor-element-d049fdd elementor-widget elementor-widget-text-editor\" data-id=\"d049fdd\" data-element_type=\"widget\" data-e-type=\"widget\" data-widget_type=\"text-editor.default\">\n\t\t\t\t<div class=\"elementor-widget-container\">\n\t\t\t\t\t\t\t\t\t<p style=\"text-align: justify;\"><span style=\"font-family: Roboto, sans-serif; font-size: 16px; font-style: normal; font-variant-ligatures: normal; font-variant-caps: normal; font-weight: 400; text-align: justify;\">Ein weiterer Baustein sind Themenprojekte, Theaterbesuche\u00a0 (Festhalle), Verkehrsprojekte (Kreis Viersen \/ Radfahrausbildung und Schulwegtraining), Autorenlesungen, H\u00f6rspielprojekte, Auff\u00fchrung eines schuleigenen Musicals (alle 4 Jahre), Gottesdienste, Ausfl\u00fcge und Klassenfahrten sowie unser Pr\u00e4ventionstheaterst\u00fcck \u201eMein K\u00f6rper geh\u00f6rt mir!\u201c (Theaterp\u00e4dagogische Werkstatt) und die beliebten Lesen\u00e4chte, die den Kindern einen Zugang zu kindgerechter Literatur erm\u00f6glichen sollen und die Schule von einer anderen Seite erkennen l\u00e4sst.<\/span><\/p>\t\t\t\t\t\t\t\t<\/div>\n\t\t\t\t<\/div>\n\t\t\t\t\t<\/div>\n\t\t<\/div>\n\t\t\t\t\t<\/div>\n\t\t<\/section>\n\t\t\t\t<section class=\"elementor-section elementor-top-section elementor-element elementor-element-2e36f3d elementor-section-boxed elementor-section-height-default elementor-section-height-default\" data-id=\"2e36f3d\" data-element_type=\"section\" data-e-type=\"section\">\n\t\t\t\t\t\t<div class=\"elementor-container elementor-column-gap-default\">\n\t\t\t\t\t<div class=\"elementor-column elementor-col-100 elementor-top-column elementor-element elementor-element-9705feb\" data-id=\"9705feb\" data-element_type=\"column\" data-e-type=\"column\">\n\t\t\t<div class=\"elementor-widget-wrap elementor-element-populated\">\n\t\t\t\t\t\t<div class=\"elementor-element elementor-element-ced26ee elementor-widget elementor-widget-text-editor\" data-id=\"ced26ee\" data-element_type=\"widget\" data-e-type=\"widget\" data-widget_type=\"text-editor.default\">\n\t\t\t\t<div class=\"elementor-widget-container\">\n\t\t\t\t\t\t\t\t\t<p><span style=\"font-size: 16px;\">Es folgt nun eine kleine Auswahl verschiedener Aktivit\u00e4ten und Projekte, die an unserer Schule in regelm\u00e4\u00dfigen Abst\u00e4nden durchgef\u00fchrt werden.<\/span><\/p>\t\t\t\t\t\t\t\t<\/div>\n\t\t\t\t<\/div>\n\t\t\t\t\t<\/div>\n\t\t<\/div>\n\t\t\t\t\t<\/div>\n\t\t<\/section>\n\t\t\t\t<\/div>\n\t\t","protected":false},"excerpt":{"rendered":"<p>So bunt und vielf\u00e4ltig unsere Schule ist, so abwechslungsreich und spannend ist der Schulalltag an der K\u00f6rnerschule. Dies st\u00e4rkt nicht nur das Gemeinschaftsgef\u00fchl und den Zusammenhalt, sondern tr\u00e4gt auch zur Vermittlung wichtiger Werte und Tugenden bei, die durch liebgewonnene Rituale gef\u00f6rdert werden und somit nicht in Vergessenheit geraten. Das Schulleben unterst\u00fctzt in hohem Ma\u00dfe die [&hellip;]<\/p>\n","protected":false},"author":3,"featured_media":0,"parent":0,"menu_order":0,"comment_status":"closed","ping_status":"closed","template":"","meta":{"footnotes":""},"class_list":["post-575","page","type-page","status-publish","hentry"],"_links":{"self":[{"href":"https:\/\/xn--krnerschule-rfb.de\/index.php\/wp-json\/wp\/v2\/pages\/575","targetHints":{"allow":["GET"]}}],"collection":[{"href":"https:\/\/xn--krnerschule-rfb.de\/index.php\/wp-json\/wp\/v2\/pages"}],"about":[{"href":"https:\/\/xn--krnerschule-rfb.de\/index.php\/wp-json\/wp\/v2\/types\/page"}],"author":[{"embeddable":true,"href":"https:\/\/xn--krnerschule-rfb.de\/index.php\/wp-json\/wp\/v2\/users\/3"}],"replies":[{"embeddable":true,"href":"https:\/\/xn--krnerschule-rfb.de\/index.php\/wp-json\/wp\/v2\/comments?post=575"}],"version-history":[{"count":15,"href":"https:\/\/xn--krnerschule-rfb.de\/index.php\/wp-json\/wp\/v2\/pages\/575\/revisions"}],"predecessor-version":[{"id":2571,"href":"https:\/\/xn--krnerschule-rfb.de\/index.php\/wp-json\/wp\/v2\/pages\/575\/revisions\/2571"}],"wp:attachment":[{"href":"https:\/\/xn--krnerschule-rfb.de\/index.php\/wp-json\/wp\/v2\/media?parent=575"}],"curies":[{"name":"wp","href":"https:\/\/api.w.org\/{rel}","templated":true}]}}