{"id":506,"date":"2020-04-21T18:44:18","date_gmt":"2020-04-21T16:44:18","guid":{"rendered":"http:\/\/xn--krnerschule-rfb.de\/?page_id=506"},"modified":"2025-03-14T14:48:14","modified_gmt":"2025-03-14T13:48:14","slug":"rundgang","status":"publish","type":"page","link":"https:\/\/xn--krnerschule-rfb.de\/index.php\/rundgang\/","title":{"rendered":"Rundgang"},"content":{"rendered":"\t\t<div data-elementor-type=\"wp-page\" data-elementor-id=\"506\" class=\"elementor elementor-506\">\n\t\t\t\t\t\t<section class=\"elementor-section elementor-top-section elementor-element elementor-element-32f18ff elementor-section-boxed elementor-section-height-default elementor-section-height-default\" data-id=\"32f18ff\" data-element_type=\"section\" data-e-type=\"section\">\n\t\t\t\t\t\t<div class=\"elementor-container elementor-column-gap-default\">\n\t\t\t\t\t<div class=\"elementor-column elementor-col-100 elementor-top-column elementor-element elementor-element-7ab1b2f\" data-id=\"7ab1b2f\" data-element_type=\"column\" data-e-type=\"column\">\n\t\t\t<div class=\"elementor-widget-wrap elementor-element-populated\">\n\t\t\t\t\t\t<div class=\"elementor-element elementor-element-a1b251d elementor-widget elementor-widget-text-editor\" data-id=\"a1b251d\" data-element_type=\"widget\" data-e-type=\"widget\" data-widget_type=\"text-editor.default\">\n\t\t\t\t<div class=\"elementor-widget-container\">\n\t\t\t\t\t\t\t\t\t<p>Die K\u00f6rnerschule besteht aus drei Geb\u00e4uden. Im Hauptgeb\u00e4ude mit gelber Fassade befinden sich neben dem Sekretariat, dem Lehrerzimmer und der gro\u00dfen Aula mit intergrierter B\u00fchne auch die Klassenr\u00e4ume des Jahrgangs 4. Im Nebengeb\u00e4ude mit Backsteinfassade finden Sie in den teilweise multifunktionalen R\u00e4umen die Klassenzimmer der Jahrg\u00e4nge 1 und 2. In unserem aktuellen Drittgeb\u00e4ude befinden sich neben der OGS und der Betreuung auch die Klassenr\u00e4ume des Jahrgangs 3.<\/p><p>Unser Schulhof ist in verschiedene Spielbereiche aufgeteilt ist. Bei geeignetem Wetter wird zudem die gro\u00dfe Wiese hinter dem Drittgeb\u00e4ude f\u00fcr das Pausenspiel, Sportstunden und die Vorbereitung auf die Bundesjugendspiele genutzt.<br \/>Schauen Sie sich gerne um!<\/p>\t\t\t\t\t\t\t\t<\/div>\n\t\t\t\t<\/div>\n\t\t\t\t\t<\/div>\n\t\t<\/div>\n\t\t\t\t\t<\/div>\n\t\t<\/section>\n\t\t\t\t<section class=\"elementor-section elementor-top-section elementor-element elementor-element-447d4be elementor-section-boxed elementor-section-height-default elementor-section-height-default\" data-id=\"447d4be\" data-element_type=\"section\" data-e-type=\"section\">\n\t\t\t\t\t\t<div class=\"elementor-container elementor-column-gap-default\">\n\t\t\t\t\t<div class=\"elementor-column elementor-col-100 elementor-top-column elementor-element elementor-element-81f3972\" data-id=\"81f3972\" data-element_type=\"column\" data-e-type=\"column\" data-settings=\"{&quot;background_background&quot;:&quot;slideshow&quot;,&quot;background_slideshow_gallery&quot;:[],&quot;background_slideshow_loop&quot;:&quot;yes&quot;,&quot;background_slideshow_slide_duration&quot;:5000,&quot;background_slideshow_slide_transition&quot;:&quot;fade&quot;,&quot;background_slideshow_transition_duration&quot;:500}\">\n\t\t\t<div class=\"elementor-widget-wrap elementor-element-populated\">\n\t\t\t\t\t\t<div class=\"elementor-element elementor-element-c7af5a0 elementor-widget elementor-widget-image-gallery\" data-id=\"c7af5a0\" data-element_type=\"widget\" data-e-type=\"widget\" data-widget_type=\"image-gallery.default\">\n\t\t\t\t<div class=\"elementor-widget-container\">\n\t\t\t\t\t\t\t<div class=\"elementor-image-gallery\">\n\t\t\t<div id='gallery-1' class='gallery galleryid-506 gallery-columns-4 gallery-size-thumbnail'><figure class='gallery-item'>\n\t\t\t<div class='gallery-icon landscape'>\n\t\t\t\t<a data-elementor-open-lightbox=\"yes\" data-elementor-lightbox-slideshow=\"c7af5a0\" data-elementor-lightbox-description=\"Sekretariat - Lehrerzimmer - Aula - Klassenr\u00e4ume der Jahrg\u00e4nge 3 und 4\" data-e-action-hash=\"#elementor-action%3Aaction%3Dlightbox%26settings%3DeyJpZCI6NTEyLCJ1cmwiOiJodHRwczpcL1wveG4tLWtybmVyc2NodWxlLXJmYi5kZVwvd3AtY29udGVudFwvdXBsb2Fkc1wvMjAyMFwvMDRcL0hhdXB0Z2ViYWV1ZGUtc2NhbGVkLWUxNjMxNjM0NzE2NzIxLmpwZyIsInNsaWRlc2hvdyI6ImM3YWY1YTAifQ%3D%3D\" href='https:\/\/xn--krnerschule-rfb.de\/wp-content\/uploads\/2020\/04\/Hauptgebaeude-scaled-e1631634716721.jpg'><img decoding=\"async\" width=\"150\" height=\"150\" src=\"https:\/\/xn--krnerschule-rfb.de\/wp-content\/uploads\/2020\/04\/Hauptgebaeude-150x150.jpg\" class=\"attachment-thumbnail size-thumbnail\" alt=\"Hauptgebaeude\" \/><\/a>\n\t\t\t<\/div><\/figure><figure class='gallery-item'>\n\t\t\t<div class='gallery-icon landscape'>\n\t\t\t\t<a data-elementor-open-lightbox=\"yes\" data-elementor-lightbox-slideshow=\"c7af5a0\" data-elementor-lightbox-description=\"Klassenr\u00e4ume der Jahrg\u00e4nge 1 und 2 - Betreuung - OGS\" data-e-action-hash=\"#elementor-action%3Aaction%3Dlightbox%26settings%3DeyJpZCI6NTE4LCJ1cmwiOiJodHRwczpcL1wveG4tLWtybmVyc2NodWxlLXJmYi5kZVwvd3AtY29udGVudFwvdXBsb2Fkc1wvMjAyMFwvMDRcL05lYmVuZ2ViYWV1ZGUtc2NhbGVkLWUxNjMxNjM0NjU1Mzc0LmpwZyIsInNsaWRlc2hvdyI6ImM3YWY1YTAifQ%3D%3D\" href='https:\/\/xn--krnerschule-rfb.de\/wp-content\/uploads\/2020\/04\/Nebengebaeude-scaled-e1631634655374.jpg'><img decoding=\"async\" width=\"150\" height=\"150\" src=\"https:\/\/xn--krnerschule-rfb.de\/wp-content\/uploads\/2020\/04\/Nebengebaeude-150x150.jpg\" class=\"attachment-thumbnail size-thumbnail\" alt=\"Nebengeb\u00e4ude\" \/><\/a>\n\t\t\t<\/div><\/figure><figure class='gallery-item'>\n\t\t\t<div class='gallery-icon landscape'>\n\t\t\t\t<a data-elementor-open-lightbox=\"yes\" data-elementor-lightbox-slideshow=\"c7af5a0\" data-elementor-lightbox-description=\"Klassenr\u00e4ume der Jahrg\u00e4nge 1 und 2 - Betreuung - OGS\" data-e-action-hash=\"#elementor-action%3Aaction%3Dlightbox%26settings%3DeyJpZCI6MjQ4MCwidXJsIjoiaHR0cHM6XC9cL3huLS1rcm5lcnNjaHVsZS1yZmIuZGVcL3dwLWNvbnRlbnRcL3VwbG9hZHNcLzIwMjRcLzAzXC9LbGV0dGVyc2VpbGUuanBnIiwic2xpZGVzaG93IjoiYzdhZjVhMCJ9\" data-elementor-lightbox-title=\"Kletterseile\" href='https:\/\/xn--krnerschule-rfb.de\/wp-content\/uploads\/2024\/03\/Kletterseile.jpg'><img decoding=\"async\" width=\"150\" height=\"150\" src=\"https:\/\/xn--krnerschule-rfb.de\/wp-content\/uploads\/2024\/03\/Kletterseile-150x150.jpg\" class=\"attachment-thumbnail size-thumbnail\" alt=\"\" \/><\/a>\n\t\t\t<\/div><\/figure><figure class='gallery-item'>\n\t\t\t<div class='gallery-icon landscape'>\n\t\t\t\t<a data-elementor-open-lightbox=\"yes\" data-elementor-lightbox-slideshow=\"c7af5a0\" data-elementor-lightbox-description=\"Beide Geb\u00e4ude auf einen Blick\" data-e-action-hash=\"#elementor-action%3Aaction%3Dlightbox%26settings%3DeyJpZCI6NTExLCJ1cmwiOiJodHRwczpcL1wveG4tLWtybmVyc2NodWxlLXJmYi5kZVwvd3AtY29udGVudFwvdXBsb2Fkc1wvMjAyMFwvMDRcL2JlaWRlLUdlYmFldWRlLXNjYWxlZC1lMTYzMTYzNDcyNDMzNC5qcGciLCJzbGlkZXNob3ciOiJjN2FmNWEwIn0%3D\" data-elementor-lightbox-title=\"Kletterseile\" href='https:\/\/xn--krnerschule-rfb.de\/wp-content\/uploads\/2020\/04\/beide-Gebaeude-scaled-e1631634724334.jpg'><img loading=\"lazy\" decoding=\"async\" width=\"150\" height=\"150\" src=\"https:\/\/xn--krnerschule-rfb.de\/wp-content\/uploads\/2020\/04\/beide-Gebaeude-150x150.jpg\" class=\"attachment-thumbnail size-thumbnail\" alt=\"beide-Gebaeude\" \/><\/a>\n\t\t\t<\/div><\/figure><figure class='gallery-item'>\n\t\t\t<div class='gallery-icon landscape'>\n\t\t\t\t<a data-elementor-open-lightbox=\"yes\" data-elementor-lightbox-slideshow=\"c7af5a0\" data-elementor-lightbox-description=\"Klettern im Spinnennetz\" data-e-action-hash=\"#elementor-action%3Aaction%3Dlightbox%26settings%3DeyJpZCI6MTI5MywidXJsIjoiaHR0cHM6XC9cL3huLS1rcm5lcnNjaHVsZS1yZmIuZGVcL3dwLWNvbnRlbnRcL3VwbG9hZHNcLzIwMjFcLzA5XC9LbGV0dGVybmV0ei0yLmpwZyIsInNsaWRlc2hvdyI6ImM3YWY1YTAifQ%3D%3D\" data-elementor-lightbox-title=\"Kletterseile\" href='https:\/\/xn--krnerschule-rfb.de\/wp-content\/uploads\/2021\/09\/Kletternetz-2.jpg'><img loading=\"lazy\" decoding=\"async\" width=\"150\" height=\"150\" src=\"https:\/\/xn--krnerschule-rfb.de\/wp-content\/uploads\/2021\/09\/Kletternetz-2-150x150.jpg\" class=\"attachment-thumbnail size-thumbnail\" alt=\"Kletternetz\" \/><\/a>\n\t\t\t<\/div><\/figure><figure class='gallery-item'>\n\t\t\t<div class='gallery-icon landscape'>\n\t\t\t\t<a data-elementor-open-lightbox=\"yes\" data-elementor-lightbox-slideshow=\"c7af5a0\" data-elementor-lightbox-description=\"Zuerst springen wir Seilchen auf dem Schulhof ...\" data-e-action-hash=\"#elementor-action%3Aaction%3Dlightbox%26settings%3DeyJpZCI6MTMyNiwidXJsIjoiaHR0cHM6XC9cL3huLS1rcm5lcnNjaHVsZS1yZmIuZGVcL3dwLWNvbnRlbnRcL3VwbG9hZHNcLzIwMjFcLzA5XC9TY2h1bGhvZi1TZWlsY2hlbnNwcmluZ2VuLmpwZWciLCJzbGlkZXNob3ciOiJjN2FmNWEwIn0%3D\" data-elementor-lightbox-title=\"Kletterseile\" href='https:\/\/xn--krnerschule-rfb.de\/wp-content\/uploads\/2021\/09\/Schulhof-Seilchenspringen.jpeg'><img loading=\"lazy\" decoding=\"async\" width=\"150\" height=\"150\" src=\"https:\/\/xn--krnerschule-rfb.de\/wp-content\/uploads\/2021\/09\/Schulhof-Seilchenspringen-150x150.jpeg\" class=\"attachment-thumbnail size-thumbnail\" alt=\"\" \/><\/a>\n\t\t\t<\/div><\/figure><figure class='gallery-item'>\n\t\t\t<div class='gallery-icon landscape'>\n\t\t\t\t<a data-elementor-open-lightbox=\"yes\" data-elementor-lightbox-slideshow=\"c7af5a0\" data-elementor-lightbox-description=\"... danach finden wir ein schattiges Pl\u00e4tzchen unter dem Baum.\" data-e-action-hash=\"#elementor-action%3Aaction%3Dlightbox%26settings%3DeyJpZCI6MTMyOCwidXJsIjoiaHR0cHM6XC9cL3huLS1rcm5lcnNjaHVsZS1yZmIuZGVcL3dwLWNvbnRlbnRcL3VwbG9hZHNcLzIwMjFcLzA5XC9TY2h1bGhvZi0xLmpwZWciLCJzbGlkZXNob3ciOiJjN2FmNWEwIn0%3D\" data-elementor-lightbox-title=\"Kletterseile\" href='https:\/\/xn--krnerschule-rfb.de\/wp-content\/uploads\/2021\/09\/Schulhof-1.jpeg'><img loading=\"lazy\" decoding=\"async\" width=\"150\" height=\"150\" src=\"https:\/\/xn--krnerschule-rfb.de\/wp-content\/uploads\/2021\/09\/Schulhof-1-150x150.jpeg\" class=\"attachment-thumbnail size-thumbnail\" alt=\"\" \/><\/a>\n\t\t\t<\/div><\/figure><figure class='gallery-item'>\n\t\t\t<div class='gallery-icon landscape'>\n\t\t\t\t<a data-elementor-open-lightbox=\"yes\" data-elementor-lightbox-slideshow=\"c7af5a0\" data-elementor-lightbox-description=\"Hier spielen wir &quot;Mensch \u00e4rgere dich nicht!&quot;\" data-e-action-hash=\"#elementor-action%3Aaction%3Dlightbox%26settings%3DeyJpZCI6MTMyNSwidXJsIjoiaHR0cHM6XC9cL3huLS1rcm5lcnNjaHVsZS1yZmIuZGVcL3dwLWNvbnRlbnRcL3VwbG9hZHNcLzIwMjFcLzA5XC9TcGllbGZlbGQtS2luZGVyLmpwZyIsInNsaWRlc2hvdyI6ImM3YWY1YTAifQ%3D%3D\" data-elementor-lightbox-title=\"Kletterseile\" href='https:\/\/xn--krnerschule-rfb.de\/wp-content\/uploads\/2021\/09\/Spielfeld-Kinder.jpg'><img loading=\"lazy\" decoding=\"async\" width=\"150\" height=\"150\" src=\"https:\/\/xn--krnerschule-rfb.de\/wp-content\/uploads\/2021\/09\/Spielfeld-Kinder-150x150.jpg\" class=\"attachment-thumbnail size-thumbnail\" alt=\"\" \/><\/a>\n\t\t\t<\/div><\/figure><figure class='gallery-item'>\n\t\t\t<div class='gallery-icon landscape'>\n\t\t\t\t<a data-elementor-open-lightbox=\"yes\" data-elementor-lightbox-slideshow=\"c7af5a0\" data-elementor-lightbox-description=\"Eingang Nebengeb\u00e4ude\" data-e-action-hash=\"#elementor-action%3Aaction%3Dlightbox%26settings%3DeyJpZCI6MTMyNywidXJsIjoiaHR0cHM6XC9cL3huLS1rcm5lcnNjaHVsZS1yZmIuZGVcL3dwLWNvbnRlbnRcL3VwbG9hZHNcLzIwMjFcLzA5XC9FaW5nYW5nLU5lYmVuZ2ViYWV1ZGUuanBlZyIsInNsaWRlc2hvdyI6ImM3YWY1YTAifQ%3D%3D\" data-elementor-lightbox-title=\"Kletterseile\" href='https:\/\/xn--krnerschule-rfb.de\/wp-content\/uploads\/2021\/09\/Eingang-Nebengebaeude.jpeg'><img loading=\"lazy\" decoding=\"async\" width=\"150\" height=\"150\" src=\"https:\/\/xn--krnerschule-rfb.de\/wp-content\/uploads\/2021\/09\/Eingang-Nebengebaeude-150x150.jpeg\" class=\"attachment-thumbnail size-thumbnail\" alt=\"\" \/><\/a>\n\t\t\t<\/div><\/figure><figure class='gallery-item'>\n\t\t\t<div class='gallery-icon portrait'>\n\t\t\t\t<a data-elementor-open-lightbox=\"yes\" data-elementor-lightbox-slideshow=\"c7af5a0\" data-elementor-lightbox-description=\"Turnen - Klettern - Schwingen\" data-e-action-hash=\"#elementor-action%3Aaction%3Dlightbox%26settings%3DeyJpZCI6NTE1LCJ1cmwiOiJodHRwczpcL1wveG4tLWtybmVyc2NodWxlLXJmYi5kZVwvd3AtY29udGVudFwvdXBsb2Fkc1wvMjAyMFwvMDRcL0hvbHprbGV0dGVyZ2VydWVzdC1zY2FsZWQtZTE2MzE2MzQ2ODc0NjguanBnIiwic2xpZGVzaG93IjoiYzdhZjVhMCJ9\" data-elementor-lightbox-title=\"Kletterseile\" href='https:\/\/xn--krnerschule-rfb.de\/wp-content\/uploads\/2020\/04\/Holzklettergeruest-scaled-e1631634687468.jpg'><img loading=\"lazy\" decoding=\"async\" width=\"150\" height=\"150\" src=\"https:\/\/xn--krnerschule-rfb.de\/wp-content\/uploads\/2020\/04\/Holzklettergeruest-150x150.jpg\" class=\"attachment-thumbnail size-thumbnail\" alt=\"Holzklettergeruest\" \/><\/a>\n\t\t\t<\/div><\/figure><figure class='gallery-item'>\n\t\t\t<div class='gallery-icon landscape'>\n\t\t\t\t<a data-elementor-open-lightbox=\"yes\" data-elementor-lightbox-slideshow=\"c7af5a0\" data-elementor-lightbox-description=\"Balancieren \u00fcber die Wackelbr\u00fccke\" data-e-action-hash=\"#elementor-action%3Aaction%3Dlightbox%26settings%3DeyJpZCI6NTIxLCJ1cmwiOiJodHRwczpcL1wveG4tLWtybmVyc2NodWxlLXJmYi5kZVwvd3AtY29udGVudFwvdXBsb2Fkc1wvMjAyMFwvMDRcL1dhY2tlbGJydWVja2Utc2NhbGVkLWUxNjMxNjM0NjEyODc2LmpwZyIsInNsaWRlc2hvdyI6ImM3YWY1YTAifQ%3D%3D\" data-elementor-lightbox-title=\"Kletterseile\" href='https:\/\/xn--krnerschule-rfb.de\/wp-content\/uploads\/2020\/04\/Wackelbruecke-scaled-e1631634612876.jpg'><img loading=\"lazy\" decoding=\"async\" width=\"150\" height=\"150\" src=\"https:\/\/xn--krnerschule-rfb.de\/wp-content\/uploads\/2020\/04\/Wackelbruecke-150x150.jpg\" class=\"attachment-thumbnail size-thumbnail\" alt=\"Wackelbruecke\" \/><\/a>\n\t\t\t<\/div><\/figure><figure class='gallery-item'>\n\t\t\t<div class='gallery-icon landscape'>\n\t\t\t\t<a data-elementor-open-lightbox=\"yes\" data-elementor-lightbox-slideshow=\"c7af5a0\" data-elementor-lightbox-description=\"Sonnenblumen erleuchten unsere Turnhallenwand\" data-e-action-hash=\"#elementor-action%3Aaction%3Dlightbox%26settings%3DeyJpZCI6MTMwOCwidXJsIjoiaHR0cHM6XC9cL3huLS1rcm5lcnNjaHVsZS1yZmIuZGVcL3dwLWNvbnRlbnRcL3VwbG9hZHNcLzIwMjFcLzA5XC9Tb25uZW5ibHVtZW4uanBlZyIsInNsaWRlc2hvdyI6ImM3YWY1YTAifQ%3D%3D\" data-elementor-lightbox-title=\"Kletterseile\" href='https:\/\/xn--krnerschule-rfb.de\/wp-content\/uploads\/2021\/09\/Sonnenblumen.jpeg'><img loading=\"lazy\" decoding=\"async\" width=\"150\" height=\"150\" src=\"https:\/\/xn--krnerschule-rfb.de\/wp-content\/uploads\/2021\/09\/Sonnenblumen-150x150.jpeg\" class=\"attachment-thumbnail size-thumbnail\" alt=\"Sonnenblumen\" \/><\/a>\n\t\t\t<\/div><\/figure><figure class='gallery-item'>\n\t\t\t<div class='gallery-icon landscape'>\n\t\t\t\t<a data-elementor-open-lightbox=\"yes\" data-elementor-lightbox-slideshow=\"c7af5a0\" data-elementor-lightbox-description=\"Sportunterricht in unserer gut ausgestatteten Turnhalle\" data-e-action-hash=\"#elementor-action%3Aaction%3Dlightbox%26settings%3DeyJpZCI6MTMxMCwidXJsIjoiaHR0cHM6XC9cL3huLS1rcm5lcnNjaHVsZS1yZmIuZGVcL3dwLWNvbnRlbnRcL3VwbG9hZHNcLzIwMjFcLzA5XC9UdXJuaGFsbGUuanBlZyIsInNsaWRlc2hvdyI6ImM3YWY1YTAifQ%3D%3D\" data-elementor-lightbox-title=\"Kletterseile\" href='https:\/\/xn--krnerschule-rfb.de\/wp-content\/uploads\/2021\/09\/Turnhalle.jpeg'><img loading=\"lazy\" decoding=\"async\" width=\"150\" height=\"150\" src=\"https:\/\/xn--krnerschule-rfb.de\/wp-content\/uploads\/2021\/09\/Turnhalle-150x150.jpeg\" class=\"attachment-thumbnail size-thumbnail\" alt=\"Turnhalle\" \/><\/a>\n\t\t\t<\/div><\/figure><figure class='gallery-item'>\n\t\t\t<div class='gallery-icon portrait'>\n\t\t\t\t<a data-elementor-open-lightbox=\"yes\" data-elementor-lightbox-slideshow=\"c7af5a0\" data-elementor-lightbox-description=\"Basketballspiel w\u00e4hrend der Hofpausen\" data-e-action-hash=\"#elementor-action%3Aaction%3Dlightbox%26settings%3DeyJpZCI6NTEwLCJ1cmwiOiJodHRwczpcL1wveG4tLWtybmVyc2NodWxlLXJmYi5kZVwvd3AtY29udGVudFwvdXBsb2Fkc1wvMjAyMFwvMDRcL0Jhc2tldGJhbGwtc2NhbGVkLWUxNjMxNjM0NzM4OTA5LmpwZyIsInNsaWRlc2hvdyI6ImM3YWY1YTAifQ%3D%3D\" data-elementor-lightbox-title=\"Kletterseile\" href='https:\/\/xn--krnerschule-rfb.de\/wp-content\/uploads\/2020\/04\/Basketball-scaled-e1631634738909.jpg'><img loading=\"lazy\" decoding=\"async\" width=\"150\" height=\"150\" src=\"https:\/\/xn--krnerschule-rfb.de\/wp-content\/uploads\/2020\/04\/Basketball-150x150.jpg\" class=\"attachment-thumbnail size-thumbnail\" alt=\"Basketball\" \/><\/a>\n\t\t\t<\/div><\/figure><figure class='gallery-item'>\n\t\t\t<div class='gallery-icon landscape'>\n\t\t\t\t<a data-elementor-open-lightbox=\"yes\" data-elementor-lightbox-slideshow=\"c7af5a0\" data-elementor-lightbox-description=\"Hier ist genug Platz um Tischtennis-Rundlauf zu spielen.\" data-e-action-hash=\"#elementor-action%3Aaction%3Dlightbox%26settings%3DeyJpZCI6NTIwLCJ1cmwiOiJodHRwczpcL1wveG4tLWtybmVyc2NodWxlLXJmYi5kZVwvd3AtY29udGVudFwvdXBsb2Fkc1wvMjAyMFwvMDRcL1Rpc2NodGVubmlzLXNjYWxlZC1lMTYzMTYzNDYyNzI1MC5qcGciLCJzbGlkZXNob3ciOiJjN2FmNWEwIn0%3D\" data-elementor-lightbox-title=\"Kletterseile\" href='https:\/\/xn--krnerschule-rfb.de\/wp-content\/uploads\/2020\/04\/Tischtennis-scaled-e1631634627250.jpg'><img loading=\"lazy\" decoding=\"async\" width=\"150\" height=\"150\" src=\"https:\/\/xn--krnerschule-rfb.de\/wp-content\/uploads\/2020\/04\/Tischtennis-150x150.jpg\" class=\"attachment-thumbnail size-thumbnail\" alt=\"Tischtennis\" \/><\/a>\n\t\t\t<\/div><\/figure><figure class='gallery-item'>\n\t\t\t<div class='gallery-icon landscape'>\n\t\t\t\t<a data-elementor-open-lightbox=\"yes\" data-elementor-lightbox-slideshow=\"c7af5a0\" data-elementor-lightbox-description=\"Wir balancieren durch den gesamten Parcours...\" data-e-action-hash=\"#elementor-action%3Aaction%3Dlightbox%26settings%3DeyJpZCI6NTA4LCJ1cmwiOiJodHRwczpcL1wveG4tLWtybmVyc2NodWxlLXJmYi5kZVwvd3AtY29udGVudFwvdXBsb2Fkc1wvMjAyMFwvMDRcL0JhbGFuY2VwYXJjb3Vycy0xLXNjYWxlZC1lMTYzMTYzNDc1Njc2NC5qcGciLCJzbGlkZXNob3ciOiJjN2FmNWEwIn0%3D\" data-elementor-lightbox-title=\"Kletterseile\" href='https:\/\/xn--krnerschule-rfb.de\/wp-content\/uploads\/2020\/04\/Balanceparcours-1-scaled-e1631634756764.jpg'><img loading=\"lazy\" decoding=\"async\" width=\"150\" height=\"150\" src=\"https:\/\/xn--krnerschule-rfb.de\/wp-content\/uploads\/2020\/04\/Balanceparcours-1-150x150.jpg\" class=\"attachment-thumbnail size-thumbnail\" alt=\"Balanceparcours-1\" \/><\/a>\n\t\t\t<\/div><\/figure><figure class='gallery-item'>\n\t\t\t<div class='gallery-icon landscape'>\n\t\t\t\t<a data-elementor-open-lightbox=\"yes\" data-elementor-lightbox-slideshow=\"c7af5a0\" data-elementor-lightbox-description=\"... und ber\u00fchren dabei nicht den Boden.\" data-e-action-hash=\"#elementor-action%3Aaction%3Dlightbox%26settings%3DeyJpZCI6NTA5LCJ1cmwiOiJodHRwczpcL1wveG4tLWtybmVyc2NodWxlLXJmYi5kZVwvd3AtY29udGVudFwvdXBsb2Fkc1wvMjAyMFwvMDRcL0JhbGFuY2VwYXJjb3Vycy0yLXNjYWxlZC1lMTYzMTYzNDc0NjkwMC5qcGciLCJzbGlkZXNob3ciOiJjN2FmNWEwIn0%3D\" data-elementor-lightbox-title=\"Kletterseile\" href='https:\/\/xn--krnerschule-rfb.de\/wp-content\/uploads\/2020\/04\/Balanceparcours-2-scaled-e1631634746900.jpg'><img loading=\"lazy\" decoding=\"async\" width=\"150\" height=\"150\" src=\"https:\/\/xn--krnerschule-rfb.de\/wp-content\/uploads\/2020\/04\/Balanceparcours-2-150x150.jpg\" class=\"attachment-thumbnail size-thumbnail\" alt=\"Balanceparcours-2\" \/><\/a>\n\t\t\t<\/div><\/figure><figure class='gallery-item'>\n\t\t\t<div class='gallery-icon landscape'>\n\t\t\t\t<a data-elementor-open-lightbox=\"yes\" data-elementor-lightbox-slideshow=\"c7af5a0\" data-elementor-lightbox-description=\"Weitl\u00e4\u00fcfige Wiese mit Sprunggrube\" data-e-action-hash=\"#elementor-action%3Aaction%3Dlightbox%26settings%3DeyJpZCI6MTMwOSwidXJsIjoiaHR0cHM6XC9cL3huLS1rcm5lcnNjaHVsZS1yZmIuZGVcL3dwLWNvbnRlbnRcL3VwbG9hZHNcLzIwMjFcLzA5XC9XaWVzZS5qcGVnIiwic2xpZGVzaG93IjoiYzdhZjVhMCJ9\" data-elementor-lightbox-title=\"Kletterseile\" href='https:\/\/xn--krnerschule-rfb.de\/wp-content\/uploads\/2021\/09\/Wiese.jpeg'><img loading=\"lazy\" decoding=\"async\" width=\"150\" height=\"150\" src=\"https:\/\/xn--krnerschule-rfb.de\/wp-content\/uploads\/2021\/09\/Wiese-150x150.jpeg\" class=\"attachment-thumbnail size-thumbnail\" alt=\"\" \/><\/a>\n\t\t\t<\/div><\/figure>\n\t\t<\/div>\n\t\t<\/div>\n\t\t\t\t\t\t<\/div>\n\t\t\t\t<\/div>\n\t\t\t\t\t<\/div>\n\t\t<\/div>\n\t\t\t\t\t<\/div>\n\t\t<\/section>\n\t\t\t\t<\/div>\n\t\t","protected":false},"excerpt":{"rendered":"<p>Die K\u00f6rnerschule besteht aus drei Geb\u00e4uden. Im Hauptgeb\u00e4ude mit gelber Fassade befinden sich neben dem Sekretariat, dem Lehrerzimmer und der gro\u00dfen Aula mit intergrierter B\u00fchne auch die Klassenr\u00e4ume des Jahrgangs 4. Im Nebengeb\u00e4ude mit Backsteinfassade finden Sie in den teilweise multifunktionalen R\u00e4umen die Klassenzimmer der Jahrg\u00e4nge 1 und 2. In unserem aktuellen Drittgeb\u00e4ude befinden sich [&hellip;]<\/p>\n","protected":false},"author":3,"featured_media":0,"parent":0,"menu_order":0,"comment_status":"closed","ping_status":"closed","template":"","meta":{"footnotes":""},"class_list":["post-506","page","type-page","status-publish","hentry"],"_links":{"self":[{"href":"https:\/\/xn--krnerschule-rfb.de\/index.php\/wp-json\/wp\/v2\/pages\/506","targetHints":{"allow":["GET"]}}],"collection":[{"href":"https:\/\/xn--krnerschule-rfb.de\/index.php\/wp-json\/wp\/v2\/pages"}],"about":[{"href":"https:\/\/xn--krnerschule-rfb.de\/index.php\/wp-json\/wp\/v2\/types\/page"}],"author":[{"embeddable":true,"href":"https:\/\/xn--krnerschule-rfb.de\/index.php\/wp-json\/wp\/v2\/users\/3"}],"replies":[{"embeddable":true,"href":"https:\/\/xn--krnerschule-rfb.de\/index.php\/wp-json\/wp\/v2\/comments?post=506"}],"version-history":[{"count":33,"href":"https:\/\/xn--krnerschule-rfb.de\/index.php\/wp-json\/wp\/v2\/pages\/506\/revisions"}],"predecessor-version":[{"id":2919,"href":"https:\/\/xn--krnerschule-rfb.de\/index.php\/wp-json\/wp\/v2\/pages\/506\/revisions\/2919"}],"wp:attachment":[{"href":"https:\/\/xn--krnerschule-rfb.de\/index.php\/wp-json\/wp\/v2\/media?parent=506"}],"curies":[{"name":"wp","href":"https:\/\/api.w.org\/{rel}","templated":true}]}}