{"id":298,"date":"2020-04-08T13:25:49","date_gmt":"2020-04-08T11:25:49","guid":{"rendered":"http:\/\/wp12907977.server-he.de\/?page_id=298"},"modified":"2023-12-07T13:29:25","modified_gmt":"2023-12-07T12:29:25","slug":"datenschutzerklaerung","status":"publish","type":"page","link":"https:\/\/xn--krnerschule-rfb.de\/index.php\/datenschutzerklaerung\/","title":{"rendered":"Datenschutzerkl\u00e4rung"},"content":{"rendered":"\t\t<div data-elementor-type=\"wp-page\" data-elementor-id=\"298\" class=\"elementor elementor-298\">\n\t\t\t\t\t\t<section class=\"elementor-section elementor-top-section elementor-element elementor-element-a8bf7b8 elementor-section-boxed elementor-section-height-default elementor-section-height-default\" data-id=\"a8bf7b8\" data-element_type=\"section\" data-e-type=\"section\">\n\t\t\t\t\t\t<div class=\"elementor-container elementor-column-gap-default\">\n\t\t\t\t\t<div class=\"elementor-column elementor-col-100 elementor-top-column elementor-element elementor-element-5f87139\" data-id=\"5f87139\" data-element_type=\"column\" data-e-type=\"column\">\n\t\t\t<div class=\"elementor-widget-wrap elementor-element-populated\">\n\t\t\t\t\t\t<div class=\"elementor-element elementor-element-0275e3e elementor-widget elementor-widget-text-editor\" data-id=\"0275e3e\" data-element_type=\"widget\" data-e-type=\"widget\" data-widget_type=\"text-editor.default\">\n\t\t\t\t<div class=\"elementor-widget-container\">\n\t\t\t\t\t\t\t\t\t<h5><span style=\"font-weight: 700; color: rgb(0, 0, 0); font-family: Montserrat, sans-serif; font-size: 17px; font-style: normal; font-variant-ligatures: normal; font-variant-caps: normal; text-align: start;\">Datenschutzerkl\u00e4rung \u2013&nbsp;<\/span><span style=\"color: rgb(0, 0, 0); font-family: Montserrat, sans-serif; font-size: 17px; font-style: normal; font-variant-ligatures: normal; font-variant-caps: normal; font-weight: 400; text-align: start;\">gem\u00e4\u00df Art. 13 EU-DSGVO<\/span><span style=\"color: #82b777;\"><br><\/span><\/h5><h5><span style=\"color: #82b777;\">Verantwortlicher<\/span><\/h5>\n<p>Verantwortlicher gem. Art. 4 Abs. 7 EU-Datenschutz-Grundverordnung (EU-DSGVO) ist<\/p>\n<p><span style=\"font-family: Roboto, sans-serif; font-size: 16px; font-style: normal; font-variant-ligatures: normal; font-variant-caps: normal; font-weight: 400; color: #616161;\"><strong>K. Antkowiak (Schulleiterin)<\/strong><\/span><br>Klosterstra\u00dfe 8<br>41747 Viersen<\/p>\n<p>E-Mail<span style=\"font-size: 16px;\">:&nbsp;<\/span><a style=\"font-size: 16px;\" href=\"mailto:post@mail.de\">108650(at)schule.nrw.de<\/a><br>Telefon: 02162 &#8211; 352642<\/p>\n<p><span style=\"color: #616161;\"><strong>Kontakt Datenschutzbeauftragter<\/strong><\/span><\/p>\n<p>Frau Aldag-Henkel Swantji<\/p>\n<p>E-Mail: Datenschutz.schulen1(at)kreis-viersen.de<\/p>\n<h5><span style=\"color: #82b777;\"><br>Allgemeine Hinweise<\/span><\/h5>\n<p><span style=\"color: #333333;\">Im Folgenden informieren wir u\u0308ber die Erhebung personenbezogener Daten bei Nutzung unserer Website. Personenbezogene Daten sind alle Daten, mit denen Sie pers\u00f6nlich identifiziert werden k\u00f6nnen.<\/span><\/p>\n<h5><span style=\"color: #82b777;\"><br>Ihre Rechte<\/span><\/h5>\n<p><span style=\"color: #333333;\">Hinsichtlich der Sie betreffenden personenbezogenen Daten, die auf dieser Webseite verarbeitet werden, haben Sie uns gegenu\u0308ber folgende Rechte:<\/span><\/p>\n<ul>\n<li style=\"list-style-type: none;\">\n<ul>\n<li><span style=\"color: #333333;\">Recht auf Auskunft,<\/span><\/li>\n<li><span style=\"color: #333333;\">Recht auf Berichtigung oder Lo\u0308schung,<\/span><\/li>\n<li><span style=\"color: #333333;\">Recht auf Einschra\u0308nkung der Verarbeitung,<\/span><\/li>\n<li><span style=\"color: #333333;\">Recht auf Widerspruch gegen die Verarbeitung,<\/span><\/li>\n<li><span style=\"color: #333333;\">Recht auf Datenu\u0308bertragbarkeit.<\/span><\/li>\n<\/ul>\n<\/li>\n<\/ul>\n<p><span style=\"color: #333333;\">Sie haben zudem das Recht, sich bei einer Datenschutz-Aufsichtsbeho\u0308rde u\u0308ber die Verarbeitung Ihrer personenbezogenen Daten durch uns zu beschweren.<\/span><\/p>\n<p style=\"padding-left: 80px;\"><span style=\"color: #333333;\">Landesbeauftragte f\u00fcr Datenschutz und Informationsfreiheit<\/span><br><span style=\"color: #333333;\">Nordrhein-Westfalen<\/span><br><span style=\"color: #333333;\">Postfach 20 04 44<\/span><br><span style=\"color: #333333;\">40102 D\u00fcsseldorf<\/span><br><span style=\"color: #333333;\">Tel.: 0211\/38424-0<\/span><br><span style=\"color: #333333;\">Fax: 0211\/38424-10<\/span><br><span style=\"color: #333333;\">E-Mail: poststelle@ldi.nrw.de<\/span><\/p>\n<h5><span style=\"color: #82b777;\"><br>Erhebung und Zweck personenbezogener Daten bei Besuch unserer Website<\/span><\/h5>\n<h6><span style=\"color: #616161;\"><strong>Server Log Dateien<\/strong><\/span><\/h6>\n<p><span style=\"color: #333333;\">Bei der blo\u00df informatorischen Nutzung der Website, also wenn Sie sich nicht registrieren oder uns anderweitig Informationen u\u0308bermitteln, erheben wir nur die personenbezogenen Daten, die Ihr Browser an unseren Server u\u0308bermittelt. Wenn Sie unsere Website betrachten mo\u0308chten, erheben wir die folgenden Daten, die fu\u0308r uns technisch erforderlich sind, um Ihnen unsere Website anzuzeigen und die Stabilita\u0308t und Sicherheit zu gewa\u0308hrleisten (Rechtsgrundlage ist Art. 6 Abs. 1 S. 1 lit. f EU-DSGVO):<\/span><\/p>\n<ul>\n<li style=\"list-style-type: none;\">\n<ul>\n<li><span style=\"color: #333333;\">IP-Adresse<\/span><\/li>\n<li><span style=\"color: #333333;\">Datum und Uhrzeit der Anfrage<\/span><\/li>\n<li><span style=\"color: #333333;\">Zeitzonendifferenz zur Greenwich Mean Time (GMT)<\/span><\/li>\n<li><span style=\"color: #333333;\">Inhalt der Anforderung (konkrete Seite)<\/span><\/li>\n<li><span style=\"color: #333333;\">Zugriffsstatus\/HTTP-Statuscode<\/span><\/li>\n<li><span style=\"color: #333333;\">jeweils u\u0308bertragene Datenmenge<\/span><\/li>\n<li><span style=\"color: #333333;\">Website, von der die Anforderung kommt<\/span><\/li>\n<li><span style=\"color: #333333;\">Browser<\/span><\/li>\n<li><span style=\"color: #333333;\">Betriebssystem und dessen Oberfla\u0308che<\/span><\/li>\n<li><span style=\"color: #333333;\">Sprache und Version der Browsersoftware<\/span><\/li>\n<\/ul>\n<\/li>\n<\/ul>\n<h6><span style=\"color: #616161;\"><strong>Cookies<\/strong><\/span><\/h6>\n<p><span style=\"color: #333333;\">Zusa\u0308tzlich zu den zuvor genannten Daten werden bei Ihrer Nutzung unserer Website Cookies auf Ihrem Rechner gespeichert. Bei Cookies handelt es sich um kleine Textdateien, die auf Ihrer Festplatte dem von Ihnen verwendeten Browser zugeordnet gespeichert werden und durch welche der Stelle, die den Cookie setzt (hier durch uns), bestimmte Informationen zuflie\u00dfen. Cookies ko\u0308nnen keine Programme ausfu\u0308hren oder Viren auf Ihren Computer u\u0308bertragen. Sie dienen dazu, das Internetangebot insgesamt nutzerfreundlicher und effektiver zu machen.<\/span><\/p>\n<p><span style=\"color: #333333;\">Es werden dabei folgende Arten von Cookies verwendet:<\/span><\/p>\n<ol>\n<li><span style=\"color: #333333;\">Diese Website nutzt folgende Arten von Cookies, deren Umfang und Funktionsweise im Folgenden erla\u0308utert werden:<br><\/span><span style=\"color: #333333;\">a) Transiente Cookies (dazu 2)<\/span>\n<p><span style=\"color: #333333;\">b) Persistente Cookies (dazu 3).<\/span><\/p>\n<\/li>\n<li><span style=\"color: #333333;\"><span style=\"color: #333333;\">Transiente Cookies werden automatisiert gelo\u0308scht, wenn Sie den Browser schlie\u00dfen. Dazu za\u0308hlen insbesondere die Session-Cookies. Diese speichern eine sogenannte Session-ID, mit welcher sich verschiedene Anfragen Ihres Browsers der gemeinsamen Sitzung zuordnen lassen. Dadurch kann Ihr Rechner wiedererkannt werden, wenn Sie auf unsere Website zuru\u0308ckkehren. Die Session-Cookies werden gelo\u0308scht, wenn Sie sich ausloggen oder den Browser schlie\u00dfen.<br><\/span><\/span>&nbsp;<\/li>\n<li><span style=\"color: #333333;\"><span style=\"color: #333333;\">Persistente Cookies werden automatisiert nach einer vorgegebenen Dauer gelo\u0308scht, die sich je nach Cookie unterscheiden kann. Sie ko\u0308nnen die Cookies in den Sicherheitseinstellungen Ihres Browsers jederzeit lo\u0308schen.\n<p><\/p>\n<p><\/p><\/span><\/span><\/li>\n<li><span style=\"color: #333333;\">Sie ko\u0308nnen Ihre Browser-Einstellung entsprechend Ihren Wu\u0308nschen konfigurieren und z. B. die Annahme von Third-Party-Cookies oder allen Cookies ablehnen. Wir weisen Sie darauf hin, dass Sie eventuell nicht alle Funktionen dieser Website nutzen ko\u0308nnen.<\/span><\/li>\n<\/ol>\n<h6><strong><span style=\"color: #616161;\">Google Fonts<\/span><\/strong><\/h6>\n<p>Unsere Homepage verwendet zur Darstellung der Schrift sogenannte Webfonts. Bereitgestellt werden diese von Google. Beim Aufrufen unserer Website l\u00e4dt Ihr Browser die ben\u00f6tigten Webfonts von einem Google Server in Ihren Browsercache, wobei Informationen aus Ihrem Browser an Google zur\u00fcckflie\u00dfen. Durch die Google Webfonts kann Ihr Browser eine optisch verbesserte Darstellung unserer Texte anzeigen. Falls Ihr Browser diese Funktion nicht unterst\u00fctzt, wird eine Standardschrift von Ihrem Computer geladen und zur Anzeige des Textes genutzt. Die Funktion ist uns durch den Websiteanbieter vorgegeben und kann nicht deaktiviert werden.<\/p>\t\t\t\t\t\t\t\t<\/div>\n\t\t\t\t<\/div>\n\t\t\t\t\t<\/div>\n\t\t<\/div>\n\t\t\t\t\t<\/div>\n\t\t<\/section>\n\t\t\t\t<\/div>\n\t\t","protected":false},"excerpt":{"rendered":"<p>Datenschutzerkl\u00e4rung \u2013&nbsp;gem\u00e4\u00df Art. 13 EU-DSGVO Verantwortlicher Verantwortlicher gem. Art. 4 Abs. 7 EU-Datenschutz-Grundverordnung (EU-DSGVO) ist K. Antkowiak (Schulleiterin)Klosterstra\u00dfe 841747 Viersen E-Mail:&nbsp;108650(at)schule.nrw.deTelefon: 02162 &#8211; 352642 Kontakt Datenschutzbeauftragter Frau Aldag-Henkel Swantji E-Mail: Datenschutz.schulen1(at)kreis-viersen.de Allgemeine Hinweise Im Folgenden informieren wir u\u0308ber die Erhebung personenbezogener Daten bei Nutzung unserer Website. Personenbezogene Daten sind alle Daten, mit denen Sie pers\u00f6nlich [&hellip;]<\/p>\n","protected":false},"author":3,"featured_media":0,"parent":0,"menu_order":0,"comment_status":"closed","ping_status":"closed","template":"","meta":{"footnotes":""},"class_list":["post-298","page","type-page","status-publish","hentry"],"_links":{"self":[{"href":"https:\/\/xn--krnerschule-rfb.de\/index.php\/wp-json\/wp\/v2\/pages\/298","targetHints":{"allow":["GET"]}}],"collection":[{"href":"https:\/\/xn--krnerschule-rfb.de\/index.php\/wp-json\/wp\/v2\/pages"}],"about":[{"href":"https:\/\/xn--krnerschule-rfb.de\/index.php\/wp-json\/wp\/v2\/types\/page"}],"author":[{"embeddable":true,"href":"https:\/\/xn--krnerschule-rfb.de\/index.php\/wp-json\/wp\/v2\/users\/3"}],"replies":[{"embeddable":true,"href":"https:\/\/xn--krnerschule-rfb.de\/index.php\/wp-json\/wp\/v2\/comments?post=298"}],"version-history":[{"count":19,"href":"https:\/\/xn--krnerschule-rfb.de\/index.php\/wp-json\/wp\/v2\/pages\/298\/revisions"}],"predecessor-version":[{"id":2105,"href":"https:\/\/xn--krnerschule-rfb.de\/index.php\/wp-json\/wp\/v2\/pages\/298\/revisions\/2105"}],"wp:attachment":[{"href":"https:\/\/xn--krnerschule-rfb.de\/index.php\/wp-json\/wp\/v2\/media?parent=298"}],"curies":[{"name":"wp","href":"https:\/\/api.w.org\/{rel}","templated":true}]}}