{"id":1811,"date":"2022-08-25T08:25:59","date_gmt":"2022-08-25T06:25:59","guid":{"rendered":"https:\/\/xn--krnerschule-rfb.de\/?page_id=1811"},"modified":"2022-08-25T08:27:10","modified_gmt":"2022-08-25T06:27:10","slug":"religionsunterricht","status":"publish","type":"page","link":"https:\/\/xn--krnerschule-rfb.de\/index.php\/religionsunterricht\/","title":{"rendered":"Religionsunterricht"},"content":{"rendered":"\t\t<div data-elementor-type=\"wp-page\" data-elementor-id=\"1811\" class=\"elementor elementor-1811\">\n\t\t\t\t\t\t<section class=\"elementor-section elementor-top-section elementor-element elementor-element-9c665ee elementor-section-boxed elementor-section-height-default elementor-section-height-default\" data-id=\"9c665ee\" data-element_type=\"section\" data-e-type=\"section\">\n\t\t\t\t\t\t<div class=\"elementor-container elementor-column-gap-default\">\n\t\t\t\t\t<div class=\"elementor-column elementor-col-100 elementor-top-column elementor-element elementor-element-e4cdee9\" data-id=\"e4cdee9\" data-element_type=\"column\" data-e-type=\"column\">\n\t\t\t<div class=\"elementor-widget-wrap elementor-element-populated\">\n\t\t\t\t\t\t<div class=\"elementor-element elementor-element-6240a64 elementor-widget elementor-widget-text-editor\" data-id=\"6240a64\" data-element_type=\"widget\" data-e-type=\"widget\" data-widget_type=\"text-editor.default\">\n\t\t\t\t<div class=\"elementor-widget-container\">\n\t\t\t\t\t\t\t\t\t<p>Religion ist ein zweist\u00fcndiges Unterrichtsfach der Stundentafel in NRW, das in allen 4 Schuljahren der Grundschule erteilt werden muss. Die K\u00f6rnerschule ist keine Bekenntnisschule, sondern eine Gemeinschaftsgrundschule. Daher gibt es bei uns keine verpflichtende Teilnahme am Religionsunterricht.<\/p><p>Bei uns wird Evangelischer\u00a0 und Katholischer Religionsunterricht erteilt. Kinder ohne Bekenntnis oder die einer anderen Religion angeh\u00f6ren, k\u00f6nnen bei uns w\u00e4hlen zwischen<\/p><ul><li>Katholischen Religionsunterricht<\/li><li>Evangelischen Religionsunterricht<\/li><li>Ethikunterricht oder<\/li><li>Befreiung vom Religionsunterricht<\/li><\/ul><p>Laut Land NRW soll zuk\u00fcnftig auch Praktische Philosophie als Unterrichtsfach alternativ zum Religionsunterricht erteilt werden. Daf\u00fcr m\u00fcssen jedoch zuerst die Lehrkr\u00e4fte fortgebildet werden. Zurzeit gibt es diesbez\u00fcglich noch keine Angebote f\u00fcr Lehrkr\u00e4fte.<\/p>\t\t\t\t\t\t\t\t<\/div>\n\t\t\t\t<\/div>\n\t\t\t\t\t<\/div>\n\t\t<\/div>\n\t\t\t\t\t<\/div>\n\t\t<\/section>\n\t\t\t\t<\/div>\n\t\t","protected":false},"excerpt":{"rendered":"<p>Religion ist ein zweist\u00fcndiges Unterrichtsfach der Stundentafel in NRW, das in allen 4 Schuljahren der Grundschule erteilt werden muss. Die K\u00f6rnerschule ist keine Bekenntnisschule, sondern eine Gemeinschaftsgrundschule. Daher gibt es bei uns keine verpflichtende Teilnahme am Religionsunterricht. Bei uns wird Evangelischer\u00a0 und Katholischer Religionsunterricht erteilt. Kinder ohne Bekenntnis oder die einer anderen Religion angeh\u00f6ren, k\u00f6nnen [&hellip;]<\/p>\n","protected":false},"author":3,"featured_media":0,"parent":0,"menu_order":0,"comment_status":"closed","ping_status":"closed","template":"","meta":{"footnotes":""},"class_list":["post-1811","page","type-page","status-publish","hentry"],"_links":{"self":[{"href":"https:\/\/xn--krnerschule-rfb.de\/index.php\/wp-json\/wp\/v2\/pages\/1811","targetHints":{"allow":["GET"]}}],"collection":[{"href":"https:\/\/xn--krnerschule-rfb.de\/index.php\/wp-json\/wp\/v2\/pages"}],"about":[{"href":"https:\/\/xn--krnerschule-rfb.de\/index.php\/wp-json\/wp\/v2\/types\/page"}],"author":[{"embeddable":true,"href":"https:\/\/xn--krnerschule-rfb.de\/index.php\/wp-json\/wp\/v2\/users\/3"}],"replies":[{"embeddable":true,"href":"https:\/\/xn--krnerschule-rfb.de\/index.php\/wp-json\/wp\/v2\/comments?post=1811"}],"version-history":[{"count":4,"href":"https:\/\/xn--krnerschule-rfb.de\/index.php\/wp-json\/wp\/v2\/pages\/1811\/revisions"}],"predecessor-version":[{"id":1815,"href":"https:\/\/xn--krnerschule-rfb.de\/index.php\/wp-json\/wp\/v2\/pages\/1811\/revisions\/1815"}],"wp:attachment":[{"href":"https:\/\/xn--krnerschule-rfb.de\/index.php\/wp-json\/wp\/v2\/media?parent=1811"}],"curies":[{"name":"wp","href":"https:\/\/api.w.org\/{rel}","templated":true}]}}