{"id":1679,"date":"2022-08-19T19:44:21","date_gmt":"2022-08-19T17:44:21","guid":{"rendered":"https:\/\/xn--krnerschule-rfb.de\/?page_id=1679"},"modified":"2022-08-19T19:59:04","modified_gmt":"2022-08-19T17:59:04","slug":"verkehrsschule","status":"publish","type":"page","link":"https:\/\/xn--krnerschule-rfb.de\/index.php\/verkehrsschule\/","title":{"rendered":"Verkehrsschule"},"content":{"rendered":"\t\t<div data-elementor-type=\"wp-page\" data-elementor-id=\"1679\" class=\"elementor elementor-1679\">\n\t\t\t\t\t\t<section class=\"elementor-section elementor-top-section elementor-element elementor-element-bf125bb elementor-section-boxed elementor-section-height-default elementor-section-height-default\" data-id=\"bf125bb\" data-element_type=\"section\" data-e-type=\"section\">\n\t\t\t\t\t\t<div class=\"elementor-container elementor-column-gap-default\">\n\t\t\t\t\t<div class=\"elementor-column elementor-col-100 elementor-top-column elementor-element elementor-element-53b5a41\" data-id=\"53b5a41\" data-element_type=\"column\" data-e-type=\"column\">\n\t\t\t<div class=\"elementor-widget-wrap elementor-element-populated\">\n\t\t\t\t\t\t<div class=\"elementor-element elementor-element-b379af3 elementor-widget elementor-widget-text-editor\" data-id=\"b379af3\" data-element_type=\"widget\" data-e-type=\"widget\" data-widget_type=\"text-editor.default\">\n\t\t\t\t<div class=\"elementor-widget-container\">\n\t\t\t\t\t\t\t\t\t<h6><span style=\"color: #5e9453;\"><strong>Ausflug in die Jugendverkehrsschule<\/strong><\/span><\/h6><p>Kurz vor den Sommerferien ging es f\u00fcr die dritten Schuljahre in die Jugendverkehrsschule. Dort konnten die Sch\u00fclerinnen und Sch\u00fcler an verschiedenen Stationen ihre koordinativen F\u00e4higkeiten verbessern und die Verkehrsregeln \u00fcben. Durch die gute Ausstattung der Jugendverkehrsschule konnten alle Kinder mehrere Stunden lang Fahrrad fahren. Sowohl f\u00fcr Anf\u00e4nger als auch f\u00fcr Fortgeschrittene gab es genug \u00dcbungsm\u00f6glichkeiten und Herausforderungen. So mussten Tennisb\u00e4lle aufgegriffen und w\u00e4hrend des Fahrens in einen Eimer bugsiert, einh\u00e4ndig Slalom gefahren, ein Spurbrett getroffen und vor einem Brett eine Vollbremsung gemacht werden.<\/p><p>Ein besonderes Highlight war zum Ende das freie Fahren mit den eingeschalteten Ampeln, die echte Verkehrssituationen simulierten und den Sch\u00fclerinnen und Sch\u00fclern besonderen Spa\u00df machte.<\/p><p>Der regelm\u00e4\u00dfige Besuch in der Jugendverkehrsschule ist ein fester Bestandteil der Mobilit\u00e4tserziehung an der K\u00f6rnerschule, bevor im vierten Schuljahr die Radfahrpr\u00fcfung ansteht. So k\u00f6nnen die Sch\u00fclerinnen und Sch\u00fcler im gesch\u00fctzten Raum all die motorischen F\u00e4higkeiten \u00fcben, die sie f\u00fcr eine sichere Teilnahme als Radfahrer im Stra\u00dfenverkehr brauchen.<\/p>\t\t\t\t\t\t\t\t<\/div>\n\t\t\t\t<\/div>\n\t\t\t\t\t<\/div>\n\t\t<\/div>\n\t\t\t\t\t<\/div>\n\t\t<\/section>\n\t\t\t\t<section class=\"elementor-section elementor-top-section elementor-element elementor-element-a18a73f elementor-section-boxed elementor-section-height-default elementor-section-height-default\" data-id=\"a18a73f\" data-element_type=\"section\" data-e-type=\"section\">\n\t\t\t\t\t\t<div class=\"elementor-container elementor-column-gap-default\">\n\t\t\t\t\t<div class=\"elementor-column elementor-col-50 elementor-top-column elementor-element elementor-element-4901dbe\" data-id=\"4901dbe\" data-element_type=\"column\" data-e-type=\"column\">\n\t\t\t<div class=\"elementor-widget-wrap elementor-element-populated\">\n\t\t\t\t\t\t<div class=\"elementor-element elementor-element-e36af7d elementor-widget elementor-widget-image\" data-id=\"e36af7d\" data-element_type=\"widget\" data-e-type=\"widget\" data-widget_type=\"image.default\">\n\t\t\t\t<div class=\"elementor-widget-container\">\n\t\t\t\t\t\t\t\t\t\t\t\t\t\t\t<img fetchpriority=\"high\" decoding=\"async\" width=\"300\" height=\"199\" src=\"https:\/\/xn--krnerschule-rfb.de\/wp-content\/uploads\/2022\/08\/Streckenerkundung-300x199.jpg\" class=\"attachment-medium size-medium wp-image-1684\" alt=\"\" srcset=\"https:\/\/xn--krnerschule-rfb.de\/wp-content\/uploads\/2022\/08\/Streckenerkundung-300x199.jpg 300w, https:\/\/xn--krnerschule-rfb.de\/wp-content\/uploads\/2022\/08\/Streckenerkundung-768x509.jpg 768w, https:\/\/xn--krnerschule-rfb.de\/wp-content\/uploads\/2022\/08\/Streckenerkundung.jpg 924w\" sizes=\"(max-width: 300px) 100vw, 300px\" \/>\t\t\t\t\t\t\t\t\t\t\t\t\t\t\t<\/div>\n\t\t\t\t<\/div>\n\t\t\t\t\t<\/div>\n\t\t<\/div>\n\t\t\t\t<div class=\"elementor-column elementor-col-50 elementor-top-column elementor-element elementor-element-242b760\" data-id=\"242b760\" data-element_type=\"column\" data-e-type=\"column\">\n\t\t\t<div class=\"elementor-widget-wrap elementor-element-populated\">\n\t\t\t\t\t\t<div class=\"elementor-element elementor-element-5e10de6 elementor-widget elementor-widget-image\" data-id=\"5e10de6\" data-element_type=\"widget\" data-e-type=\"widget\" data-widget_type=\"image.default\">\n\t\t\t\t<div class=\"elementor-widget-container\">\n\t\t\t\t\t\t\t\t\t\t\t\t\t\t\t<img decoding=\"async\" width=\"300\" height=\"199\" src=\"https:\/\/xn--krnerschule-rfb.de\/wp-content\/uploads\/2022\/08\/Vollbremsung-300x199.jpg\" class=\"attachment-medium size-medium wp-image-1685\" alt=\"\" srcset=\"https:\/\/xn--krnerschule-rfb.de\/wp-content\/uploads\/2022\/08\/Vollbremsung-300x199.jpg 300w, https:\/\/xn--krnerschule-rfb.de\/wp-content\/uploads\/2022\/08\/Vollbremsung-768x509.jpg 768w, https:\/\/xn--krnerschule-rfb.de\/wp-content\/uploads\/2022\/08\/Vollbremsung.jpg 924w\" sizes=\"(max-width: 300px) 100vw, 300px\" \/>\t\t\t\t\t\t\t\t\t\t\t\t\t\t\t<\/div>\n\t\t\t\t<\/div>\n\t\t\t\t\t<\/div>\n\t\t<\/div>\n\t\t\t\t\t<\/div>\n\t\t<\/section>\n\t\t\t\t<section class=\"elementor-section elementor-top-section elementor-element elementor-element-e74c106 elementor-section-boxed elementor-section-height-default elementor-section-height-default\" data-id=\"e74c106\" data-element_type=\"section\" data-e-type=\"section\">\n\t\t\t\t\t\t<div class=\"elementor-container elementor-column-gap-default\">\n\t\t\t\t\t<div class=\"elementor-column elementor-col-100 elementor-top-column elementor-element elementor-element-dc1583b\" data-id=\"dc1583b\" data-element_type=\"column\" data-e-type=\"column\">\n\t\t\t<div class=\"elementor-widget-wrap elementor-element-populated\">\n\t\t\t\t\t\t<div class=\"elementor-element elementor-element-8bb0a56 elementor-widget elementor-widget-image\" data-id=\"8bb0a56\" data-element_type=\"widget\" data-e-type=\"widget\" data-widget_type=\"image.default\">\n\t\t\t\t<div class=\"elementor-widget-container\">\n\t\t\t\t\t\t\t\t\t\t\t\t\t\t\t<img decoding=\"async\" width=\"768\" height=\"509\" src=\"https:\/\/xn--krnerschule-rfb.de\/wp-content\/uploads\/2022\/08\/Ampeltraining-768x509.jpg\" class=\"attachment-medium_large size-medium_large wp-image-1681\" alt=\"\" srcset=\"https:\/\/xn--krnerschule-rfb.de\/wp-content\/uploads\/2022\/08\/Ampeltraining-768x509.jpg 768w, https:\/\/xn--krnerschule-rfb.de\/wp-content\/uploads\/2022\/08\/Ampeltraining-300x199.jpg 300w, https:\/\/xn--krnerschule-rfb.de\/wp-content\/uploads\/2022\/08\/Ampeltraining.jpg 924w\" sizes=\"(max-width: 768px) 100vw, 768px\" \/>\t\t\t\t\t\t\t\t\t\t\t\t\t\t\t<\/div>\n\t\t\t\t<\/div>\n\t\t\t\t\t<\/div>\n\t\t<\/div>\n\t\t\t\t\t<\/div>\n\t\t<\/section>\n\t\t\t\t<section class=\"elementor-section elementor-top-section elementor-element elementor-element-1724cd4 elementor-section-boxed elementor-section-height-default elementor-section-height-default\" data-id=\"1724cd4\" data-element_type=\"section\" data-e-type=\"section\">\n\t\t\t\t\t\t<div class=\"elementor-container elementor-column-gap-default\">\n\t\t\t\t\t<div class=\"elementor-column elementor-col-50 elementor-top-column elementor-element elementor-element-91e6ad2\" data-id=\"91e6ad2\" data-element_type=\"column\" data-e-type=\"column\">\n\t\t\t<div class=\"elementor-widget-wrap elementor-element-populated\">\n\t\t\t\t\t\t<div class=\"elementor-element elementor-element-9718d22 elementor-widget elementor-widget-image\" data-id=\"9718d22\" data-element_type=\"widget\" data-e-type=\"widget\" data-widget_type=\"image.default\">\n\t\t\t\t<div class=\"elementor-widget-container\">\n\t\t\t\t\t\t\t\t\t\t\t\t\t\t\t<img decoding=\"async\" src=\"https:\/\/xn--krnerschule-rfb.de\/wp-content\/uploads\/elementor\/thumbs\/Einhaendiges-Fahren-pti6j2pvv6066tivvijud1fmxak3fzw0infr6iae4g.jpg\" title=\"Einh\u00e4ndiges Fahren\" alt=\"Einh\u00e4ndiges Fahren\" loading=\"lazy\" \/>\t\t\t\t\t\t\t\t\t\t\t\t\t\t\t<\/div>\n\t\t\t\t<\/div>\n\t\t\t\t\t<\/div>\n\t\t<\/div>\n\t\t\t\t<div class=\"elementor-column elementor-col-50 elementor-top-column elementor-element elementor-element-7b2deef\" data-id=\"7b2deef\" data-element_type=\"column\" data-e-type=\"column\">\n\t\t\t<div class=\"elementor-widget-wrap elementor-element-populated\">\n\t\t\t\t\t\t<div class=\"elementor-element elementor-element-31d363b elementor-widget elementor-widget-image\" data-id=\"31d363b\" data-element_type=\"widget\" data-e-type=\"widget\" data-widget_type=\"image.default\">\n\t\t\t\t<div class=\"elementor-widget-container\">\n\t\t\t\t\t\t\t\t\t\t\t\t\t\t\t<img decoding=\"async\" src=\"https:\/\/xn--krnerschule-rfb.de\/wp-content\/uploads\/elementor\/thumbs\/Balancebalken-pti6j1s1obyvv7k91057sjo6bwoq8asa6is9p8bsao.jpg\" title=\"Balancebalken\" alt=\"Balancebalken\" loading=\"lazy\" \/>\t\t\t\t\t\t\t\t\t\t\t\t\t\t\t<\/div>\n\t\t\t\t<\/div>\n\t\t\t\t\t<\/div>\n\t\t<\/div>\n\t\t\t\t\t<\/div>\n\t\t<\/section>\n\t\t\t\t<\/div>\n\t\t","protected":false},"excerpt":{"rendered":"<p>Ausflug in die Jugendverkehrsschule Kurz vor den Sommerferien ging es f\u00fcr die dritten Schuljahre in die Jugendverkehrsschule. Dort konnten die Sch\u00fclerinnen und Sch\u00fcler an verschiedenen Stationen ihre koordinativen F\u00e4higkeiten verbessern und die Verkehrsregeln \u00fcben. Durch die gute Ausstattung der Jugendverkehrsschule konnten alle Kinder mehrere Stunden lang Fahrrad fahren. Sowohl f\u00fcr Anf\u00e4nger als auch f\u00fcr Fortgeschrittene [&hellip;]<\/p>\n","protected":false},"author":3,"featured_media":0,"parent":0,"menu_order":0,"comment_status":"closed","ping_status":"closed","template":"","meta":{"footnotes":""},"class_list":["post-1679","page","type-page","status-publish","hentry"],"_links":{"self":[{"href":"https:\/\/xn--krnerschule-rfb.de\/index.php\/wp-json\/wp\/v2\/pages\/1679","targetHints":{"allow":["GET"]}}],"collection":[{"href":"https:\/\/xn--krnerschule-rfb.de\/index.php\/wp-json\/wp\/v2\/pages"}],"about":[{"href":"https:\/\/xn--krnerschule-rfb.de\/index.php\/wp-json\/wp\/v2\/types\/page"}],"author":[{"embeddable":true,"href":"https:\/\/xn--krnerschule-rfb.de\/index.php\/wp-json\/wp\/v2\/users\/3"}],"replies":[{"embeddable":true,"href":"https:\/\/xn--krnerschule-rfb.de\/index.php\/wp-json\/wp\/v2\/comments?post=1679"}],"version-history":[{"count":4,"href":"https:\/\/xn--krnerschule-rfb.de\/index.php\/wp-json\/wp\/v2\/pages\/1679\/revisions"}],"predecessor-version":[{"id":1688,"href":"https:\/\/xn--krnerschule-rfb.de\/index.php\/wp-json\/wp\/v2\/pages\/1679\/revisions\/1688"}],"wp:attachment":[{"href":"https:\/\/xn--krnerschule-rfb.de\/index.php\/wp-json\/wp\/v2\/media?parent=1679"}],"curies":[{"name":"wp","href":"https:\/\/api.w.org\/{rel}","templated":true}]}}