{"id":1531,"date":"2022-08-18T14:02:23","date_gmt":"2022-08-18T12:02:23","guid":{"rendered":"https:\/\/xn--krnerschule-rfb.de\/?page_id=1531"},"modified":"2026-01-15T18:24:24","modified_gmt":"2026-01-15T17:24:24","slug":"offene-ganztagsschule-2","status":"publish","type":"page","link":"https:\/\/xn--krnerschule-rfb.de\/index.php\/offene-ganztagsschule-2\/","title":{"rendered":"Offene Ganztagsschule"},"content":{"rendered":"\t\t<div data-elementor-type=\"wp-page\" data-elementor-id=\"1531\" class=\"elementor elementor-1531\">\n\t\t\t\t\t\t<section class=\"elementor-section elementor-top-section elementor-element elementor-element-033aa3f elementor-section-boxed elementor-section-height-default elementor-section-height-default\" data-id=\"033aa3f\" data-element_type=\"section\" data-e-type=\"section\">\n\t\t\t\t\t\t<div class=\"elementor-container elementor-column-gap-default\">\n\t\t\t\t\t<div class=\"elementor-column elementor-col-100 elementor-top-column elementor-element elementor-element-3dff9ff\" data-id=\"3dff9ff\" data-element_type=\"column\" data-e-type=\"column\">\n\t\t\t<div class=\"elementor-widget-wrap elementor-element-populated\">\n\t\t\t\t\t\t<div class=\"elementor-element elementor-element-ead940e elementor-widget elementor-widget-text-editor\" data-id=\"ead940e\" data-element_type=\"widget\" data-e-type=\"widget\" data-widget_type=\"text-editor.default\">\n\t\t\t\t<div class=\"elementor-widget-container\">\n\t\t\t\t\t\t\t\t\t<h6><span style=\"color: #444444; font-size: 16px;\">Die K\u00f6rnerschule wurde als erste Schule in Viersen zu einer <strong><span style=\"color: #8c1c2c;\">Offenen Ganztagsschule<\/span><\/strong> ausgebaut, verf\u00fcgt somit \u00fcber viel Erfahrung und Fachlichkeit in der Gestaltung des Ganztages. F\u00fcr die Kinder bedeutet der Ganztag ein abwechslungsreiches Miteinander, mit Freunden lernen, essen, spielen, basteln, turnen, toben, Projekte, Arbeitsgemeinschaften (AGs), Ausfl\u00fcge und vieles mehr. F\u00fcr die Eltern bedeutet der Ganztag eine verl\u00e4ssliche Einrichtung, in der die Kinder in enger Zusammenarbeit mit Lehrkr\u00e4ften, Erziehern und weiterem schulischen Personal in ihrer ganzen Pers\u00f6nlichkeit betreut und gef\u00f6rdert werden.<\/span><\/h6><p>Von montags bis freitags k\u00f6nnen die Kinder nach dem Unterricht bis 16.30 Uhr betreut werden. Die Teilnahme an der OGS ist freiwillig, jedoch ist die Anmeldung f\u00fcr ein Schuljahr verbindlich. Die ersten 3 Wochen der Sommerferien und zwischen Weihnachten und Neujahr ist die OGS geschlossen. W\u00e4hrend der \u00fcbrigen Ferienzeiten und an unterrichtsfreien Tagen wird ihr Kind verl\u00e4sslich betreut. An Wochenenden und Feiertagen findet keine Betreuung statt.<\/p>\t\t\t\t\t\t\t\t<\/div>\n\t\t\t\t<\/div>\n\t\t\t\t\t<\/div>\n\t\t<\/div>\n\t\t\t\t\t<\/div>\n\t\t<\/section>\n\t\t\t\t<section class=\"elementor-section elementor-top-section elementor-element elementor-element-1b36a13 elementor-section-boxed elementor-section-height-default elementor-section-height-default\" data-id=\"1b36a13\" data-element_type=\"section\" data-e-type=\"section\">\n\t\t\t\t\t\t<div class=\"elementor-container elementor-column-gap-default\">\n\t\t\t\t\t<div class=\"elementor-column elementor-col-100 elementor-top-column elementor-element elementor-element-8e8c4e0\" data-id=\"8e8c4e0\" data-element_type=\"column\" data-e-type=\"column\">\n\t\t\t<div class=\"elementor-widget-wrap elementor-element-populated\">\n\t\t\t\t\t\t<div class=\"elementor-element elementor-element-d437b1c elementor-widget elementor-widget-spacer\" data-id=\"d437b1c\" data-element_type=\"widget\" data-e-type=\"widget\" data-widget_type=\"spacer.default\">\n\t\t\t\t<div class=\"elementor-widget-container\">\n\t\t\t\t\t\t\t<div class=\"elementor-spacer\">\n\t\t\t<div class=\"elementor-spacer-inner\"><\/div>\n\t\t<\/div>\n\t\t\t\t\t\t<\/div>\n\t\t\t\t<\/div>\n\t\t\t\t\t<\/div>\n\t\t<\/div>\n\t\t\t\t\t<\/div>\n\t\t<\/section>\n\t\t\t\t<section class=\"elementor-section elementor-top-section elementor-element elementor-element-a788cbd elementor-section-boxed elementor-section-height-default elementor-section-height-default\" data-id=\"a788cbd\" data-element_type=\"section\" data-e-type=\"section\">\n\t\t\t\t\t\t\t<div class=\"elementor-background-overlay\"><\/div>\n\t\t\t\t\t\t\t<div class=\"elementor-container elementor-column-gap-default\">\n\t\t\t\t\t<div class=\"elementor-column elementor-col-100 elementor-top-column elementor-element elementor-element-4690446\" data-id=\"4690446\" data-element_type=\"column\" data-e-type=\"column\" data-settings=\"{&quot;background_background&quot;:&quot;classic&quot;}\">\n\t\t\t<div class=\"elementor-widget-wrap elementor-element-populated\">\n\t\t\t\t\t<div class=\"elementor-background-overlay\"><\/div>\n\t\t\t\t\t\t<div class=\"elementor-element elementor-element-bfa54eb elementor-tabs-view-vertical elementor-widget elementor-widget-tabs\" data-id=\"bfa54eb\" data-element_type=\"widget\" data-e-type=\"widget\" data-widget_type=\"tabs.default\">\n\t\t\t\t<div class=\"elementor-widget-container\">\n\t\t\t\t\t\t\t<div class=\"elementor-tabs\">\n\t\t\t<div class=\"elementor-tabs-wrapper\" role=\"tablist\" >\n\t\t\t\t\t\t\t\t\t<div id=\"elementor-tab-title-2001\" class=\"elementor-tab-title elementor-tab-desktop-title\" aria-selected=\"true\" data-tab=\"1\" role=\"tab\" tabindex=\"0\" aria-controls=\"elementor-tab-content-2001\" aria-expanded=\"false\">Team der OGS<\/div>\n\t\t\t\t\t\t\t\t\t<div id=\"elementor-tab-title-2002\" class=\"elementor-tab-title elementor-tab-desktop-title\" aria-selected=\"false\" data-tab=\"2\" role=\"tab\" tabindex=\"-1\" aria-controls=\"elementor-tab-content-2002\" aria-expanded=\"false\">Organisation \/ Tagesstruktur<\/div>\n\t\t\t\t\t\t\t\t\t<div id=\"elementor-tab-title-2003\" class=\"elementor-tab-title elementor-tab-desktop-title\" aria-selected=\"false\" data-tab=\"3\" role=\"tab\" tabindex=\"-1\" aria-controls=\"elementor-tab-content-2003\" aria-expanded=\"false\">Ziele der OGS<\/div>\n\t\t\t\t\t\t\t\t\t<div id=\"elementor-tab-title-2004\" class=\"elementor-tab-title elementor-tab-desktop-title\" aria-selected=\"false\" data-tab=\"4\" role=\"tab\" tabindex=\"-1\" aria-controls=\"elementor-tab-content-2004\" aria-expanded=\"false\">Mittagessen<\/div>\n\t\t\t\t\t\t\t\t\t<div id=\"elementor-tab-title-2005\" class=\"elementor-tab-title elementor-tab-desktop-title\" aria-selected=\"false\" data-tab=\"5\" role=\"tab\" tabindex=\"-1\" aria-controls=\"elementor-tab-content-2005\" aria-expanded=\"false\">Abholzeiten<\/div>\n\t\t\t\t\t\t\t<\/div>\n\t\t\t<div class=\"elementor-tabs-content-wrapper\" role=\"tablist\" aria-orientation=\"vertical\">\n\t\t\t\t\t\t\t\t\t<div class=\"elementor-tab-title elementor-tab-mobile-title\" aria-selected=\"true\" data-tab=\"1\" role=\"tab\" tabindex=\"0\" aria-controls=\"elementor-tab-content-2001\" aria-expanded=\"false\">Team der OGS<\/div>\n\t\t\t\t\t<div id=\"elementor-tab-content-2001\" class=\"elementor-tab-content elementor-clearfix\" data-tab=\"1\" role=\"tabpanel\" aria-labelledby=\"elementor-tab-title-2001\" tabindex=\"0\" hidden=\"false\"><ul><li><span style=\"text-decoration: underline;\"><strong>OGS-Leitung<\/strong><\/span><em><span style=\"text-decoration: underline;\"><br \/><\/span><\/em><strong><span style=\"color: #333333;\">Frau Le<\/span><\/strong><\/li><li><span style=\"text-decoration: underline;\"><strong>Stellvertretende OGS-Leitung<\/strong><br \/><\/span><strong><span style=\"color: #333333;\">Frau Zeqiri<\/span><\/strong><\/li><li><span style=\"text-decoration: underline;\">Gruppenleitungen<\/span><br \/><span style=\"color: #333333;\">Frau Goertz (gr\u00fcne Gruppe)<\/span><br \/><span style=\"color: #333333;\">Frau Gube (t\u00fcrkise Gruppe)<\/span><br \/><span style=\"color: #333333;\">Frau Wittmann (rote Gruppe)<br \/><\/span><span style=\"color: #000000;\">Frau Kla\u00dfen (gelbe Gruppe)<\/span><br \/><span style=\"color: #333333;\">Frau Hashim (orange Gruppe)<\/span><br \/><span style=\"font-family: Roboto, sans-serif; font-size: 16px; font-style: normal; font-variant-ligatures: normal; font-variant-caps: normal; font-weight: 400;\"><span style=\"color: #333333;\">Frau Bicer (pinke Gruppe)<br \/><\/span><\/span><span style=\"color: #000000;\">Frau Zeqiri (lila Gruppe)<\/span><br \/><span style=\"color: #000000;\">Frau Seyn-Wagner (blaue Gruppe)<\/span><br \/><span style=\"color: #000000;\">Frau Schnellen (mint Gruppe)<\/span><\/li><li><span style=\"font-family: Roboto, sans-serif; font-size: 16px; font-style: normal; font-variant-ligatures: normal; font-variant-caps: normal; font-weight: 400;\"><span style=\"text-decoration: underline;\">Erg\u00e4nzungskr\u00e4fte<\/span><br \/><span style=\"color: #333333;\">Frau Jacobs<br \/>Frau Pypers<br \/>Frau Belga<br \/>Frau Ulut\u00fcrk<br \/>Frau Topeters<br \/>Frau Krumbein<br \/>Frau Skhita<br \/>Frau Harsch<br \/>Herr Franke<br \/>Frau Ny\u00df<br \/>Frau Bro\u00df<\/span><\/span><\/li><li><span style=\"text-decoration: underline;\">Springerin<br \/><\/span><span style=\"color: #000000;\">Frau Linken<\/span><\/li><li><span style=\"font-family: Roboto, sans-serif; font-size: 16px; font-style: normal; font-variant-ligatures: normal; font-variant-caps: normal; font-weight: 400;\"><span style=\"text-decoration: underline;\">Hausaufgabenkraft<\/span><br \/><span style=\"color: #333333;\">Frau Reen<\/span><\/span><\/li><li><span style=\"font-family: Roboto, sans-serif; font-size: 16px; font-style: normal; font-variant-ligatures: normal; font-variant-caps: normal; font-weight: 400;\"><span style=\"text-decoration: underline;\">PiA-Auszubildende<\/span><br \/><span style=\"color: #333333;\">Frau Dree\u00dfen<\/span><\/span><\/li><li><span style=\"font-family: Roboto, sans-serif; font-size: 16px; font-style: normal; font-variant-ligatures: normal; font-variant-caps: normal; font-weight: 400;\"><span style=\"text-decoration: underline;\">Hauswirtschaftskr\u00e4fte<\/span><br \/><span style=\"color: #333333;\">Frau Hoeckstra<br \/>Frau Scholz<\/span><\/span><\/li><\/ul><\/div>\n\t\t\t\t\t\t\t\t\t<div class=\"elementor-tab-title elementor-tab-mobile-title\" aria-selected=\"false\" data-tab=\"2\" role=\"tab\" tabindex=\"-1\" aria-controls=\"elementor-tab-content-2002\" aria-expanded=\"false\">Organisation \/ Tagesstruktur<\/div>\n\t\t\t\t\t<div id=\"elementor-tab-content-2002\" class=\"elementor-tab-content elementor-clearfix\" data-tab=\"2\" role=\"tabpanel\" aria-labelledby=\"elementor-tab-title-2002\" tabindex=\"0\" hidden=\"hidden\"><p style=\"text-align: justify;\">In diesem Schuljahr wurde die OGS erneut um eine Gruppe und auch r\u00e4umlich erweitert. Durch die Erweiterung war es m\u00f6glich, allen Betreuungsw\u00fcnschen gerecht zu werden. Mit 9 Gruppen (gelbe, blaue, gr\u00fcne, lila, rote, orange, t\u00fcrkise, pinke und mint Gruppe) bietet der Ganztag Platz f\u00fcr bis zu 243 Kinder. Dabei hat jedes Kind seine feste Gruppe und Bezugsperson, sowie in der Regel auch die Mitsch\u00fcler der eigenen Klasse. Diese feste Gruppenstruktur gibt den Kindern Halt und Orientierung, aber auch Entfaltung in der Gestaltung des Ganztages. Dabei haben die Kinder die M\u00f6glichkeit, zwischendurch auch eine andere Gruppe zu besuchen, um Freundschaften und neue Kontakte zu kn\u00fcpfen. Die Gruppengr\u00f6\u00dfe liegt in der Regel bei 27 Kindern.<\/p><p style=\"text-align: justify;\">Die Hausaufgaben- und Lernzeit findet je nach Stundenplan von 13.15 Uhr \u2013 14.00 Uhr oder von 14.00 Uhr &#8211; 15.00 Uhr statt\u00a0 und wird von Lehrkr\u00e4ften sowie dem schulischen Personal durchgef\u00fchrt. Dabei liegt die regul\u00e4re Arbeitszeit zwischen 30 Minuten (1.\/2. Schuljahr) und 45 Minuten (3.\/4. Schuljahr).<\/p><\/div>\n\t\t\t\t\t\t\t\t\t<div class=\"elementor-tab-title elementor-tab-mobile-title\" aria-selected=\"false\" data-tab=\"3\" role=\"tab\" tabindex=\"-1\" aria-controls=\"elementor-tab-content-2003\" aria-expanded=\"false\">Ziele der OGS<\/div>\n\t\t\t\t\t<div id=\"elementor-tab-content-2003\" class=\"elementor-tab-content elementor-clearfix\" data-tab=\"3\" role=\"tabpanel\" aria-labelledby=\"elementor-tab-title-2003\" tabindex=\"0\" hidden=\"hidden\"><p style=\"text-align: justify;\">Neben einer intensiven Hausaufgabenbegleitung durch Lehrer und p\u00e4dagogische Fachkr\u00e4fte soll durch gezielte und individuelle F\u00f6rderma\u00dfnahmen sowie eine sinnvolle Freizeitgestaltung die soziale und pers\u00f6nliche Entwicklung der Kinder systematisch gest\u00e4rkt werden. Auch sollen die Bereiche Bildung, Erziehung und Betreuung mehr als bisher verbunden werden. Die OGS will einen Beitrag zu mehr Bildungsqualit\u00e4t und Chancengleichheit leisten und dar\u00fcber hinaus den Eltern die Sicherheit geben, das ihr Kind gut und zuverl\u00e4ssig aufgehoben ist und somit einen Beitrag zur besseren Vereinbarkeit von Beruf und Familie leisten.<\/p><p style=\"text-align: justify;\">Neben dem Freispiel besteht am Nachmittag die M\u00f6glichkeit in einer verl\u00e4sslichen Gruppe zu verschiedenen Kursangeboten teilzunehmen. Diese AGs werden von Lehrkr\u00e4ften, Erziehern und Kooperationspartnern geleitet. Lernfreude und F\u00f6rderung vielf\u00e4ltiger Fertigkeiten und F\u00e4higkeiten sollen \u00fcber musische, k\u00fcnstlerische, sportliche, hauswirtschaftliche und weitere Angebote erreicht werden.<\/p><\/div>\n\t\t\t\t\t\t\t\t\t<div class=\"elementor-tab-title elementor-tab-mobile-title\" aria-selected=\"false\" data-tab=\"4\" role=\"tab\" tabindex=\"-1\" aria-controls=\"elementor-tab-content-2004\" aria-expanded=\"false\">Mittagessen<\/div>\n\t\t\t\t\t<div id=\"elementor-tab-content-2004\" class=\"elementor-tab-content elementor-clearfix\" data-tab=\"4\" role=\"tabpanel\" aria-labelledby=\"elementor-tab-title-2004\" tabindex=\"0\" hidden=\"hidden\"><p style=\"text-align: justify;\">F\u00fcr alle Kinder der OGS ist die Teilnahme an einem warmen Mittagessen verpflichtend. In drei Zeitschienen wird je nach Unterrichtsschluss der Kinder in der Mensa unserer Schule gegessen. Die monatlichen Elternbeitr\u00e4ge h\u00e4ngen vom Einkommen der Eltern ab und sind in 6 Einkommensstufen gestaffelt.<\/p><\/div>\n\t\t\t\t\t\t\t\t\t<div class=\"elementor-tab-title elementor-tab-mobile-title\" aria-selected=\"false\" data-tab=\"5\" role=\"tab\" tabindex=\"-1\" aria-controls=\"elementor-tab-content-2005\" aria-expanded=\"false\">Abholzeiten<\/div>\n\t\t\t\t\t<div id=\"elementor-tab-content-2005\" class=\"elementor-tab-content elementor-clearfix\" data-tab=\"5\" role=\"tabpanel\" aria-labelledby=\"elementor-tab-title-2005\" tabindex=\"0\" hidden=\"hidden\"><p style=\"text-align: justify;\">Die Kinder k\u00f6nnen zu folg<span style=\"color: #333333;\">enden Zeiten a<\/span>bgeholt werden:<\/p><ul><li style=\"text-align: justify;\"><span style=\"color: #333333;\">nach den Hausaufgaben ab 15.00 Uhr<\/span><\/li><li style=\"text-align: justify;\"><span style=\"color: #333333;\">nach einer AG (16.00 Uhr) \/ ohne AG-Teilnahme auch 15.30 Uhr m\u00f6glich<\/span><\/li><li style=\"text-align: justify;\"><span style=\"color: #333333;\">16.30 Uhr (Betreuungsende \u21d2 OGS schlie\u00dft)<\/span><\/li><\/ul><\/div>\n\t\t\t\t\t\t\t<\/div>\n\t\t<\/div>\n\t\t\t\t\t\t<\/div>\n\t\t\t\t<\/div>\n\t\t\t\t\t<\/div>\n\t\t<\/div>\n\t\t\t\t\t<\/div>\n\t\t<\/section>\n\t\t\t\t<section class=\"elementor-section elementor-top-section elementor-element elementor-element-24c1597 elementor-section-boxed elementor-section-height-default elementor-section-height-default\" data-id=\"24c1597\" data-element_type=\"section\" data-e-type=\"section\">\n\t\t\t\t\t\t<div class=\"elementor-container elementor-column-gap-default\">\n\t\t\t\t\t<div class=\"elementor-column elementor-col-100 elementor-top-column elementor-element elementor-element-1300d3e\" data-id=\"1300d3e\" data-element_type=\"column\" data-e-type=\"column\">\n\t\t\t<div class=\"elementor-widget-wrap elementor-element-populated\">\n\t\t\t\t\t\t<div class=\"elementor-element elementor-element-039a19f elementor-widget elementor-widget-spacer\" data-id=\"039a19f\" data-element_type=\"widget\" data-e-type=\"widget\" data-widget_type=\"spacer.default\">\n\t\t\t\t<div class=\"elementor-widget-container\">\n\t\t\t\t\t\t\t<div class=\"elementor-spacer\">\n\t\t\t<div class=\"elementor-spacer-inner\"><\/div>\n\t\t<\/div>\n\t\t\t\t\t\t<\/div>\n\t\t\t\t<\/div>\n\t\t\t\t\t<\/div>\n\t\t<\/div>\n\t\t\t\t\t<\/div>\n\t\t<\/section>\n\t\t\t\t<section class=\"elementor-section elementor-top-section elementor-element elementor-element-27ec16b elementor-section-boxed elementor-section-height-default elementor-section-height-default\" data-id=\"27ec16b\" data-element_type=\"section\" data-e-type=\"section\">\n\t\t\t\t\t\t<div class=\"elementor-container elementor-column-gap-default\">\n\t\t\t\t\t<div class=\"elementor-column elementor-col-100 elementor-top-column elementor-element elementor-element-128b642\" data-id=\"128b642\" data-element_type=\"column\" data-e-type=\"column\">\n\t\t\t<div class=\"elementor-widget-wrap elementor-element-populated\">\n\t\t\t\t\t\t<div class=\"elementor-element elementor-element-7e31891 elementor-align-right elementor-widget elementor-widget-button\" data-id=\"7e31891\" data-element_type=\"widget\" data-e-type=\"widget\" data-widget_type=\"button.default\">\n\t\t\t\t<div class=\"elementor-widget-container\">\n\t\t\t\t\t\t\t\t\t<div class=\"elementor-button-wrapper\">\n\t\t\t\t\t<a class=\"elementor-button elementor-button-link elementor-size-sm\" href=\"https:\/\/k\u00f6rnerschule.de\/index.php\/betreuung\/\">\n\t\t\t\t\t\t<span class=\"elementor-button-content-wrapper\">\n\t\t\t\t\t\t<span class=\"elementor-button-icon\">\n\t\t\t\t<i aria-hidden=\"true\" class=\"fas fa-step-backward\"><\/i>\t\t\t<\/span>\n\t\t\t\t\t\t\t\t\t<span class=\"elementor-button-text\">zur\u00fcck<\/span>\n\t\t\t\t\t<\/span>\n\t\t\t\t\t<\/a>\n\t\t\t\t<\/div>\n\t\t\t\t\t\t\t\t<\/div>\n\t\t\t\t<\/div>\n\t\t\t\t\t<\/div>\n\t\t<\/div>\n\t\t\t\t\t<\/div>\n\t\t<\/section>\n\t\t\t\t<\/div>\n\t\t","protected":false},"excerpt":{"rendered":"<p>Die K\u00f6rnerschule wurde als erste Schule in Viersen zu einer Offenen Ganztagsschule ausgebaut, verf\u00fcgt somit \u00fcber viel Erfahrung und Fachlichkeit in der Gestaltung des Ganztages. F\u00fcr die Kinder bedeutet der Ganztag ein abwechslungsreiches Miteinander, mit Freunden lernen, essen, spielen, basteln, turnen, toben, Projekte, Arbeitsgemeinschaften (AGs), Ausfl\u00fcge und vieles mehr. F\u00fcr die Eltern bedeutet der Ganztag [&hellip;]<\/p>\n","protected":false},"author":3,"featured_media":0,"parent":0,"menu_order":0,"comment_status":"closed","ping_status":"closed","template":"","meta":{"footnotes":""},"class_list":["post-1531","page","type-page","status-publish","hentry"],"_links":{"self":[{"href":"https:\/\/xn--krnerschule-rfb.de\/index.php\/wp-json\/wp\/v2\/pages\/1531","targetHints":{"allow":["GET"]}}],"collection":[{"href":"https:\/\/xn--krnerschule-rfb.de\/index.php\/wp-json\/wp\/v2\/pages"}],"about":[{"href":"https:\/\/xn--krnerschule-rfb.de\/index.php\/wp-json\/wp\/v2\/types\/page"}],"author":[{"embeddable":true,"href":"https:\/\/xn--krnerschule-rfb.de\/index.php\/wp-json\/wp\/v2\/users\/3"}],"replies":[{"embeddable":true,"href":"https:\/\/xn--krnerschule-rfb.de\/index.php\/wp-json\/wp\/v2\/comments?post=1531"}],"version-history":[{"count":89,"href":"https:\/\/xn--krnerschule-rfb.de\/index.php\/wp-json\/wp\/v2\/pages\/1531\/revisions"}],"predecessor-version":[{"id":3312,"href":"https:\/\/xn--krnerschule-rfb.de\/index.php\/wp-json\/wp\/v2\/pages\/1531\/revisions\/3312"}],"wp:attachment":[{"href":"https:\/\/xn--krnerschule-rfb.de\/index.php\/wp-json\/wp\/v2\/media?parent=1531"}],"curies":[{"name":"wp","href":"https:\/\/api.w.org\/{rel}","templated":true}]}}