{"id":1526,"date":"2022-08-18T13:53:24","date_gmt":"2022-08-18T11:53:24","guid":{"rendered":"https:\/\/xn--krnerschule-rfb.de\/?page_id=1526"},"modified":"2026-02-08T20:20:55","modified_gmt":"2026-02-08T19:20:55","slug":"verlaessliche-schule-2","status":"publish","type":"page","link":"https:\/\/xn--krnerschule-rfb.de\/index.php\/verlaessliche-schule-2\/","title":{"rendered":"Verl\u00e4ssliche Schule"},"content":{"rendered":"\t\t<div data-elementor-type=\"wp-page\" data-elementor-id=\"1526\" class=\"elementor elementor-1526\">\n\t\t\t\t\t\t<section class=\"elementor-section elementor-top-section elementor-element elementor-element-ad66b57 elementor-section-boxed elementor-section-height-default elementor-section-height-default\" data-id=\"ad66b57\" data-element_type=\"section\" data-e-type=\"section\">\n\t\t\t\t\t\t<div class=\"elementor-container elementor-column-gap-default\">\n\t\t\t\t\t<div class=\"elementor-column elementor-col-100 elementor-top-column elementor-element elementor-element-5268466\" data-id=\"5268466\" data-element_type=\"column\" data-e-type=\"column\">\n\t\t\t<div class=\"elementor-widget-wrap elementor-element-populated\">\n\t\t\t\t\t\t<div class=\"elementor-element elementor-element-5cd60fe elementor-widget elementor-widget-text-editor\" data-id=\"5cd60fe\" data-element_type=\"widget\" data-e-type=\"widget\" data-widget_type=\"text-editor.default\">\n\t\t\t\t<div class=\"elementor-widget-container\">\n\t\t\t\t\t\t\t\t\t<p>In der Betreuung k\u00f6nnen Sie ihr Kind von 8.00 \u2013 13.15 Uhr (monatlich 35\u20ac) von gut geschultem Personal betreuen lassen.<br \/><span style=\"text-decoration: underline;\">Leitung:<\/span> Frau Le<br \/><span style=\"text-decoration: underline;\">Gruppenleitungen:<\/span> Frau Ulut\u00fcrk und Frau Belga<\/p><p>Die Kinder sind keinem feststehenden verpflichtenden Programm unterworfen, sondern bestimmen unter Anleitung der Betreuungskr\u00e4fte den Ablauf der Betreuungszeit weitgehend nach ihren individuellen Bed\u00fcrfnissen. Neben gemeinsamen Aktivit\u00e4ten wie Spielen, Basteln und Malen gibt es auch kleine Projekte.<\/p><p>Im Spiel zu erfahrene gegenseitige liebevolle Wer<span style=\"color: #333333;\">tsch\u00e4tzung und r\u00fccksichtsvoller Umgang miteinander geh\u00f6ren zum p\u00e4dagogischen Konzept und jedes Kind wird in seiner Einzigartigkeit angenommen und gef\u00f6rdert. Vielf\u00e4ltige Spiel- und Besch\u00e4ftigungsm\u00f6glichkeiten stehen zur Verf\u00fcgung:<\/span><\/p><ul><li><strong><span style=\"color: #02528f;\">Leseecke<\/span><\/strong><\/li><li><strong><span style=\"color: #02528f;\">Bauteppich mit Naturbausteinen, Legosteinen, Autos, Tieren<\/span><\/strong><\/li><li><strong><span style=\"color: #02528f;\">Konstruktionsmaterial<\/span><\/strong><\/li><li><strong><span style=\"color: #02528f;\">Gesellschaftsspiele, Puzzles<\/span><\/strong><\/li><li><strong><span style=\"color: #02528f;\">Lernspiele und F\u00f6rdermaterialien<\/span><\/strong><\/li><li><strong><span style=\"color: #02528f;\">Umfangreiches Bastel- und Werkangebot<\/span><\/strong><\/li><li><strong><span style=\"color: #02528f;\">Mal- und Kreativecke<\/span><\/strong><\/li><li><strong><span style=\"color: #02528f;\">Spielen im Au\u00dfenbereich<\/span><\/strong><\/li><\/ul><p><span style=\"color: #333333;\">Ein Mittagessen wird n<\/span>icht angeboten, aber die Kinder k\u00f6nnen sich einen kleinen Snack sowie Getr\u00e4nke mitbringen. Ja nach Stundenkontingent der Schule bieten Lehrkr\u00e4fte in der Betreuung eine AG (Arbeitsgemeinschaft) an, an der die Kinder freiwillig teilnehmen k\u00f6nnen. Auch gezielte F\u00f6rderma\u00dfnahmen werden je nach Ressource zielgerichtet eingesetzt.<\/p>\t\t\t\t\t\t\t\t<\/div>\n\t\t\t\t<\/div>\n\t\t\t\t\t<\/div>\n\t\t<\/div>\n\t\t\t\t\t<\/div>\n\t\t<\/section>\n\t\t\t\t<section class=\"elementor-section elementor-top-section elementor-element elementor-element-c72d42e elementor-section-boxed elementor-section-height-default elementor-section-height-default\" data-id=\"c72d42e\" data-element_type=\"section\" data-e-type=\"section\">\n\t\t\t\t\t\t<div class=\"elementor-container elementor-column-gap-default\">\n\t\t\t\t\t<div class=\"elementor-column elementor-col-100 elementor-top-column elementor-element elementor-element-866896b\" data-id=\"866896b\" data-element_type=\"column\" data-e-type=\"column\">\n\t\t\t<div class=\"elementor-widget-wrap elementor-element-populated\">\n\t\t\t\t\t\t<div class=\"elementor-element elementor-element-2fe70bc elementor-align-right elementor-widget elementor-widget-button\" data-id=\"2fe70bc\" data-element_type=\"widget\" data-e-type=\"widget\" data-widget_type=\"button.default\">\n\t\t\t\t<div class=\"elementor-widget-container\">\n\t\t\t\t\t\t\t\t\t<div class=\"elementor-button-wrapper\">\n\t\t\t\t\t<a class=\"elementor-button elementor-button-link elementor-size-xs\" href=\"https:\/\/k\u00f6rnerschule.de\/index.php\/betreuung\/\">\n\t\t\t\t\t\t<span class=\"elementor-button-content-wrapper\">\n\t\t\t\t\t\t<span class=\"elementor-button-icon\">\n\t\t\t\t<i aria-hidden=\"true\" class=\"fas fa-step-backward\"><\/i>\t\t\t<\/span>\n\t\t\t\t\t\t\t\t\t<span class=\"elementor-button-text\">zur\u00fcck<\/span>\n\t\t\t\t\t<\/span>\n\t\t\t\t\t<\/a>\n\t\t\t\t<\/div>\n\t\t\t\t\t\t\t\t<\/div>\n\t\t\t\t<\/div>\n\t\t\t\t\t<\/div>\n\t\t<\/div>\n\t\t\t\t\t<\/div>\n\t\t<\/section>\n\t\t\t\t<\/div>\n\t\t","protected":false},"excerpt":{"rendered":"<p>In der Betreuung k\u00f6nnen Sie ihr Kind von 8.00 \u2013 13.15 Uhr (monatlich 35\u20ac) von gut geschultem Personal betreuen lassen.Leitung: Frau LeGruppenleitungen: Frau Ulut\u00fcrk und Frau Belga Die Kinder sind keinem feststehenden verpflichtenden Programm unterworfen, sondern bestimmen unter Anleitung der Betreuungskr\u00e4fte den Ablauf der Betreuungszeit weitgehend nach ihren individuellen Bed\u00fcrfnissen. Neben gemeinsamen Aktivit\u00e4ten wie Spielen, [&hellip;]<\/p>\n","protected":false},"author":3,"featured_media":0,"parent":0,"menu_order":0,"comment_status":"closed","ping_status":"closed","template":"","meta":{"footnotes":""},"class_list":["post-1526","page","type-page","status-publish","hentry"],"_links":{"self":[{"href":"https:\/\/xn--krnerschule-rfb.de\/index.php\/wp-json\/wp\/v2\/pages\/1526","targetHints":{"allow":["GET"]}}],"collection":[{"href":"https:\/\/xn--krnerschule-rfb.de\/index.php\/wp-json\/wp\/v2\/pages"}],"about":[{"href":"https:\/\/xn--krnerschule-rfb.de\/index.php\/wp-json\/wp\/v2\/types\/page"}],"author":[{"embeddable":true,"href":"https:\/\/xn--krnerschule-rfb.de\/index.php\/wp-json\/wp\/v2\/users\/3"}],"replies":[{"embeddable":true,"href":"https:\/\/xn--krnerschule-rfb.de\/index.php\/wp-json\/wp\/v2\/comments?post=1526"}],"version-history":[{"count":22,"href":"https:\/\/xn--krnerschule-rfb.de\/index.php\/wp-json\/wp\/v2\/pages\/1526\/revisions"}],"predecessor-version":[{"id":3321,"href":"https:\/\/xn--krnerschule-rfb.de\/index.php\/wp-json\/wp\/v2\/pages\/1526\/revisions\/3321"}],"wp:attachment":[{"href":"https:\/\/xn--krnerschule-rfb.de\/index.php\/wp-json\/wp\/v2\/media?parent=1526"}],"curies":[{"name":"wp","href":"https:\/\/api.w.org\/{rel}","templated":true}]}}