{"id":1520,"date":"2022-08-18T13:47:46","date_gmt":"2022-08-18T11:47:46","guid":{"rendered":"https:\/\/xn--krnerschule-rfb.de\/?page_id=1520"},"modified":"2024-03-13T10:22:05","modified_gmt":"2024-03-13T09:22:05","slug":"fruehbetreuung-2","status":"publish","type":"page","link":"https:\/\/xn--krnerschule-rfb.de\/index.php\/fruehbetreuung-2\/","title":{"rendered":"Fr\u00fchbetreuung"},"content":{"rendered":"\t\t<div data-elementor-type=\"wp-page\" data-elementor-id=\"1520\" class=\"elementor elementor-1520\">\n\t\t\t\t\t\t<section class=\"elementor-section elementor-top-section elementor-element elementor-element-39477a2 elementor-section-boxed elementor-section-height-default elementor-section-height-default\" data-id=\"39477a2\" data-element_type=\"section\" data-e-type=\"section\">\n\t\t\t\t\t\t<div class=\"elementor-container elementor-column-gap-default\">\n\t\t\t\t\t<div class=\"elementor-column elementor-col-100 elementor-top-column elementor-element elementor-element-19ec7a3\" data-id=\"19ec7a3\" data-element_type=\"column\" data-e-type=\"column\">\n\t\t\t<div class=\"elementor-widget-wrap elementor-element-populated\">\n\t\t\t\t\t\t<div class=\"elementor-element elementor-element-ae78d09 elementor-widget elementor-widget-text-editor\" data-id=\"ae78d09\" data-element_type=\"widget\" data-e-type=\"widget\" data-widget_type=\"text-editor.default\">\n\t\t\t\t<div class=\"elementor-widget-container\">\n\t\t\t\t\t\t\t\t\t<p>Seit dem Schuljahr 2018\/19 bieten wir f\u00fcr berufst\u00e4tige Eltern unsere Fr\u00fchbetreuung von 7.00 \u2013 7.45 Uhr kostenlos an. Zwischen 7.00 und 7.30 Uhr k\u00f6nnen die Eltern ihr Kind in die Fr\u00fchbetreuung bringen.<\/p><p>Die <strong><span style=\"color: #2b6711;\">\u201eKleinen Fr\u00fchaufsteher\u201c<\/span><\/strong> werden von unserer Sozialp\u00e4dagogin Frau Lenz, unserer Sozialarbeiterin Frau Hoff oder von Lehrkr\u00e4ften betreut. In einer Zeit, in der im Berufsleben immer gr\u00f6\u00dfere Erwartungen an Eltern gestellt werden, war es uns einerseits ein gro\u00dfes Anliegen, Kindern einen zuverl\u00e4ssigen Betreuungsrahmen mit Wohlf\u00fchlcharakter zu geben und andererseits erwerbst\u00e4tigen Eltern eine zuverl\u00e4ssige und zeitgem\u00e4\u00dfe Betreuung anzubieten, die Planungssicherheit und Entlastung mit sich bringen.<\/p><p>Die Kinder genie\u00dfen dabei ihre \u201eGleitzeit\u201c und haben die M\u00f6glichkeit zu spielen, zu malen, zu basteln oder sich auszuruhen und erst einmal anzukommen. Auch das gem\u00fctliche Sofa in der Leseecke l\u00e4dt zu zweit oder alleine zu einer gem\u00fctlichen Leserunde ein.<\/p><p>Manche Kinder genie\u00dfen auch ihr erstes oder zweites Fr\u00fchst\u00fcck.<\/p>\t\t\t\t\t\t\t\t<\/div>\n\t\t\t\t<\/div>\n\t\t\t\t\t<\/div>\n\t\t<\/div>\n\t\t\t\t\t<\/div>\n\t\t<\/section>\n\t\t\t\t<section class=\"elementor-section elementor-top-section elementor-element elementor-element-6f404e3 elementor-section-boxed elementor-section-height-default elementor-section-height-default\" data-id=\"6f404e3\" data-element_type=\"section\" data-e-type=\"section\">\n\t\t\t\t\t\t<div class=\"elementor-container elementor-column-gap-default\">\n\t\t\t\t\t<div class=\"elementor-column elementor-col-100 elementor-top-column elementor-element elementor-element-c050c06\" data-id=\"c050c06\" data-element_type=\"column\" data-e-type=\"column\">\n\t\t\t<div class=\"elementor-widget-wrap elementor-element-populated\">\n\t\t\t\t\t\t<div class=\"elementor-element elementor-element-5db73c3 elementor-align-right elementor-widget elementor-widget-button\" data-id=\"5db73c3\" data-element_type=\"widget\" data-e-type=\"widget\" data-widget_type=\"button.default\">\n\t\t\t\t<div class=\"elementor-widget-container\">\n\t\t\t\t\t\t\t\t\t<div class=\"elementor-button-wrapper\">\n\t\t\t\t\t<a class=\"elementor-button elementor-button-link elementor-size-xs\" href=\"https:\/\/k\u00f6rnerschule.de\/index.php\/betreuung\/\">\n\t\t\t\t\t\t<span class=\"elementor-button-content-wrapper\">\n\t\t\t\t\t\t<span class=\"elementor-button-icon\">\n\t\t\t\t<i aria-hidden=\"true\" class=\"fas fa-step-backward\"><\/i>\t\t\t<\/span>\n\t\t\t\t\t\t\t\t\t<span class=\"elementor-button-text\">zur\u00fcck<\/span>\n\t\t\t\t\t<\/span>\n\t\t\t\t\t<\/a>\n\t\t\t\t<\/div>\n\t\t\t\t\t\t\t\t<\/div>\n\t\t\t\t<\/div>\n\t\t\t\t\t<\/div>\n\t\t<\/div>\n\t\t\t\t\t<\/div>\n\t\t<\/section>\n\t\t\t\t<\/div>\n\t\t","protected":false},"excerpt":{"rendered":"<p>Seit dem Schuljahr 2018\/19 bieten wir f\u00fcr berufst\u00e4tige Eltern unsere Fr\u00fchbetreuung von 7.00 \u2013 7.45 Uhr kostenlos an. Zwischen 7.00 und 7.30 Uhr k\u00f6nnen die Eltern ihr Kind in die Fr\u00fchbetreuung bringen. Die \u201eKleinen Fr\u00fchaufsteher\u201c werden von unserer Sozialp\u00e4dagogin Frau Lenz, unserer Sozialarbeiterin Frau Hoff oder von Lehrkr\u00e4ften betreut. In einer Zeit, in der im [&hellip;]<\/p>\n","protected":false},"author":3,"featured_media":0,"parent":0,"menu_order":0,"comment_status":"closed","ping_status":"closed","template":"","meta":{"footnotes":""},"class_list":["post-1520","page","type-page","status-publish","hentry"],"_links":{"self":[{"href":"https:\/\/xn--krnerschule-rfb.de\/index.php\/wp-json\/wp\/v2\/pages\/1520","targetHints":{"allow":["GET"]}}],"collection":[{"href":"https:\/\/xn--krnerschule-rfb.de\/index.php\/wp-json\/wp\/v2\/pages"}],"about":[{"href":"https:\/\/xn--krnerschule-rfb.de\/index.php\/wp-json\/wp\/v2\/types\/page"}],"author":[{"embeddable":true,"href":"https:\/\/xn--krnerschule-rfb.de\/index.php\/wp-json\/wp\/v2\/users\/3"}],"replies":[{"embeddable":true,"href":"https:\/\/xn--krnerschule-rfb.de\/index.php\/wp-json\/wp\/v2\/comments?post=1520"}],"version-history":[{"count":13,"href":"https:\/\/xn--krnerschule-rfb.de\/index.php\/wp-json\/wp\/v2\/pages\/1520\/revisions"}],"predecessor-version":[{"id":2560,"href":"https:\/\/xn--krnerschule-rfb.de\/index.php\/wp-json\/wp\/v2\/pages\/1520\/revisions\/2560"}],"wp:attachment":[{"href":"https:\/\/xn--krnerschule-rfb.de\/index.php\/wp-json\/wp\/v2\/media?parent=1520"}],"curies":[{"name":"wp","href":"https:\/\/api.w.org\/{rel}","templated":true}]}}