{"id":1427,"date":"2022-06-28T10:40:45","date_gmt":"2022-06-28T08:40:45","guid":{"rendered":"https:\/\/xn--krnerschule-rfb.de\/?page_id=1427"},"modified":"2022-08-20T13:06:07","modified_gmt":"2022-08-20T11:06:07","slug":"betreuung","status":"publish","type":"page","link":"https:\/\/xn--krnerschule-rfb.de\/index.php\/betreuung\/","title":{"rendered":"BETREUUNG"},"content":{"rendered":"\t\t<div data-elementor-type=\"wp-page\" data-elementor-id=\"1427\" class=\"elementor elementor-1427\">\n\t\t\t\t\t\t<section class=\"elementor-section elementor-top-section elementor-element elementor-element-520db03 elementor-section-boxed elementor-section-height-default elementor-section-height-default\" data-id=\"520db03\" data-element_type=\"section\" data-e-type=\"section\">\n\t\t\t\t\t\t<div class=\"elementor-container elementor-column-gap-default\">\n\t\t\t\t\t<div class=\"elementor-column elementor-col-100 elementor-top-column elementor-element elementor-element-89a3d77\" data-id=\"89a3d77\" data-element_type=\"column\" data-e-type=\"column\">\n\t\t\t<div class=\"elementor-widget-wrap elementor-element-populated\">\n\t\t\t\t\t\t<div class=\"elementor-element elementor-element-b29b22d elementor-widget elementor-widget-text-editor\" data-id=\"b29b22d\" data-element_type=\"widget\" data-e-type=\"widget\" data-widget_type=\"text-editor.default\">\n\t\t\t\t<div class=\"elementor-widget-container\">\n\t\t\t\t\t\t\t\t\t<p>Unsere Schule verf\u00fcgt \u00fcber drei S\u00e4ulen der Betreuung f\u00fcr Ihre Kinder.<\/p>\t\t\t\t\t\t\t\t<\/div>\n\t\t\t\t<\/div>\n\t\t\t\t\t<\/div>\n\t\t<\/div>\n\t\t\t\t\t<\/div>\n\t\t<\/section>\n\t\t\t\t<section class=\"elementor-section elementor-top-section elementor-element elementor-element-692dfea elementor-section-boxed elementor-section-height-default elementor-section-height-default\" data-id=\"692dfea\" data-element_type=\"section\" data-e-type=\"section\">\n\t\t\t\t\t\t<div class=\"elementor-container elementor-column-gap-default\">\n\t\t\t\t\t<div class=\"elementor-column elementor-col-33 elementor-top-column elementor-element elementor-element-6d9b5d6\" data-id=\"6d9b5d6\" data-element_type=\"column\" data-e-type=\"column\">\n\t\t\t<div class=\"elementor-widget-wrap elementor-element-populated\">\n\t\t\t\t\t\t<div class=\"elementor-element elementor-element-b06a983 elementor-widget elementor-widget-image\" data-id=\"b06a983\" data-element_type=\"widget\" data-e-type=\"widget\" data-widget_type=\"image.default\">\n\t\t\t\t<div class=\"elementor-widget-container\">\n\t\t\t\t\t\t\t\t\t\t\t\t\t\t\t\t<a href=\"https:\/\/k\u00f6rnerschule.de\/index.php\/fruehbetreuung-2\/\">\n\t\t\t\t\t\t\t<img fetchpriority=\"high\" decoding=\"async\" width=\"191\" height=\"300\" src=\"https:\/\/xn--krnerschule-rfb.de\/wp-content\/uploads\/2022\/08\/Saeule-Fruehbetreuung-191x300.jpg\" class=\"attachment-medium size-medium wp-image-1516\" alt=\"\" srcset=\"https:\/\/xn--krnerschule-rfb.de\/wp-content\/uploads\/2022\/08\/Saeule-Fruehbetreuung-191x300.jpg 191w, https:\/\/xn--krnerschule-rfb.de\/wp-content\/uploads\/2022\/08\/Saeule-Fruehbetreuung-651x1024.jpg 651w, https:\/\/xn--krnerschule-rfb.de\/wp-content\/uploads\/2022\/08\/Saeule-Fruehbetreuung.jpg 752w\" sizes=\"(max-width: 191px) 100vw, 191px\" \/>\t\t\t\t\t\t\t\t<\/a>\n\t\t\t\t\t\t\t\t\t\t\t\t\t\t\t<\/div>\n\t\t\t\t<\/div>\n\t\t\t\t\t<\/div>\n\t\t<\/div>\n\t\t\t\t<div class=\"elementor-column elementor-col-33 elementor-top-column elementor-element elementor-element-2a95925\" data-id=\"2a95925\" data-element_type=\"column\" data-e-type=\"column\">\n\t\t\t<div class=\"elementor-widget-wrap elementor-element-populated\">\n\t\t\t\t\t\t<div class=\"elementor-element elementor-element-bab4736 elementor-widget elementor-widget-image\" data-id=\"bab4736\" data-element_type=\"widget\" data-e-type=\"widget\" data-widget_type=\"image.default\">\n\t\t\t\t<div class=\"elementor-widget-container\">\n\t\t\t\t\t\t\t\t\t\t\t\t\t\t\t\t<a href=\"https:\/\/k\u00f6rnerschule.de\/index.php\/verlaessliche-schule-2\/\">\n\t\t\t\t\t\t\t<img decoding=\"async\" width=\"191\" height=\"300\" src=\"https:\/\/xn--krnerschule-rfb.de\/wp-content\/uploads\/2022\/08\/Saeule-Verlaessliche-Schule-191x300.jpg\" class=\"attachment-medium size-medium wp-image-1513\" alt=\"\" srcset=\"https:\/\/xn--krnerschule-rfb.de\/wp-content\/uploads\/2022\/08\/Saeule-Verlaessliche-Schule-191x300.jpg 191w, https:\/\/xn--krnerschule-rfb.de\/wp-content\/uploads\/2022\/08\/Saeule-Verlaessliche-Schule-651x1024.jpg 651w, https:\/\/xn--krnerschule-rfb.de\/wp-content\/uploads\/2022\/08\/Saeule-Verlaessliche-Schule.jpg 752w\" sizes=\"(max-width: 191px) 100vw, 191px\" \/>\t\t\t\t\t\t\t\t<\/a>\n\t\t\t\t\t\t\t\t\t\t\t\t\t\t\t<\/div>\n\t\t\t\t<\/div>\n\t\t\t\t\t<\/div>\n\t\t<\/div>\n\t\t\t\t<div class=\"elementor-column elementor-col-33 elementor-top-column elementor-element elementor-element-0279ae8\" data-id=\"0279ae8\" data-element_type=\"column\" data-e-type=\"column\">\n\t\t\t<div class=\"elementor-widget-wrap elementor-element-populated\">\n\t\t\t\t\t\t<div class=\"elementor-element elementor-element-63e91fc elementor-widget elementor-widget-image\" data-id=\"63e91fc\" data-element_type=\"widget\" data-e-type=\"widget\" data-widget_type=\"image.default\">\n\t\t\t\t<div class=\"elementor-widget-container\">\n\t\t\t\t\t\t\t\t\t\t\t\t\t\t\t\t<a href=\"https:\/\/k\u00f6rnerschule.de\/index.php\/offene-ganztagsschule-2\/\">\n\t\t\t\t\t\t\t<img decoding=\"async\" width=\"191\" height=\"300\" src=\"https:\/\/xn--krnerschule-rfb.de\/wp-content\/uploads\/2022\/08\/Saeule-OGS-191x300.jpg\" class=\"attachment-medium size-medium wp-image-1515\" alt=\"\" srcset=\"https:\/\/xn--krnerschule-rfb.de\/wp-content\/uploads\/2022\/08\/Saeule-OGS-191x300.jpg 191w, https:\/\/xn--krnerschule-rfb.de\/wp-content\/uploads\/2022\/08\/Saeule-OGS-651x1024.jpg 651w, https:\/\/xn--krnerschule-rfb.de\/wp-content\/uploads\/2022\/08\/Saeule-OGS.jpg 752w\" sizes=\"(max-width: 191px) 100vw, 191px\" \/>\t\t\t\t\t\t\t\t<\/a>\n\t\t\t\t\t\t\t\t\t\t\t\t\t\t\t<\/div>\n\t\t\t\t<\/div>\n\t\t\t\t\t<\/div>\n\t\t<\/div>\n\t\t\t\t\t<\/div>\n\t\t<\/section>\n\t\t\t\t<\/div>\n\t\t","protected":false},"excerpt":{"rendered":"<p>Unsere Schule verf\u00fcgt \u00fcber drei S\u00e4ulen der Betreuung f\u00fcr Ihre Kinder.<\/p>\n","protected":false},"author":3,"featured_media":0,"parent":0,"menu_order":0,"comment_status":"closed","ping_status":"closed","template":"","meta":{"footnotes":""},"class_list":["post-1427","page","type-page","status-publish","hentry"],"_links":{"self":[{"href":"https:\/\/xn--krnerschule-rfb.de\/index.php\/wp-json\/wp\/v2\/pages\/1427","targetHints":{"allow":["GET"]}}],"collection":[{"href":"https:\/\/xn--krnerschule-rfb.de\/index.php\/wp-json\/wp\/v2\/pages"}],"about":[{"href":"https:\/\/xn--krnerschule-rfb.de\/index.php\/wp-json\/wp\/v2\/types\/page"}],"author":[{"embeddable":true,"href":"https:\/\/xn--krnerschule-rfb.de\/index.php\/wp-json\/wp\/v2\/users\/3"}],"replies":[{"embeddable":true,"href":"https:\/\/xn--krnerschule-rfb.de\/index.php\/wp-json\/wp\/v2\/comments?post=1427"}],"version-history":[{"count":23,"href":"https:\/\/xn--krnerschule-rfb.de\/index.php\/wp-json\/wp\/v2\/pages\/1427\/revisions"}],"predecessor-version":[{"id":1714,"href":"https:\/\/xn--krnerschule-rfb.de\/index.php\/wp-json\/wp\/v2\/pages\/1427\/revisions\/1714"}],"wp:attachment":[{"href":"https:\/\/xn--krnerschule-rfb.de\/index.php\/wp-json\/wp\/v2\/media?parent=1427"}],"curies":[{"name":"wp","href":"https:\/\/api.w.org\/{rel}","templated":true}]}}