{"id":1368,"date":"2021-12-23T13:50:57","date_gmt":"2021-12-23T12:50:57","guid":{"rendered":"https:\/\/xn--krnerschule-rfb.de\/?page_id=1368"},"modified":"2021-12-23T13:53:05","modified_gmt":"2021-12-23T12:53:05","slug":"mathematikwettbewerb","status":"publish","type":"page","link":"https:\/\/xn--krnerschule-rfb.de\/index.php\/mathematikwettbewerb\/","title":{"rendered":"Mathematikwettbewerb"},"content":{"rendered":"\t\t<div data-elementor-type=\"wp-page\" data-elementor-id=\"1368\" class=\"elementor elementor-1368\">\n\t\t\t\t\t\t<section class=\"elementor-section elementor-top-section elementor-element elementor-element-6eca73f elementor-section-boxed elementor-section-height-default elementor-section-height-default\" data-id=\"6eca73f\" data-element_type=\"section\" data-e-type=\"section\">\n\t\t\t\t\t\t<div class=\"elementor-container elementor-column-gap-default\">\n\t\t\t\t\t<div class=\"elementor-column elementor-col-100 elementor-top-column elementor-element elementor-element-44267b1\" data-id=\"44267b1\" data-element_type=\"column\" data-e-type=\"column\">\n\t\t\t<div class=\"elementor-widget-wrap elementor-element-populated\">\n\t\t\t\t\t\t<div class=\"elementor-element elementor-element-ef325f8 elementor-widget elementor-widget-text-editor\" data-id=\"ef325f8\" data-element_type=\"widget\" data-e-type=\"widget\" data-widget_type=\"text-editor.default\">\n\t\t\t\t<div class=\"elementor-widget-container\">\n\t\t\t\t\t\t\t\t\t<p>Jedes Jahr findet der landesweite Mathematikwettbewerb f\u00fcr Sch\u00fclerinnen und Sch\u00fcler der 4. Klassen statt. Durch den Wettbewerb sollen die Freude und das Interesse am Fach Mathematik gest\u00e4rkt werden. Auch in diesem Jahr hat die K\u00f6rnerschule an dem Wettbewerb teilgenommen und sechs Sch\u00fclerinnen und Sch\u00fcler aus der Mathe-Forder-AG ins Rennen geschickt. In der ersten Runde des Wettbewerbs mussten sie f\u00fcnf knifflige Aufgaben aus verschiedenen Bereichen der Mathematik l\u00f6sen. Alle Sch\u00fclerinnen und Sch\u00fcler hatten Spa\u00df daran, die herausfordernden Aufgaben zu l\u00f6sen. Die in der ersten Runde erreichte Punktzahlt hat leider nicht ausgereicht, um es in die zweite Runde des Wettbewerbs zu schaffen. Dies tr\u00fcbt jedoch nicht die Freude an der Teilnahme am Wettbewerb und es haben alle Teilnehmerinnen und Teilnehmer in einer feierlichen Siegerehrung eine Urkunde erhalten.<\/p>\t\t\t\t\t\t\t\t<\/div>\n\t\t\t\t<\/div>\n\t\t\t\t\t<\/div>\n\t\t<\/div>\n\t\t\t\t\t<\/div>\n\t\t<\/section>\n\t\t\t\t<section class=\"elementor-section elementor-top-section elementor-element elementor-element-1f4a8a9 elementor-section-boxed elementor-section-height-default elementor-section-height-default\" data-id=\"1f4a8a9\" data-element_type=\"section\" data-e-type=\"section\">\n\t\t\t\t\t\t<div class=\"elementor-container elementor-column-gap-default\">\n\t\t\t\t\t<div class=\"elementor-column elementor-col-100 elementor-top-column elementor-element elementor-element-90286ed\" data-id=\"90286ed\" data-element_type=\"column\" data-e-type=\"column\">\n\t\t\t<div class=\"elementor-widget-wrap elementor-element-populated\">\n\t\t\t\t\t\t<div class=\"elementor-element elementor-element-bee75b2 elementor-widget elementor-widget-image\" data-id=\"bee75b2\" data-element_type=\"widget\" data-e-type=\"widget\" data-widget_type=\"image.default\">\n\t\t\t\t<div class=\"elementor-widget-container\">\n\t\t\t\t\t\t\t\t\t\t\t\t\t\t\t<img fetchpriority=\"high\" decoding=\"async\" width=\"332\" height=\"483\" src=\"https:\/\/xn--krnerschule-rfb.de\/wp-content\/uploads\/2021\/12\/Urkunde-Mathematikwettbewerb.jpg\" class=\"attachment-large size-large wp-image-1369\" alt=\"\" srcset=\"https:\/\/xn--krnerschule-rfb.de\/wp-content\/uploads\/2021\/12\/Urkunde-Mathematikwettbewerb.jpg 332w, https:\/\/xn--krnerschule-rfb.de\/wp-content\/uploads\/2021\/12\/Urkunde-Mathematikwettbewerb-206x300.jpg 206w\" sizes=\"(max-width: 332px) 100vw, 332px\" \/>\t\t\t\t\t\t\t\t\t\t\t\t\t\t\t<\/div>\n\t\t\t\t<\/div>\n\t\t\t\t\t<\/div>\n\t\t<\/div>\n\t\t\t\t\t<\/div>\n\t\t<\/section>\n\t\t\t\t<\/div>\n\t\t","protected":false},"excerpt":{"rendered":"<p>Jedes Jahr findet der landesweite Mathematikwettbewerb f\u00fcr Sch\u00fclerinnen und Sch\u00fcler der 4. Klassen statt. Durch den Wettbewerb sollen die Freude und das Interesse am Fach Mathematik gest\u00e4rkt werden. Auch in diesem Jahr hat die K\u00f6rnerschule an dem Wettbewerb teilgenommen und sechs Sch\u00fclerinnen und Sch\u00fcler aus der Mathe-Forder-AG ins Rennen geschickt. In der ersten Runde des [&hellip;]<\/p>\n","protected":false},"author":3,"featured_media":0,"parent":0,"menu_order":0,"comment_status":"closed","ping_status":"closed","template":"","meta":{"footnotes":""},"class_list":["post-1368","page","type-page","status-publish","hentry"],"_links":{"self":[{"href":"https:\/\/xn--krnerschule-rfb.de\/index.php\/wp-json\/wp\/v2\/pages\/1368","targetHints":{"allow":["GET"]}}],"collection":[{"href":"https:\/\/xn--krnerschule-rfb.de\/index.php\/wp-json\/wp\/v2\/pages"}],"about":[{"href":"https:\/\/xn--krnerschule-rfb.de\/index.php\/wp-json\/wp\/v2\/types\/page"}],"author":[{"embeddable":true,"href":"https:\/\/xn--krnerschule-rfb.de\/index.php\/wp-json\/wp\/v2\/users\/3"}],"replies":[{"embeddable":true,"href":"https:\/\/xn--krnerschule-rfb.de\/index.php\/wp-json\/wp\/v2\/comments?post=1368"}],"version-history":[{"count":3,"href":"https:\/\/xn--krnerschule-rfb.de\/index.php\/wp-json\/wp\/v2\/pages\/1368\/revisions"}],"predecessor-version":[{"id":1372,"href":"https:\/\/xn--krnerschule-rfb.de\/index.php\/wp-json\/wp\/v2\/pages\/1368\/revisions\/1372"}],"wp:attachment":[{"href":"https:\/\/xn--krnerschule-rfb.de\/index.php\/wp-json\/wp\/v2\/media?parent=1368"}],"curies":[{"name":"wp","href":"https:\/\/api.w.org\/{rel}","templated":true}]}}