{"id":1011,"date":"2021-01-18T10:33:28","date_gmt":"2021-01-18T09:33:28","guid":{"rendered":"http:\/\/xn--krnerschule-rfb.de\/?page_id=1011"},"modified":"2021-01-18T10:37:35","modified_gmt":"2021-01-18T09:37:35","slug":"sankt-martin","status":"publish","type":"page","link":"https:\/\/xn--krnerschule-rfb.de\/index.php\/sankt-martin\/","title":{"rendered":"Sankt Martin"},"content":{"rendered":"\t\t<div data-elementor-type=\"wp-page\" data-elementor-id=\"1011\" class=\"elementor elementor-1011\">\n\t\t\t\t\t\t<section class=\"elementor-section elementor-top-section elementor-element elementor-element-b4dee19 elementor-section-boxed elementor-section-height-default elementor-section-height-default\" data-id=\"b4dee19\" data-element_type=\"section\" data-e-type=\"section\">\n\t\t\t\t\t\t<div class=\"elementor-container elementor-column-gap-default\">\n\t\t\t\t\t<div class=\"elementor-column elementor-col-100 elementor-top-column elementor-element elementor-element-3852d72\" data-id=\"3852d72\" data-element_type=\"column\" data-e-type=\"column\">\n\t\t\t<div class=\"elementor-widget-wrap elementor-element-populated\">\n\t\t\t\t\t\t<div class=\"elementor-element elementor-element-8fbad20 elementor-widget elementor-widget-text-editor\" data-id=\"8fbad20\" data-element_type=\"widget\" data-e-type=\"widget\" data-widget_type=\"text-editor.default\">\n\t\t\t\t<div class=\"elementor-widget-container\">\n\t\t\t\t\t\t\t\t\t<p>Frida interviewt unseren langj\u00e4hrigen Sankt Martin an der K\u00f6rnerschule. Viel Spa\u00df dabei!<\/p>\t\t\t\t\t\t\t\t<\/div>\n\t\t\t\t<\/div>\n\t\t\t\t\t<\/div>\n\t\t<\/div>\n\t\t\t\t\t<\/div>\n\t\t<\/section>\n\t\t\t\t<section class=\"elementor-section elementor-top-section elementor-element elementor-element-ab3b9d8 elementor-section-boxed elementor-section-height-default elementor-section-height-default\" data-id=\"ab3b9d8\" data-element_type=\"section\" data-e-type=\"section\">\n\t\t\t\t\t\t<div class=\"elementor-container elementor-column-gap-default\">\n\t\t\t\t\t<div class=\"elementor-column elementor-col-100 elementor-top-column elementor-element elementor-element-b90bbe8\" data-id=\"b90bbe8\" data-element_type=\"column\" data-e-type=\"column\">\n\t\t\t<div class=\"elementor-widget-wrap elementor-element-populated\">\n\t\t\t\t\t\t<div class=\"elementor-element elementor-element-a0726f6 elementor-widget elementor-widget-video\" data-id=\"a0726f6\" data-element_type=\"widget\" data-e-type=\"widget\" data-settings=\"{&quot;video_type&quot;:&quot;hosted&quot;,&quot;controls&quot;:&quot;yes&quot;}\" data-widget_type=\"video.default\">\n\t\t\t\t<div class=\"elementor-widget-container\">\n\t\t\t\t\t\t\t<div class=\"e-hosted-video elementor-wrapper elementor-open-inline\">\n\t\t\t\t\t<video class=\"elementor-video\" src=\"http:\/\/xn--krnerschule-rfb.de\/wp-content\/uploads\/2021\/01\/Sankt-Martin_komp.mp4\" controls=\"\" preload=\"metadata\" controlsList=\"nodownload\"><\/video>\n\t\t\t\t<\/div>\n\t\t\t\t\t\t<\/div>\n\t\t\t\t<\/div>\n\t\t\t\t\t<\/div>\n\t\t<\/div>\n\t\t\t\t\t<\/div>\n\t\t<\/section>\n\t\t\t\t<\/div>\n\t\t","protected":false},"excerpt":{"rendered":"<p>Frida interviewt unseren langj\u00e4hrigen Sankt Martin an der K\u00f6rnerschule. Viel Spa\u00df dabei! http:\/\/xn--krnerschule-rfb.de\/wp-content\/uploads\/2021\/01\/Sankt-Martin_komp.mp4<\/p>\n","protected":false},"author":3,"featured_media":0,"parent":0,"menu_order":0,"comment_status":"closed","ping_status":"closed","template":"","meta":{"footnotes":""},"class_list":["post-1011","page","type-page","status-publish","hentry"],"_links":{"self":[{"href":"https:\/\/xn--krnerschule-rfb.de\/index.php\/wp-json\/wp\/v2\/pages\/1011","targetHints":{"allow":["GET"]}}],"collection":[{"href":"https:\/\/xn--krnerschule-rfb.de\/index.php\/wp-json\/wp\/v2\/pages"}],"about":[{"href":"https:\/\/xn--krnerschule-rfb.de\/index.php\/wp-json\/wp\/v2\/types\/page"}],"author":[{"embeddable":true,"href":"https:\/\/xn--krnerschule-rfb.de\/index.php\/wp-json\/wp\/v2\/users\/3"}],"replies":[{"embeddable":true,"href":"https:\/\/xn--krnerschule-rfb.de\/index.php\/wp-json\/wp\/v2\/comments?post=1011"}],"version-history":[{"count":7,"href":"https:\/\/xn--krnerschule-rfb.de\/index.php\/wp-json\/wp\/v2\/pages\/1011\/revisions"}],"predecessor-version":[{"id":1018,"href":"https:\/\/xn--krnerschule-rfb.de\/index.php\/wp-json\/wp\/v2\/pages\/1011\/revisions\/1018"}],"wp:attachment":[{"href":"https:\/\/xn--krnerschule-rfb.de\/index.php\/wp-json\/wp\/v2\/media?parent=1011"}],"curies":[{"name":"wp","href":"https:\/\/api.w.org\/{rel}","templated":true}]}}